{"id":3988,"date":"2023-09-21T19:16:03","date_gmt":"2023-09-21T17:16:03","guid":{"rendered":"https:\/\/cosiam.net\/?page_id=3988"},"modified":"2023-09-22T00:21:21","modified_gmt":"2023-09-21T22:21:21","slug":"annual-meeting-cosiam-2020","status":"publish","type":"page","link":"https:\/\/cosiam.net\/index.php\/eventos\/annual-meeting-cosiam-2020\/","title":{"rendered":"Annual Meeting CoSIAM 2020"},"content":{"rendered":"\t\t<div data-elementor-type=\"wp-page\" data-elementor-id=\"3988\" class=\"elementor elementor-3988\">\n\t\t\t\t\t\t<section class=\"elementor-section elementor-top-section elementor-element elementor-element-7de5bba2 elementor-section-boxed elementor-section-height-default elementor-section-height-default\" data-id=\"7de5bba2\" data-element_type=\"section\" data-e-type=\"section\" data-settings=\"{&quot;background_background&quot;:&quot;classic&quot;}\">\n\t\t\t\t\t\t\t<div class=\"elementor-background-overlay\"><\/div>\n\t\t\t\t\t\t\t<div class=\"elementor-container elementor-column-gap-default\">\n\t\t\t\t\t<div class=\"elementor-column elementor-col-50 elementor-top-column elementor-element elementor-element-3f1c9376 elementor-hidden-tablet elementor-hidden-mobile\" data-id=\"3f1c9376\" data-element_type=\"column\" data-e-type=\"column\">\n\t\t\t<div class=\"elementor-widget-wrap elementor-element-populated\">\n\t\t\t\t\t\t<div class=\"elementor-element elementor-element-26297dbc elementor-widget elementor-widget-image\" data-id=\"26297dbc\" data-element_type=\"widget\" data-e-type=\"widget\" data-widget_type=\"image.default\">\n\t\t\t\t<div class=\"elementor-widget-container\">\n\t\t\t\t\t\t\t\t\t\t\t\t\t\t\t<img fetchpriority=\"high\" decoding=\"async\" width=\"235\" height=\"226\" src=\"https:\/\/cosiam.net\/wp-content\/uploads\/2023\/09\/logoseventosAM20.png\" class=\"attachment-large size-large wp-image-3991\" alt=\"\" \/>\t\t\t\t\t\t\t\t\t\t\t\t\t\t\t<\/div>\n\t\t\t\t<\/div>\n\t\t\t\t\t<\/div>\n\t\t<\/div>\n\t\t\t\t<div class=\"elementor-column elementor-col-50 elementor-top-column elementor-element elementor-element-16bb001d\" data-id=\"16bb001d\" data-element_type=\"column\" data-e-type=\"column\">\n\t\t\t<div class=\"elementor-widget-wrap elementor-element-populated\">\n\t\t\t\t\t\t<div class=\"elementor-element elementor-element-1b04df4d elementor-widget__width-auto animated-slow elementor-invisible elementor-widget elementor-widget-heading\" data-id=\"1b04df4d\" data-element_type=\"widget\" data-e-type=\"widget\" data-settings=\"{&quot;_animation&quot;:&quot;fadeInLeft&quot;,&quot;_animation_tablet&quot;:&quot;none&quot;}\" data-widget_type=\"heading.default\">\n\t\t\t\t<div class=\"elementor-widget-container\">\n\t\t\t\t\t<h2 class=\"elementor-heading-title elementor-size-default\">Annual Meeting CoSIAM<\/h2>\t\t\t\t<\/div>\n\t\t\t\t<\/div>\n\t\t\t\t<div class=\"elementor-element elementor-element-61b6652e animated-slow elementor-invisible elementor-widget elementor-widget-podover_elementor_heading\" data-id=\"61b6652e\" data-element_type=\"widget\" data-e-type=\"widget\" data-settings=\"{&quot;_animation&quot;:&quot;ova-move-up&quot;,&quot;_animation_tablet&quot;:&quot;none&quot;,&quot;_animation_delay&quot;:100}\" data-widget_type=\"podover_elementor_heading.default\">\n\t\t\t\t<div class=\"elementor-widget-container\">\n\t\t\t\t\t\t\t<div class=\"ova-title\">\n\n\t\t\t\n\t\t\t\t\t\t\t\t\t\t\t\t\t<h2 class=\"title\">\n\t\t\t\t\t\t\t2020\t\t\t\t\t\t<\/h2>\n\n\t\t\t\t\t\t\t\n\t\t\t\t\t\t\t<p class=\"description\"> 27 de Noviembre de 2020 <\/p>\n\t\t\t\n\t\t<\/div> \n\t\t\t\t\t\t<\/div>\n\t\t\t\t<\/div>\n\t\t\t\t\t<\/div>\n\t\t<\/div>\n\t\t\t\t\t<\/div>\n\t\t<\/section>\n\t\t\t\t<section class=\"elementor-section elementor-top-section elementor-element elementor-element-733232d6 elementor-section-boxed elementor-section-height-default elementor-section-height-default\" data-id=\"733232d6\" data-element_type=\"section\" data-e-type=\"section\">\n\t\t\t\t\t\t<div class=\"elementor-container elementor-column-gap-default\">\n\t\t\t\t\t<div class=\"elementor-column elementor-col-50 elementor-top-column elementor-element elementor-element-4a1f787e\" data-id=\"4a1f787e\" data-element_type=\"column\" data-e-type=\"column\">\n\t\t\t<div class=\"elementor-widget-wrap elementor-element-populated\">\n\t\t\t\t\t\t<div class=\"elementor-element elementor-element-2439dc19 elementor-widget elementor-widget-image\" data-id=\"2439dc19\" data-element_type=\"widget\" data-e-type=\"widget\" data-widget_type=\"image.default\">\n\t\t\t\t<div class=\"elementor-widget-container\">\n\t\t\t\t\t\t\t\t\t\t\t\t\t\t\t<img decoding=\"async\" width=\"600\" height=\"600\" src=\"https:\/\/cosiam.net\/wp-content\/uploads\/2023\/09\/minisSimonbolivar.jpg\" class=\"attachment-large size-large wp-image-3996\" alt=\"\" srcset=\"https:\/\/cosiam.net\/wp-content\/uploads\/2023\/09\/minisSimonbolivar.jpg 600w, https:\/\/cosiam.net\/wp-content\/uploads\/2023\/09\/minisSimonbolivar-300x300.jpg 300w, https:\/\/cosiam.net\/wp-content\/uploads\/2023\/09\/minisSimonbolivar-150x150.jpg 150w\" sizes=\"(max-width: 600px) 100vw, 600px\" \/>\t\t\t\t\t\t\t\t\t\t\t\t\t\t\t<\/div>\n\t\t\t\t<\/div>\n\t\t\t\t\t<\/div>\n\t\t<\/div>\n\t\t\t\t<div class=\"elementor-column elementor-col-50 elementor-top-column elementor-element elementor-element-5d7da5fe\" data-id=\"5d7da5fe\" data-element_type=\"column\" data-e-type=\"column\">\n\t\t\t<div class=\"elementor-widget-wrap elementor-element-populated\">\n\t\t\t\t\t\t<div class=\"elementor-element elementor-element-603721ac elementor-widget elementor-widget-podover_elementor_heading\" data-id=\"603721ac\" data-element_type=\"widget\" data-e-type=\"widget\" data-widget_type=\"podover_elementor_heading.default\">\n\t\t\t\t<div class=\"elementor-widget-container\">\n\t\t\t\t\t\t\t<div class=\"ova-title\">\n\n\t\t\t\n\t\t\t\t\t\t\t\t\t\t\t\t\t<h2 class=\"title\">\n\t\t\t\t\t\t\tAgenda\t\t\t\t\t\t<\/h2>\n\n\t\t\t\t\t\t\t\n\t\t\t\n\t\t<\/div> \n\t\t\t\t\t\t<\/div>\n\t\t\t\t<\/div>\n\t\t\t\t<div class=\"elementor-element elementor-element-2e1b7fdf elementor-widget elementor-widget-text-editor\" data-id=\"2e1b7fdf\" data-element_type=\"widget\" data-e-type=\"widget\" data-widget_type=\"text-editor.default\">\n\t\t\t\t<div class=\"elementor-widget-container\">\n\t\t\t\t\t\t\t\t\t<p>Esta reuni\u00f3n tendr\u00e1 lugar el 27 de noviembre a las 18:00 hora colombiana y en ella realizaremos las siguientes actividades:<\/p><ul><li><span style=\"color: var(--text); font-family: var(--primary-font); font-size: var(--font-size); letter-spacing: var(--letter-spacing);\">Conferencia: Retos en la creaci\u00f3n de programas de matem\u00e1ticas aplicadas en el pa\u00eds: fortaleciendo nuestra comunidad acad\u00e9mica e investigativa. A cargo de Juan Pablo Salazar, Jefe del Departamento de Ciencias B\u00e1sicas de la Universidad Sim\u00f3n Bol\u00edvar Sede C\u00facuta.<\/span><\/li><li>Presentaci\u00f3n del informe de gesti\u00f3n de la Secci\u00f3n Colombiana de SIAM del a\u00f1o 2020.<\/li><li>Presentaci\u00f3n del plan de acci\u00f3n de la Secci\u00f3n Colombiana de SIAM para el a\u00f1o 2021.<\/li><\/ul><p>Esta reuni\u00f3n tendr\u00e1 lugar a trav\u00e9s de:<\/p><p>Enlace: https:\/\/javerianacali-edu-co.zoom.us\/j\/83149130977<\/p><p>ID de reuni\u00f3n: 831 4913 0977<\/p><p>C\u00f3digo de acceso: Cosiam2020<\/p><p>Los esperamos.<\/p>\t\t\t\t\t\t\t\t<\/div>\n\t\t\t\t<\/div>\n\t\t\t\t\t<\/div>\n\t\t<\/div>\n\t\t\t\t\t<\/div>\n\t\t<\/section>\n\t\t<div class=\"elementor-element elementor-element-3d1d1fce e-flex e-con-boxed e-con e-parent\" data-id=\"3d1d1fce\" data-element_type=\"container\" data-e-type=\"container\">\n\t\t\t\t\t<div class=\"e-con-inner\">\n\t\t<div class=\"elementor-element elementor-element-fd64d30 e-con-full e-flex e-con e-child\" data-id=\"fd64d30\" data-element_type=\"container\" data-e-type=\"container\">\n\t\t<div class=\"elementor-element elementor-element-787b846c e-con-full e-flex e-con e-child\" data-id=\"787b846c\" data-element_type=\"container\" data-e-type=\"container\">\n\t\t\t\t<div class=\"elementor-element elementor-element-b1bb058 elementor-position-top elementor-widget elementor-widget-image-box\" data-id=\"b1bb058\" data-element_type=\"widget\" data-e-type=\"widget\" data-widget_type=\"image-box.default\">\n\t\t\t\t<div class=\"elementor-widget-container\">\n\t\t\t\t\t<div class=\"elementor-image-box-wrapper\"><figure class=\"elementor-image-box-img\"><img decoding=\"async\" width=\"600\" height=\"600\" src=\"https:\/\/cosiam.net\/wp-content\/uploads\/2023\/09\/minisJuanpablo.jpg\" class=\"elementor-animation-float attachment-full size-full wp-image-3992\" alt=\"\" srcset=\"https:\/\/cosiam.net\/wp-content\/uploads\/2023\/09\/minisJuanpablo.jpg 600w, https:\/\/cosiam.net\/wp-content\/uploads\/2023\/09\/minisJuanpablo-300x300.jpg 300w, https:\/\/cosiam.net\/wp-content\/uploads\/2023\/09\/minisJuanpablo-150x150.jpg 150w\" sizes=\"(max-width: 600px) 100vw, 600px\" \/><\/figure><div class=\"elementor-image-box-content\"><h4 class=\"elementor-image-box-title\">Conferencia acad\u00e9mica<\/h4><p class=\"elementor-image-box-description\">Juan Pablo Salazar, Jefe del Departamento de Ciencias B\u00e1sicas de la Universidad Sim\u00f3n Bol\u00edvar Sede C\u00facuta.<\/p><\/div><\/div>\t\t\t\t<\/div>\n\t\t\t\t<\/div>\n\t\t\t\t<\/div>\n\t\t<div class=\"elementor-element elementor-element-396eac52 e-con-full e-flex e-con e-child\" data-id=\"396eac52\" data-element_type=\"container\" data-e-type=\"container\">\n\t\t\t\t<div class=\"elementor-element elementor-element-43693a12 elementor-position-top elementor-widget elementor-widget-image-box\" data-id=\"43693a12\" data-element_type=\"widget\" data-e-type=\"widget\" data-widget_type=\"image-box.default\">\n\t\t\t\t<div class=\"elementor-widget-container\">\n\t\t\t\t\t<div class=\"elementor-image-box-wrapper\"><figure class=\"elementor-image-box-img\"><a href=\"#\" tabindex=\"-1\"><img loading=\"lazy\" decoding=\"async\" width=\"600\" height=\"600\" src=\"https:\/\/cosiam.net\/wp-content\/uploads\/2023\/09\/minisReport.jpg\" class=\"elementor-animation-float attachment-full size-full wp-image-3942\" alt=\"\" srcset=\"https:\/\/cosiam.net\/wp-content\/uploads\/2023\/09\/minisReport.jpg 600w, https:\/\/cosiam.net\/wp-content\/uploads\/2023\/09\/minisReport-300x300.jpg 300w, https:\/\/cosiam.net\/wp-content\/uploads\/2023\/09\/minisReport-150x150.jpg 150w\" sizes=\"(max-width: 600px) 100vw, 600px\" \/><\/a><\/figure><div class=\"elementor-image-box-content\"><h4 class=\"elementor-image-box-title\"><a href=\"#\">Socializaci\u00f3n de resultados y acciones del periodo\u200b\u200b<\/a><\/h4><\/div><\/div>\t\t\t\t<\/div>\n\t\t\t\t<\/div>\n\t\t\t\t<\/div>\n\t\t<div class=\"elementor-element elementor-element-44e943a2 e-con-full e-flex e-con e-child\" data-id=\"44e943a2\" data-element_type=\"container\" data-e-type=\"container\">\n\t\t\t\t<div class=\"elementor-element elementor-element-688ed2b4 elementor-position-top elementor-widget elementor-widget-image-box\" data-id=\"688ed2b4\" data-element_type=\"widget\" data-e-type=\"widget\" data-widget_type=\"image-box.default\">\n\t\t\t\t<div class=\"elementor-widget-container\">\n\t\t\t\t\t<div class=\"elementor-image-box-wrapper\"><figure class=\"elementor-image-box-img\"><a href=\"#\" tabindex=\"-1\"><img loading=\"lazy\" decoding=\"async\" width=\"600\" height=\"600\" src=\"https:\/\/cosiam.net\/wp-content\/uploads\/2023\/09\/minisPlan.jpg\" class=\"elementor-animation-float attachment-full size-full wp-image-3943\" alt=\"\" srcset=\"https:\/\/cosiam.net\/wp-content\/uploads\/2023\/09\/minisPlan.jpg 600w, https:\/\/cosiam.net\/wp-content\/uploads\/2023\/09\/minisPlan-300x300.jpg 300w, https:\/\/cosiam.net\/wp-content\/uploads\/2023\/09\/minisPlan-150x150.jpg 150w\" sizes=\"(max-width: 600px) 100vw, 600px\" \/><\/a><\/figure><div class=\"elementor-image-box-content\"><h4 class=\"elementor-image-box-title\"><a href=\"#\">Acto social<\/a><\/h4><\/div><\/div>\t\t\t\t<\/div>\n\t\t\t\t<\/div>\n\t\t\t\t<\/div>\n\t\t\t\t<\/div>\n\t\t\t\t\t<\/div>\n\t\t\t\t<\/div>\n\t\t\t\t<\/div>\n\t\t","protected":false},"excerpt":{"rendered":"<p>Annual Meeting CoSIAM 2020 27 de Noviembre de 2020 Agenda Esta reuni\u00f3n tendr\u00e1 lugar el 27 de noviembre a las 18:00 hora colombiana y en ella realizaremos las siguientes actividades: Conferencia: Retos en la creaci\u00f3n de programas de matem\u00e1ticas aplicadas en el pa\u00eds: fortaleciendo nuestra comunidad acad\u00e9mica e investigativa. A cargo de Juan Pablo Salazar, [&hellip;]<\/p>\n","protected":false},"author":1,"featured_media":0,"parent":25,"menu_order":0,"comment_status":"closed","ping_status":"closed","template":"elementor_header_footer","meta":{"give_campaign_id":0,"footnotes":""},"class_list":["post-3988","page","type-page","status-publish","hentry"],"campaignId":"","_links":{"self":[{"href":"https:\/\/cosiam.net\/index.php\/wp-json\/wp\/v2\/pages\/3988","targetHints":{"allow":["GET"]}}],"collection":[{"href":"https:\/\/cosiam.net\/index.php\/wp-json\/wp\/v2\/pages"}],"about":[{"href":"https:\/\/cosiam.net\/index.php\/wp-json\/wp\/v2\/types\/page"}],"author":[{"embeddable":true,"href":"https:\/\/cosiam.net\/index.php\/wp-json\/wp\/v2\/users\/1"}],"replies":[{"embeddable":true,"href":"https:\/\/cosiam.net\/index.php\/wp-json\/wp\/v2\/comments?post=3988"}],"version-history":[{"count":10,"href":"https:\/\/cosiam.net\/index.php\/wp-json\/wp\/v2\/pages\/3988\/revisions"}],"predecessor-version":[{"id":4006,"href":"https:\/\/cosiam.net\/index.php\/wp-json\/wp\/v2\/pages\/3988\/revisions\/4006"}],"up":[{"embeddable":true,"href":"https:\/\/cosiam.net\/index.php\/wp-json\/wp\/v2\/pages\/25"}],"wp:attachment":[{"href":"https:\/\/cosiam.net\/index.php\/wp-json\/wp\/v2\/media?parent=3988"}],"curies":[{"name":"wp","href":"https:\/\/api.w.org\/{rel}","templated":true}]}}