{"id":4084,"date":"2023-09-21T23:20:44","date_gmt":"2023-09-21T21:20:44","guid":{"rendered":"https:\/\/cosiam.net\/?page_id=4084"},"modified":"2023-09-27T16:25:47","modified_gmt":"2023-09-27T14:25:47","slug":"nodos","status":"publish","type":"page","link":"https:\/\/cosiam.net\/index.php\/comunidad\/nodos\/","title":{"rendered":"Nodos"},"content":{"rendered":"\t\t<div data-elementor-type=\"wp-page\" data-elementor-id=\"4084\" class=\"elementor elementor-4084\">\n\t\t\t\t\t\t<section class=\"elementor-section elementor-top-section elementor-element elementor-element-9a7c7c6 elementor-section-boxed elementor-section-height-default elementor-section-height-default\" data-id=\"9a7c7c6\" data-element_type=\"section\" data-e-type=\"section\" data-settings=\"{&quot;background_background&quot;:&quot;classic&quot;}\">\n\t\t\t\t\t\t\t<div class=\"elementor-background-overlay\"><\/div>\n\t\t\t\t\t\t\t<div class=\"elementor-container elementor-column-gap-no\">\n\t\t\t\t\t<div class=\"elementor-column elementor-col-100 elementor-top-column elementor-element elementor-element-6d20720\" data-id=\"6d20720\" data-element_type=\"column\" data-e-type=\"column\">\n\t\t\t<div class=\"elementor-widget-wrap elementor-element-populated\">\n\t\t\t\t\t\t<div class=\"elementor-element elementor-element-e1abc7c animated-slow elementor-widget__width-initial elementor-invisible elementor-widget elementor-widget-heading\" data-id=\"e1abc7c\" data-element_type=\"widget\" data-e-type=\"widget\" data-settings=\"{&quot;_animation&quot;:&quot;ova-move-left&quot;,&quot;_animation_tablet&quot;:&quot;none&quot;,&quot;_animation_delay&quot;:100}\" data-widget_type=\"heading.default\">\n\t\t\t\t<div class=\"elementor-widget-container\">\n\t\t\t\t\t<h2 class=\"elementor-heading-title elementor-size-default\">Nodos<\/h2>\t\t\t\t<\/div>\n\t\t\t\t<\/div>\n\t\t\t\t\t<\/div>\n\t\t<\/div>\n\t\t\t\t\t<\/div>\n\t\t<\/section>\n\t\t<div class=\"elementor-element elementor-element-60d3c0da e-flex e-con-boxed e-con e-parent\" data-id=\"60d3c0da\" data-element_type=\"container\" data-e-type=\"container\">\n\t\t\t\t\t<div class=\"e-con-inner\">\n\t\t<div class=\"elementor-element elementor-element-f24d8 e-con-full e-flex e-con e-child\" data-id=\"f24d8\" data-element_type=\"container\" data-e-type=\"container\">\n\t\t<div class=\"elementor-element elementor-element-4886b32b e-con-full e-flex e-con e-child\" data-id=\"4886b32b\" data-element_type=\"container\" data-e-type=\"container\">\n\t\t\t\t<div class=\"elementor-element elementor-element-274a5af elementor-widget elementor-widget-heading\" data-id=\"274a5af\" data-element_type=\"widget\" data-e-type=\"widget\" data-widget_type=\"heading.default\">\n\t\t\t\t<div class=\"elementor-widget-container\">\n\t\t\t\t\t<p class=\"elementor-heading-title elementor-size-default\">Norte<\/p>\t\t\t\t<\/div>\n\t\t\t\t<\/div>\n\t\t\t\t<div class=\"elementor-element elementor-element-312b69bb elementor-position-top elementor-widget elementor-widget-image-box\" data-id=\"312b69bb\" data-element_type=\"widget\" data-e-type=\"widget\" data-widget_type=\"image-box.default\">\n\t\t\t\t<div class=\"elementor-widget-container\">\n\t\t\t\t\t<div class=\"elementor-image-box-wrapper\"><figure class=\"elementor-image-box-img\"><a href=\"https:\/\/www.linkedin.com\/in\/jeyms-villanueva-cantillo-9671a767\/\" target=\"_blank\" tabindex=\"-1\"><img fetchpriority=\"high\" decoding=\"async\" width=\"600\" height=\"600\" src=\"https:\/\/cosiam.net\/wp-content\/uploads\/2023\/09\/minisJeyms.jpg\" class=\"elementor-animation-float attachment-full size-full wp-image-4092\" alt=\"\" srcset=\"https:\/\/cosiam.net\/wp-content\/uploads\/2023\/09\/minisJeyms.jpg 600w, https:\/\/cosiam.net\/wp-content\/uploads\/2023\/09\/minisJeyms-300x300.jpg 300w, https:\/\/cosiam.net\/wp-content\/uploads\/2023\/09\/minisJeyms-150x150.jpg 150w\" sizes=\"(max-width: 600px) 100vw, 600px\" \/><\/a><\/figure><div class=\"elementor-image-box-content\"><h4 class=\"elementor-image-box-title\"><a href=\"https:\/\/www.linkedin.com\/in\/jeyms-villanueva-cantillo-9671a767\/\" target=\"_blank\">L\u00edder: Jeyms Villanueva Cantillo<\/a><\/h4><p class=\"elementor-image-box-description\">Instituci\u00f3n: Universidad Sim\u00f3n Bol\u00edvar<br>\nCiudad: Barranquilla<br>\nMail: jvillanueva9@unisimonbolivar.edu.co\n<\/p><\/div><\/div>\t\t\t\t<\/div>\n\t\t\t\t<\/div>\n\t\t\t\t<\/div>\n\t\t<div class=\"elementor-element elementor-element-43372d66 e-con-full e-flex e-con e-child\" data-id=\"43372d66\" data-element_type=\"container\" data-e-type=\"container\">\n\t\t\t\t<div class=\"elementor-element elementor-element-b28c476 elementor-widget elementor-widget-heading\" data-id=\"b28c476\" data-element_type=\"widget\" data-e-type=\"widget\" data-widget_type=\"heading.default\">\n\t\t\t\t<div class=\"elementor-widget-container\">\n\t\t\t\t\t<p class=\"elementor-heading-title elementor-size-default\">Centro<\/p>\t\t\t\t<\/div>\n\t\t\t\t<\/div>\n\t\t\t\t<div class=\"elementor-element elementor-element-2f7c3204 elementor-position-top elementor-widget elementor-widget-image-box\" data-id=\"2f7c3204\" data-element_type=\"widget\" data-e-type=\"widget\" data-widget_type=\"image-box.default\">\n\t\t\t\t<div class=\"elementor-widget-container\">\n\t\t\t\t\t<div class=\"elementor-image-box-wrapper\"><figure class=\"elementor-image-box-img\"><a href=\"https:\/\/www.linkedin.com\/in\/adriana-victoria-araujo-salcedo-572197230\/\" target=\"_blank\" tabindex=\"-1\"><img decoding=\"async\" width=\"600\" height=\"600\" src=\"https:\/\/cosiam.net\/wp-content\/uploads\/2023\/09\/minisAdrianaaraujo.jpg\" class=\"elementor-animation-float attachment-full size-full wp-image-4091\" alt=\"\" srcset=\"https:\/\/cosiam.net\/wp-content\/uploads\/2023\/09\/minisAdrianaaraujo.jpg 600w, https:\/\/cosiam.net\/wp-content\/uploads\/2023\/09\/minisAdrianaaraujo-300x300.jpg 300w, https:\/\/cosiam.net\/wp-content\/uploads\/2023\/09\/minisAdrianaaraujo-150x150.jpg 150w\" sizes=\"(max-width: 600px) 100vw, 600px\" \/><\/a><\/figure><div class=\"elementor-image-box-content\"><h4 class=\"elementor-image-box-title\"><a href=\"https:\/\/www.linkedin.com\/in\/adriana-victoria-araujo-salcedo-572197230\/\" target=\"_blank\">L\u00edder: Adriana Araujo<\/a><\/h4><p class=\"elementor-image-box-description\">Instituci\u00f3n: Universidad Sergio Arboleda<br>\nCiudad: Bogot\u00e1 DC<br>\nMail: adriana.araujo02@correo.usa.edu.co\n<\/p><\/div><\/div>\t\t\t\t<\/div>\n\t\t\t\t<\/div>\n\t\t\t\t<\/div>\n\t\t<div class=\"elementor-element elementor-element-5c407224 e-con-full e-flex e-con e-child\" data-id=\"5c407224\" data-element_type=\"container\" data-e-type=\"container\">\n\t\t\t\t<div class=\"elementor-element elementor-element-11c87dd elementor-widget elementor-widget-heading\" data-id=\"11c87dd\" data-element_type=\"widget\" data-e-type=\"widget\" data-widget_type=\"heading.default\">\n\t\t\t\t<div class=\"elementor-widget-container\">\n\t\t\t\t\t<p class=\"elementor-heading-title elementor-size-default\">Santanderes<\/p>\t\t\t\t<\/div>\n\t\t\t\t<\/div>\n\t\t\t\t<div class=\"elementor-element elementor-element-75be408a elementor-position-top elementor-widget elementor-widget-image-box\" data-id=\"75be408a\" data-element_type=\"widget\" data-e-type=\"widget\" data-widget_type=\"image-box.default\">\n\t\t\t\t<div class=\"elementor-widget-container\">\n\t\t\t\t\t<div class=\"elementor-image-box-wrapper\"><figure class=\"elementor-image-box-img\"><a href=\"https:\/\/www.linkedin.com\/in\/juan-pablo-salazar-torres-50843bb8\/\" target=\"_blank\" tabindex=\"-1\"><img decoding=\"async\" width=\"600\" height=\"600\" src=\"https:\/\/cosiam.net\/wp-content\/uploads\/2023\/09\/minisJuanpablo.jpg\" class=\"elementor-animation-float attachment-full size-full wp-image-3992\" alt=\"\" srcset=\"https:\/\/cosiam.net\/wp-content\/uploads\/2023\/09\/minisJuanpablo.jpg 600w, https:\/\/cosiam.net\/wp-content\/uploads\/2023\/09\/minisJuanpablo-300x300.jpg 300w, https:\/\/cosiam.net\/wp-content\/uploads\/2023\/09\/minisJuanpablo-150x150.jpg 150w\" sizes=\"(max-width: 600px) 100vw, 600px\" \/><\/a><\/figure><div class=\"elementor-image-box-content\"><h4 class=\"elementor-image-box-title\"><a href=\"https:\/\/www.linkedin.com\/in\/juan-pablo-salazar-torres-50843bb8\/\" target=\"_blank\">L\u00edder: Juan Pablo Salazar<\/a><\/h4><p class=\"elementor-image-box-description\">Instituci\u00f3n: Universidad Sim\u00f3n Bol\u00edvar<br>\nCiudad: C\u00facuta<br>\nMail: j.salazar@unisimonbolivar.edu.co \n<\/p><\/div><\/div>\t\t\t\t<\/div>\n\t\t\t\t<\/div>\n\t\t\t\t<\/div>\n\t\t\t\t<\/div>\n\t\t\t\t\t<\/div>\n\t\t\t\t<\/div>\n\t\t<div class=\"elementor-element elementor-element-a4511f4 e-flex e-con-boxed e-con e-parent\" data-id=\"a4511f4\" data-element_type=\"container\" data-e-type=\"container\">\n\t\t\t\t\t<div class=\"e-con-inner\">\n\t\t<div class=\"elementor-element elementor-element-19bc8c4 e-con-full e-flex e-con e-child\" data-id=\"19bc8c4\" data-element_type=\"container\" data-e-type=\"container\">\n\t\t<div class=\"elementor-element elementor-element-c616d74 e-con-full e-flex e-con e-child\" data-id=\"c616d74\" data-element_type=\"container\" data-e-type=\"container\">\n\t\t\t\t<div class=\"elementor-element elementor-element-c5653fc elementor-widget elementor-widget-heading\" data-id=\"c5653fc\" data-element_type=\"widget\" data-e-type=\"widget\" data-widget_type=\"heading.default\">\n\t\t\t\t<div class=\"elementor-widget-container\">\n\t\t\t\t\t<p class=\"elementor-heading-title elementor-size-default\">Antioquia<\/p>\t\t\t\t<\/div>\n\t\t\t\t<\/div>\n\t\t\t\t<div class=\"elementor-element elementor-element-9de3cd2 elementor-position-top elementor-widget elementor-widget-image-box\" data-id=\"9de3cd2\" data-element_type=\"widget\" data-e-type=\"widget\" data-widget_type=\"image-box.default\">\n\t\t\t\t<div class=\"elementor-widget-container\">\n\t\t\t\t\t<div class=\"elementor-image-box-wrapper\"><figure class=\"elementor-image-box-img\"><a href=\"https:\/\/www.linkedin.com\/in\/sebastian-zapatar\/\" target=\"_blank\" tabindex=\"-1\"><img loading=\"lazy\" decoding=\"async\" width=\"600\" height=\"600\" src=\"https:\/\/cosiam.net\/wp-content\/uploads\/2023\/09\/minisSebastian.jpg\" class=\"elementor-animation-float attachment-full size-full wp-image-4930\" alt=\"\" srcset=\"https:\/\/cosiam.net\/wp-content\/uploads\/2023\/09\/minisSebastian.jpg 600w, https:\/\/cosiam.net\/wp-content\/uploads\/2023\/09\/minisSebastian-300x300.jpg 300w, https:\/\/cosiam.net\/wp-content\/uploads\/2023\/09\/minisSebastian-150x150.jpg 150w\" sizes=\"(max-width: 600px) 100vw, 600px\" \/><\/a><\/figure><div class=\"elementor-image-box-content\"><h4 class=\"elementor-image-box-title\"><a href=\"https:\/\/www.linkedin.com\/in\/sebastian-zapatar\/\" target=\"_blank\">L\u00edder: Sebastian Zapata<\/a><\/h4><p class=\"elementor-image-box-description\">\nInstituci\u00f3n: Universidad EIA<br>\nCiudad: Medell\u00edn<br>\nMail: sebastian.zapata23@eia.edu.co\n<\/p><\/div><\/div>\t\t\t\t<\/div>\n\t\t\t\t<\/div>\n\t\t\t\t<\/div>\n\t\t<div class=\"elementor-element elementor-element-82fdb74 e-con-full e-flex e-con e-child\" data-id=\"82fdb74\" data-element_type=\"container\" data-e-type=\"container\">\n\t\t\t\t<div class=\"elementor-element elementor-element-36fc87d elementor-widget elementor-widget-heading\" data-id=\"36fc87d\" data-element_type=\"widget\" data-e-type=\"widget\" data-widget_type=\"heading.default\">\n\t\t\t\t<div class=\"elementor-widget-container\">\n\t\t\t\t\t<p class=\"elementor-heading-title elementor-size-default\"><a href=\"https:\/\/www.linkedin.com\/in\/abel-alvarez-bustos-2769631a6\/\" target=\"_blank\">Suroccidente<\/a><\/p>\t\t\t\t<\/div>\n\t\t\t\t<\/div>\n\t\t\t\t<div class=\"elementor-element elementor-element-68503c5 elementor-position-top elementor-widget elementor-widget-image-box\" data-id=\"68503c5\" data-element_type=\"widget\" data-e-type=\"widget\" data-widget_type=\"image-box.default\">\n\t\t\t\t<div class=\"elementor-widget-container\">\n\t\t\t\t\t<div class=\"elementor-image-box-wrapper\"><figure class=\"elementor-image-box-img\"><a href=\"https:\/\/www.linkedin.com\/in\/abel-alvarez-bustos-2769631a6\/\" target=\"_blank\" tabindex=\"-1\"><img loading=\"lazy\" decoding=\"async\" width=\"600\" height=\"600\" src=\"https:\/\/cosiam.net\/wp-content\/uploads\/2023\/09\/minisAbel.jpg\" class=\"elementor-animation-float attachment-full size-full wp-image-4097\" alt=\"\" srcset=\"https:\/\/cosiam.net\/wp-content\/uploads\/2023\/09\/minisAbel.jpg 600w, https:\/\/cosiam.net\/wp-content\/uploads\/2023\/09\/minisAbel-300x300.jpg 300w, https:\/\/cosiam.net\/wp-content\/uploads\/2023\/09\/minisAbel-150x150.jpg 150w\" sizes=\"(max-width: 600px) 100vw, 600px\" \/><\/a><\/figure><div class=\"elementor-image-box-content\"><h4 class=\"elementor-image-box-title\"><a href=\"https:\/\/www.linkedin.com\/in\/abel-alvarez-bustos-2769631a6\/\" target=\"_blank\">L\u00edder: Abel Alvarez Bustos<\/a><\/h4><p class=\"elementor-image-box-description\">Instituci\u00f3n: Pontificia Universidad Javeriana Cali<br>\nCiudad: Cali<br>\nMail: abel.alvarez@javerianacali.edu.co\n<\/p><\/div><\/div>\t\t\t\t<\/div>\n\t\t\t\t<\/div>\n\t\t\t\t<\/div>\n\t\t<div class=\"elementor-element elementor-element-4376f97 e-con-full e-flex e-con e-child\" data-id=\"4376f97\" data-element_type=\"container\" data-e-type=\"container\">\n\t\t\t\t<div class=\"elementor-element elementor-element-47fdca7 elementor-widget elementor-widget-heading\" data-id=\"47fdca7\" data-element_type=\"widget\" data-e-type=\"widget\" data-widget_type=\"heading.default\">\n\t\t\t\t<div class=\"elementor-widget-container\">\n\t\t\t\t\t<p class=\"elementor-heading-title elementor-size-default\">Zona cafetera<\/p>\t\t\t\t<\/div>\n\t\t\t\t<\/div>\n\t\t\t\t<div class=\"elementor-element elementor-element-4021b68 elementor-position-top elementor-widget elementor-widget-image-box\" data-id=\"4021b68\" data-element_type=\"widget\" data-e-type=\"widget\" data-widget_type=\"image-box.default\">\n\t\t\t\t<div class=\"elementor-widget-container\">\n\t\t\t\t\t<div class=\"elementor-image-box-wrapper\"><figure class=\"elementor-image-box-img\"><a href=\"https:\/\/www.linkedin.com\/in\/cesar-acosta-minoli-1b68ab175\/\" target=\"_blank\" tabindex=\"-1\"><img loading=\"lazy\" decoding=\"async\" width=\"600\" height=\"600\" src=\"https:\/\/cosiam.net\/wp-content\/uploads\/2023\/09\/minisCesaracosta.jpg\" class=\"elementor-animation-float attachment-full size-full wp-image-4101\" alt=\"\" srcset=\"https:\/\/cosiam.net\/wp-content\/uploads\/2023\/09\/minisCesaracosta.jpg 600w, https:\/\/cosiam.net\/wp-content\/uploads\/2023\/09\/minisCesaracosta-300x300.jpg 300w, https:\/\/cosiam.net\/wp-content\/uploads\/2023\/09\/minisCesaracosta-150x150.jpg 150w\" sizes=\"(max-width: 600px) 100vw, 600px\" \/><\/a><\/figure><div class=\"elementor-image-box-content\"><h4 class=\"elementor-image-box-title\"><a href=\"https:\/\/www.linkedin.com\/in\/cesar-acosta-minoli-1b68ab175\/\" target=\"_blank\">L\u00edder: Cesar Acosta Minolli<\/a><\/h4><p class=\"elementor-image-box-description\">Instituci\u00f3n: Universidad del Quind\u00edo<br>\nCiudad: Armenia<br>\nMail: cminoli@uniquindio.edu.co\n<\/p><\/div><\/div>\t\t\t\t<\/div>\n\t\t\t\t<\/div>\n\t\t\t\t<\/div>\n\t\t\t\t<\/div>\n\t\t\t\t\t<\/div>\n\t\t\t\t<\/div>\n\t\t\t\t<\/div>\n\t\t","protected":false},"excerpt":{"rendered":"<p>Nodos Norte L\u00edder: Jeyms Villanueva Cantillo Instituci\u00f3n: Universidad Sim\u00f3n Bol\u00edvar Ciudad: Barranquilla Mail: jvillanueva9@unisimonbolivar.edu.co Centro L\u00edder: Adriana Araujo Instituci\u00f3n: Universidad Sergio Arboleda Ciudad: Bogot\u00e1 DC Mail: adriana.araujo02@correo.usa.edu.co Santanderes L\u00edder: Juan Pablo Salazar Instituci\u00f3n: Universidad Sim\u00f3n Bol\u00edvar Ciudad: C\u00facuta Mail: j.salazar@unisimonbolivar.edu.co Antioquia L\u00edder: Sebastian Zapata Instituci\u00f3n: Universidad EIA Ciudad: Medell\u00edn Mail: sebastian.zapata23@eia.edu.co Suroccidente L\u00edder: Abel Alvarez [&hellip;]<\/p>\n","protected":false},"author":1,"featured_media":0,"parent":4076,"menu_order":0,"comment_status":"closed","ping_status":"closed","template":"elementor_header_footer","meta":{"give_campaign_id":0,"footnotes":""},"class_list":["post-4084","page","type-page","status-publish","hentry"],"campaignId":"","_links":{"self":[{"href":"https:\/\/cosiam.net\/index.php\/wp-json\/wp\/v2\/pages\/4084","targetHints":{"allow":["GET"]}}],"collection":[{"href":"https:\/\/cosiam.net\/index.php\/wp-json\/wp\/v2\/pages"}],"about":[{"href":"https:\/\/cosiam.net\/index.php\/wp-json\/wp\/v2\/types\/page"}],"author":[{"embeddable":true,"href":"https:\/\/cosiam.net\/index.php\/wp-json\/wp\/v2\/users\/1"}],"replies":[{"embeddable":true,"href":"https:\/\/cosiam.net\/index.php\/wp-json\/wp\/v2\/comments?post=4084"}],"version-history":[{"count":30,"href":"https:\/\/cosiam.net\/index.php\/wp-json\/wp\/v2\/pages\/4084\/revisions"}],"predecessor-version":[{"id":5127,"href":"https:\/\/cosiam.net\/index.php\/wp-json\/wp\/v2\/pages\/4084\/revisions\/5127"}],"up":[{"embeddable":true,"href":"https:\/\/cosiam.net\/index.php\/wp-json\/wp\/v2\/pages\/4076"}],"wp:attachment":[{"href":"https:\/\/cosiam.net\/index.php\/wp-json\/wp\/v2\/media?parent=4084"}],"curies":[{"name":"wp","href":"https:\/\/api.w.org\/{rel}","templated":true}]}}