{"id":4106,"date":"2023-09-21T23:43:34","date_gmt":"2023-09-21T21:43:34","guid":{"rendered":"https:\/\/cosiam.net\/?page_id=4106"},"modified":"2023-09-27T16:29:59","modified_gmt":"2023-09-27T14:29:59","slug":"capitulos","status":"publish","type":"page","link":"https:\/\/cosiam.net\/index.php\/comunidad\/capitulos\/","title":{"rendered":"Cap\u00edtulos"},"content":{"rendered":"\t\t<div data-elementor-type=\"wp-page\" data-elementor-id=\"4106\" class=\"elementor elementor-4106\">\n\t\t\t\t\t\t<section class=\"elementor-section elementor-top-section elementor-element elementor-element-ac325d6 elementor-section-boxed elementor-section-height-default elementor-section-height-default\" data-id=\"ac325d6\" data-element_type=\"section\" data-e-type=\"section\" data-settings=\"{&quot;background_background&quot;:&quot;classic&quot;}\">\n\t\t\t\t\t\t\t<div class=\"elementor-background-overlay\"><\/div>\n\t\t\t\t\t\t\t<div class=\"elementor-container elementor-column-gap-no\">\n\t\t\t\t\t<div class=\"elementor-column elementor-col-100 elementor-top-column elementor-element elementor-element-d308789\" data-id=\"d308789\" data-element_type=\"column\" data-e-type=\"column\">\n\t\t\t<div class=\"elementor-widget-wrap elementor-element-populated\">\n\t\t\t\t\t\t<div class=\"elementor-element elementor-element-4c87911 animated-slow elementor-widget__width-initial elementor-invisible elementor-widget elementor-widget-heading\" data-id=\"4c87911\" data-element_type=\"widget\" data-e-type=\"widget\" data-settings=\"{&quot;_animation&quot;:&quot;ova-move-left&quot;,&quot;_animation_tablet&quot;:&quot;none&quot;,&quot;_animation_delay&quot;:100}\" data-widget_type=\"heading.default\">\n\t\t\t\t<div class=\"elementor-widget-container\">\n\t\t\t\t\t<h2 class=\"elementor-heading-title elementor-size-default\">Cap\u00edtulos<\/h2>\t\t\t\t<\/div>\n\t\t\t\t<\/div>\n\t\t\t\t\t<\/div>\n\t\t<\/div>\n\t\t\t\t\t<\/div>\n\t\t<\/section>\n\t\t\t\t<section class=\"elementor-section elementor-top-section elementor-element elementor-element-4b91670 elementor-section-boxed elementor-section-height-default elementor-section-height-default\" data-id=\"4b91670\" data-element_type=\"section\" data-e-type=\"section\">\n\t\t\t\t\t\t<div class=\"elementor-container elementor-column-gap-default\">\n\t\t\t\t\t<div class=\"elementor-column elementor-col-50 elementor-top-column elementor-element elementor-element-e91e788 podover_stretch_column_left\" data-id=\"e91e788\" data-element_type=\"column\" data-e-type=\"column\">\n\t\t\t<div class=\"elementor-widget-wrap elementor-element-populated\">\n\t\t\t\t\t\t<div class=\"elementor-element elementor-element-8584df7 elementor-invisible elementor-widget elementor-widget-image\" data-id=\"8584df7\" data-element_type=\"widget\" data-e-type=\"widget\" data-settings=\"{&quot;_animation&quot;:&quot;ova-move-right&quot;,&quot;_animation_tablet&quot;:&quot;none&quot;}\" data-widget_type=\"image.default\">\n\t\t\t\t<div class=\"elementor-widget-container\">\n\t\t\t\t\t\t\t\t\t\t\t\t\t\t\t<img fetchpriority=\"high\" decoding=\"async\" width=\"570\" height=\"640\" src=\"https:\/\/cosiam.net\/wp-content\/uploads\/2023\/09\/IMAGE-BG1.jpg\" class=\"attachment-full size-full wp-image-3701\" alt=\"\" srcset=\"https:\/\/cosiam.net\/wp-content\/uploads\/2023\/09\/IMAGE-BG1.jpg 570w, https:\/\/cosiam.net\/wp-content\/uploads\/2023\/09\/IMAGE-BG1-267x300.jpg 267w\" sizes=\"(max-width: 570px) 100vw, 570px\" \/>\t\t\t\t\t\t\t\t\t\t\t\t\t\t\t<\/div>\n\t\t\t\t<\/div>\n\t\t\t\t\t<\/div>\n\t\t<\/div>\n\t\t\t\t<div class=\"elementor-column elementor-col-50 elementor-top-column elementor-element elementor-element-945472f elementor-invisible\" data-id=\"945472f\" data-element_type=\"column\" data-e-type=\"column\" data-settings=\"{&quot;animation&quot;:&quot;ova-move-down&quot;,&quot;animation_tablet&quot;:&quot;none&quot;,&quot;animation_delay&quot;:150}\">\n\t\t\t<div class=\"elementor-widget-wrap elementor-element-populated\">\n\t\t\t\t\t\t<div class=\"elementor-element elementor-element-5a6a52d elementor-widget elementor-widget-podover_elementor_heading\" data-id=\"5a6a52d\" data-element_type=\"widget\" data-e-type=\"widget\" data-widget_type=\"podover_elementor_heading.default\">\n\t\t\t\t<div class=\"elementor-widget-container\">\n\t\t\t\t\t\t\t<div class=\"ova-title\">\n\n\t\t\t\n\t\t\t\t\t\t\t\t\t\t\t\t\t<h2 class=\"title\">\n\t\t\t\t\t\t\tVinc\u00falate a nuestros cap\u00edtulos estudiantiles.\t\t\t\t\t\t<\/h2>\n\n\t\t\t\t\t\t\t\n\t\t\t\n\t\t<\/div> \n\t\t\t\t\t\t<\/div>\n\t\t\t\t<\/div>\n\t\t\t\t<div class=\"elementor-element elementor-element-45817ca elementor-widget elementor-widget-text-editor\" data-id=\"45817ca\" data-element_type=\"widget\" data-e-type=\"widget\" data-widget_type=\"text-editor.default\">\n\t\t\t\t<div class=\"elementor-widget-container\">\n\t\t\t\t\t\t\t\t\t<p>Mejora tus competencias trabajando con otros como t\u00fa. Encuentra en nuestros cap\u00edtulos estudiantiles el mejor espacio para desarrollarte o cont\u00e1ctate con nosotros para crear el tuyo. Escr\u00edbenos a <a href=\"mailto:info@cosiam.net\" target=\"_blank\" rel=\"noopener\">info@cosiam.net<\/a> y nos contact\u00e1remos contigo.<\/p>\t\t\t\t\t\t\t\t<\/div>\n\t\t\t\t<\/div>\n\t\t\t\t\t<\/div>\n\t\t<\/div>\n\t\t\t\t\t<\/div>\n\t\t<\/section>\n\t\t<div class=\"elementor-element elementor-element-f166995 e-flex e-con-boxed e-con e-parent\" data-id=\"f166995\" data-element_type=\"container\" data-e-type=\"container\">\n\t\t\t\t\t<div class=\"e-con-inner\">\n\t\t<div class=\"elementor-element elementor-element-528db68 e-con-full e-flex e-con e-child\" data-id=\"528db68\" data-element_type=\"container\" data-e-type=\"container\">\n\t\t<div class=\"elementor-element elementor-element-3c2c569 e-con-full e-flex e-con e-child\" data-id=\"3c2c569\" data-element_type=\"container\" data-e-type=\"container\">\n\t\t\t\t<div class=\"elementor-element elementor-element-cc3578a elementor-position-top elementor-widget elementor-widget-image-box\" data-id=\"cc3578a\" data-element_type=\"widget\" data-e-type=\"widget\" data-widget_type=\"image-box.default\">\n\t\t\t\t<div class=\"elementor-widget-container\">\n\t\t\t\t\t<div class=\"elementor-image-box-wrapper\"><figure class=\"elementor-image-box-img\"><a href=\"https:\/\/www.linkedin.com\/in\/rafael-ricardo-renteria-ramos-3b6aa7a3\/\" target=\"_blank\" tabindex=\"-1\"><img decoding=\"async\" width=\"600\" height=\"600\" src=\"https:\/\/cosiam.net\/wp-content\/uploads\/2023\/09\/minisRafaelrenteria.jpg\" class=\"elementor-animation-float attachment-full size-full wp-image-4109\" alt=\"\" srcset=\"https:\/\/cosiam.net\/wp-content\/uploads\/2023\/09\/minisRafaelrenteria.jpg 600w, https:\/\/cosiam.net\/wp-content\/uploads\/2023\/09\/minisRafaelrenteria-300x300.jpg 300w, https:\/\/cosiam.net\/wp-content\/uploads\/2023\/09\/minisRafaelrenteria-150x150.jpg 150w\" sizes=\"(max-width: 600px) 100vw, 600px\" \/><\/a><\/figure><div class=\"elementor-image-box-content\"><h4 class=\"elementor-image-box-title\"><a href=\"https:\/\/www.linkedin.com\/in\/rafael-ricardo-renteria-ramos-3b6aa7a3\/\" target=\"_blank\">Rafael Ricardo Renteria Ramos<\/a><\/h4><\/div><\/div>\t\t\t\t<\/div>\n\t\t\t\t<\/div>\n\t\t\t\t<\/div>\n\t\t<div class=\"elementor-element elementor-element-120f764 e-con-full e-flex e-con e-child\" data-id=\"120f764\" data-element_type=\"container\" data-e-type=\"container\">\n\t\t\t\t<div class=\"elementor-element elementor-element-061d410 elementor-position-top elementor-widget elementor-widget-image-box\" data-id=\"061d410\" data-element_type=\"widget\" data-e-type=\"widget\" data-widget_type=\"image-box.default\">\n\t\t\t\t<div class=\"elementor-widget-container\">\n\t\t\t\t\t<div class=\"elementor-image-box-wrapper\"><figure class=\"elementor-image-box-img\"><a href=\"https:\/\/www.linkedin.com\/in\/gerard-olivar-tost-a9b53128\/\" target=\"_blank\" tabindex=\"-1\"><img decoding=\"async\" width=\"600\" height=\"600\" src=\"https:\/\/cosiam.net\/wp-content\/uploads\/2023\/09\/minisGerardtost.jpg\" class=\"elementor-animation-float attachment-full size-full wp-image-4111\" alt=\"\" srcset=\"https:\/\/cosiam.net\/wp-content\/uploads\/2023\/09\/minisGerardtost.jpg 600w, https:\/\/cosiam.net\/wp-content\/uploads\/2023\/09\/minisGerardtost-300x300.jpg 300w, https:\/\/cosiam.net\/wp-content\/uploads\/2023\/09\/minisGerardtost-150x150.jpg 150w\" sizes=\"(max-width: 600px) 100vw, 600px\" \/><\/a><\/figure><div class=\"elementor-image-box-content\"><h4 class=\"elementor-image-box-title\"><a href=\"https:\/\/www.linkedin.com\/in\/gerard-olivar-tost-a9b53128\/\" target=\"_blank\">Gerard Olivar-Tost<\/a><\/h4><\/div><\/div>\t\t\t\t<\/div>\n\t\t\t\t<\/div>\n\t\t\t\t<\/div>\n\t\t\t\t<\/div>\n\t\t\t\t\t<\/div>\n\t\t\t\t<\/div>\n\t\t\t\t<\/div>\n\t\t","protected":false},"excerpt":{"rendered":"<p>Cap\u00edtulos Vinc\u00falate a nuestros cap\u00edtulos estudiantiles. Mejora tus competencias trabajando con otros como t\u00fa. Encuentra en nuestros cap\u00edtulos estudiantiles el mejor espacio para desarrollarte o cont\u00e1ctate con nosotros para crear el tuyo. Escr\u00edbenos a info@cosiam.net y nos contact\u00e1remos contigo. Rafael Ricardo Renteria Ramos Gerard Olivar-Tost<\/p>\n","protected":false},"author":1,"featured_media":0,"parent":4076,"menu_order":0,"comment_status":"closed","ping_status":"closed","template":"elementor_header_footer","meta":{"give_campaign_id":0,"footnotes":""},"class_list":["post-4106","page","type-page","status-publish","hentry"],"campaignId":"","_links":{"self":[{"href":"https:\/\/cosiam.net\/index.php\/wp-json\/wp\/v2\/pages\/4106","targetHints":{"allow":["GET"]}}],"collection":[{"href":"https:\/\/cosiam.net\/index.php\/wp-json\/wp\/v2\/pages"}],"about":[{"href":"https:\/\/cosiam.net\/index.php\/wp-json\/wp\/v2\/types\/page"}],"author":[{"embeddable":true,"href":"https:\/\/cosiam.net\/index.php\/wp-json\/wp\/v2\/users\/1"}],"replies":[{"embeddable":true,"href":"https:\/\/cosiam.net\/index.php\/wp-json\/wp\/v2\/comments?post=4106"}],"version-history":[{"count":14,"href":"https:\/\/cosiam.net\/index.php\/wp-json\/wp\/v2\/pages\/4106\/revisions"}],"predecessor-version":[{"id":5130,"href":"https:\/\/cosiam.net\/index.php\/wp-json\/wp\/v2\/pages\/4106\/revisions\/5130"}],"up":[{"embeddable":true,"href":"https:\/\/cosiam.net\/index.php\/wp-json\/wp\/v2\/pages\/4076"}],"wp:attachment":[{"href":"https:\/\/cosiam.net\/index.php\/wp-json\/wp\/v2\/media?parent=4106"}],"curies":[{"name":"wp","href":"https:\/\/api.w.org\/{rel}","templated":true}]}}