{"id":4116,"date":"2023-09-22T00:02:26","date_gmt":"2023-09-21T22:02:26","guid":{"rendered":"https:\/\/cosiam.net\/?page_id=4116"},"modified":"2023-09-27T17:53:11","modified_gmt":"2023-09-27T15:53:11","slug":"redes-de-investigacion","status":"publish","type":"page","link":"https:\/\/cosiam.net\/index.php\/comunidad\/redes-de-investigacion\/","title":{"rendered":"Redes de investigaci\u00f3n"},"content":{"rendered":"\t\t<div data-elementor-type=\"wp-page\" data-elementor-id=\"4116\" class=\"elementor elementor-4116\">\n\t\t\t\t\t\t<section class=\"elementor-section elementor-top-section elementor-element elementor-element-e222124 elementor-section-boxed elementor-section-height-default elementor-section-height-default\" data-id=\"e222124\" data-element_type=\"section\" data-e-type=\"section\" data-settings=\"{&quot;background_background&quot;:&quot;classic&quot;}\">\n\t\t\t\t\t\t\t<div class=\"elementor-background-overlay\"><\/div>\n\t\t\t\t\t\t\t<div class=\"elementor-container elementor-column-gap-no\">\n\t\t\t\t\t<div class=\"elementor-column elementor-col-100 elementor-top-column elementor-element elementor-element-1906f51\" data-id=\"1906f51\" data-element_type=\"column\" data-e-type=\"column\">\n\t\t\t<div class=\"elementor-widget-wrap elementor-element-populated\">\n\t\t\t\t\t\t<div class=\"elementor-element elementor-element-6d7d2fc animated-slow elementor-widget__width-initial elementor-invisible elementor-widget elementor-widget-heading\" data-id=\"6d7d2fc\" data-element_type=\"widget\" data-e-type=\"widget\" data-settings=\"{&quot;_animation&quot;:&quot;ova-move-left&quot;,&quot;_animation_tablet&quot;:&quot;none&quot;,&quot;_animation_delay&quot;:100}\" data-widget_type=\"heading.default\">\n\t\t\t\t<div class=\"elementor-widget-container\">\n\t\t\t\t\t<h2 class=\"elementor-heading-title elementor-size-default\"><span class=\"elementor-heading-title elementor-size-default\" style=\"clear: both\">Redes de investigaci\u00f3n<\/span><\/h2>\t\t\t\t<\/div>\n\t\t\t\t<\/div>\n\t\t\t\t\t<\/div>\n\t\t<\/div>\n\t\t\t\t\t<\/div>\n\t\t<\/section>\n\t\t<div class=\"elementor-element elementor-element-5f27e46 e-flex e-con-boxed e-con e-parent\" data-id=\"5f27e46\" data-element_type=\"container\" data-e-type=\"container\">\n\t\t\t\t\t<div class=\"e-con-inner\">\n\t\t\t\t<div class=\"elementor-element elementor-element-a4d08bf elementor-widget elementor-widget-podover_elementor_heading\" data-id=\"a4d08bf\" data-element_type=\"widget\" data-e-type=\"widget\" data-widget_type=\"podover_elementor_heading.default\">\n\t\t\t\t<div class=\"elementor-widget-container\">\n\t\t\t\t\t\t\t<div class=\"ova-title\">\n\n\t\t\t\n\t\t\t\t\t\t\t\t\t\t\t\t\t<h2 class=\"title\">\n\t\t\t\t\t\t\tVinc\u00falate a nuestras redes de investigaci\u00f3n\t\t\t\t\t\t<\/h2>\n\n\t\t\t\t\t\t\t\n\t\t\t\n\t\t<\/div> \n\t\t\t\t\t\t<\/div>\n\t\t\t\t<\/div>\n\t\t\t\t<div class=\"elementor-element elementor-element-49ecb6e elementor-widget elementor-widget-heading\" data-id=\"49ecb6e\" data-element_type=\"widget\" data-e-type=\"widget\" data-widget_type=\"heading.default\">\n\t\t\t\t<div class=\"elementor-widget-container\">\n\t\t\t\t\t<p class=\"elementor-heading-title elementor-size-default\">Aumenta la sinergia de tus\nintereses trabajando en red\nEncuentra en nuestras redes el mejor espacio para desarrollarte o cont\u00e1ctate con nosotros para crear la tuya\n<\/p>\t\t\t\t<\/div>\n\t\t\t\t<\/div>\n\t\t<div class=\"elementor-element elementor-element-7254474 e-con-full e-flex e-con e-child\" data-id=\"7254474\" data-element_type=\"container\" data-e-type=\"container\">\n\t\t<div class=\"elementor-element elementor-element-5e6c43c e-con-full e-flex e-con e-child\" data-id=\"5e6c43c\" data-element_type=\"container\" data-e-type=\"container\">\n\t\t\t\t<div class=\"elementor-element elementor-element-ce886c2 elementor-widget elementor-widget-heading\" data-id=\"ce886c2\" data-element_type=\"widget\" data-e-type=\"widget\" data-widget_type=\"heading.default\">\n\t\t\t\t<div class=\"elementor-widget-container\">\n\t\t\t\t\t<p class=\"elementor-heading-title elementor-size-default\">RI-CoSIAM<\/p>\t\t\t\t<\/div>\n\t\t\t\t<\/div>\n\t\t\t\t<div class=\"elementor-element elementor-element-f78bae0 elementor-widget elementor-widget-heading\" data-id=\"f78bae0\" data-element_type=\"widget\" data-e-type=\"widget\" data-widget_type=\"heading.default\">\n\t\t\t\t<div class=\"elementor-widget-container\">\n\t\t\t\t\t<p class=\"elementor-heading-title elementor-size-default\">Redes <br>Complejas<\/p>\t\t\t\t<\/div>\n\t\t\t\t<\/div>\n\t\t\t\t<div class=\"elementor-element elementor-element-acdca8b elementor-position-top elementor-widget elementor-widget-image-box\" data-id=\"acdca8b\" data-element_type=\"widget\" data-e-type=\"widget\" data-widget_type=\"image-box.default\">\n\t\t\t\t<div class=\"elementor-widget-container\">\n\t\t\t\t\t<div class=\"elementor-image-box-wrapper\"><figure class=\"elementor-image-box-img\"><a href=\"https:\/\/www.linkedin.com\/in\/rafael-ricardo-renteria-ramos-3b6aa7a3\/\" target=\"_blank\" tabindex=\"-1\"><img fetchpriority=\"high\" decoding=\"async\" width=\"600\" height=\"600\" src=\"https:\/\/cosiam.net\/wp-content\/uploads\/2023\/09\/minisRafaelrenteria.jpg\" class=\"elementor-animation-float attachment-full size-full wp-image-4109\" alt=\"\" srcset=\"https:\/\/cosiam.net\/wp-content\/uploads\/2023\/09\/minisRafaelrenteria.jpg 600w, https:\/\/cosiam.net\/wp-content\/uploads\/2023\/09\/minisRafaelrenteria-300x300.jpg 300w, https:\/\/cosiam.net\/wp-content\/uploads\/2023\/09\/minisRafaelrenteria-150x150.jpg 150w\" sizes=\"(max-width: 600px) 100vw, 600px\" \/><\/a><\/figure><div class=\"elementor-image-box-content\"><h4 class=\"elementor-image-box-title\"><a href=\"https:\/\/www.linkedin.com\/in\/rafael-ricardo-renteria-ramos-3b6aa7a3\/\" target=\"_blank\">Rafael Renter\u00eda Ramos Ph.D.<\/a><\/h4><p class=\"elementor-image-box-description\">Contacto:  <br>rafael.renteria@unad.edu.co <br>\nUNAD\nBogot\u00e1, Colombia\n<\/p><\/div><\/div>\t\t\t\t<\/div>\n\t\t\t\t<\/div>\n\t\t\t\t<\/div>\n\t\t<div class=\"elementor-element elementor-element-90a020c e-con-full e-flex e-con e-child\" data-id=\"90a020c\" data-element_type=\"container\" data-e-type=\"container\">\n\t\t\t\t<div class=\"elementor-element elementor-element-eae714a elementor-widget elementor-widget-heading\" data-id=\"eae714a\" data-element_type=\"widget\" data-e-type=\"widget\" data-widget_type=\"heading.default\">\n\t\t\t\t<div class=\"elementor-widget-container\">\n\t\t\t\t\t<p class=\"elementor-heading-title elementor-size-default\">RI-CoSIAM<\/p>\t\t\t\t<\/div>\n\t\t\t\t<\/div>\n\t\t\t\t<div class=\"elementor-element elementor-element-6e1b0ea elementor-widget elementor-widget-heading\" data-id=\"6e1b0ea\" data-element_type=\"widget\" data-e-type=\"widget\" data-widget_type=\"heading.default\">\n\t\t\t\t<div class=\"elementor-widget-container\">\n\t\t\t\t\t<p class=\"elementor-heading-title elementor-size-default\">Economia Circular y <br>Din\u00e1mica de Sistemas<\/p>\t\t\t\t<\/div>\n\t\t\t\t<\/div>\n\t\t\t\t<div class=\"elementor-element elementor-element-9bd7995 elementor-position-top elementor-widget elementor-widget-image-box\" data-id=\"9bd7995\" data-element_type=\"widget\" data-e-type=\"widget\" data-widget_type=\"image-box.default\">\n\t\t\t\t<div class=\"elementor-widget-container\">\n\t\t\t\t\t<div class=\"elementor-image-box-wrapper\"><figure class=\"elementor-image-box-img\"><a href=\"https:\/\/www.linkedin.com\/in\/danny-ibarra-vega-39673728\/\" target=\"_blank\" tabindex=\"-1\"><img decoding=\"async\" width=\"600\" height=\"600\" src=\"https:\/\/cosiam.net\/wp-content\/uploads\/2023\/09\/minisDannyibarra.jpg\" class=\"elementor-animation-float attachment-full size-full wp-image-4129\" alt=\"\" srcset=\"https:\/\/cosiam.net\/wp-content\/uploads\/2023\/09\/minisDannyibarra.jpg 600w, https:\/\/cosiam.net\/wp-content\/uploads\/2023\/09\/minisDannyibarra-300x300.jpg 300w, https:\/\/cosiam.net\/wp-content\/uploads\/2023\/09\/minisDannyibarra-150x150.jpg 150w\" sizes=\"(max-width: 600px) 100vw, 600px\" \/><\/a><\/figure><div class=\"elementor-image-box-content\"><h4 class=\"elementor-image-box-title\"><a href=\"https:\/\/www.linkedin.com\/in\/danny-ibarra-vega-39673728\/\" target=\"_blank\">Danny Ibarra Vega Ph.D.<\/a><\/h4><p class=\"elementor-image-box-description\">Contacto:  <br>danny.ibarra@udea.edu.co<br>\nUniversidad de Antioquia<br>\nMedell\u00edn, Colombia\n<\/p><\/div><\/div>\t\t\t\t<\/div>\n\t\t\t\t<\/div>\n\t\t\t\t<\/div>\n\t\t<div class=\"elementor-element elementor-element-b95dbd5 e-con-full e-flex e-con e-child\" data-id=\"b95dbd5\" data-element_type=\"container\" data-e-type=\"container\">\n\t\t\t\t<div class=\"elementor-element elementor-element-acf1469 elementor-widget elementor-widget-heading\" data-id=\"acf1469\" data-element_type=\"widget\" data-e-type=\"widget\" data-widget_type=\"heading.default\">\n\t\t\t\t<div class=\"elementor-widget-container\">\n\t\t\t\t\t<p class=\"elementor-heading-title elementor-size-default\">RI-CoSIAM<\/p>\t\t\t\t<\/div>\n\t\t\t\t<\/div>\n\t\t\t\t<div class=\"elementor-element elementor-element-9b1cf82 elementor-widget elementor-widget-heading\" data-id=\"9b1cf82\" data-element_type=\"widget\" data-e-type=\"widget\" data-widget_type=\"heading.default\">\n\t\t\t\t<div class=\"elementor-widget-container\">\n\t\t\t\t\t<p class=\"elementor-heading-title elementor-size-default\">Matem\u00e1ticas Aplicadas al <br>Desarrollo Sostenible <\/p>\t\t\t\t<\/div>\n\t\t\t\t<\/div>\n\t\t\t\t<div class=\"elementor-element elementor-element-ec34dbb elementor-position-top elementor-widget elementor-widget-image-box\" data-id=\"ec34dbb\" data-element_type=\"widget\" data-e-type=\"widget\" data-widget_type=\"image-box.default\">\n\t\t\t\t<div class=\"elementor-widget-container\">\n\t\t\t\t\t<div class=\"elementor-image-box-wrapper\"><figure class=\"elementor-image-box-img\"><a href=\"https:\/\/www.linkedin.com\/in\/johan-manuel-redondo-phd-235b596b\/\" target=\"_blank\" tabindex=\"-1\"><img decoding=\"async\" width=\"600\" height=\"600\" src=\"https:\/\/cosiam.net\/wp-content\/uploads\/2023\/09\/minisJohan-2.jpg\" class=\"elementor-animation-float attachment-full size-full wp-image-4152\" alt=\"\" srcset=\"https:\/\/cosiam.net\/wp-content\/uploads\/2023\/09\/minisJohan-2.jpg 600w, https:\/\/cosiam.net\/wp-content\/uploads\/2023\/09\/minisJohan-2-300x300.jpg 300w, https:\/\/cosiam.net\/wp-content\/uploads\/2023\/09\/minisJohan-2-150x150.jpg 150w\" sizes=\"(max-width: 600px) 100vw, 600px\" \/><\/a><\/figure><div class=\"elementor-image-box-content\"><h4 class=\"elementor-image-box-title\"><a href=\"https:\/\/www.linkedin.com\/in\/johan-manuel-redondo-phd-235b596b\/\" target=\"_blank\">Johan Manuel Redondo Ph.D.<\/a><\/h4><p class=\"elementor-image-box-description\">Contacto:  <br>johan.redondo@urosario.edu.co<br>\nUniversidad del Rosario<br>\nBogot\u00e1 D.C., Colombia\n<\/p><\/div><\/div>\t\t\t\t<\/div>\n\t\t\t\t<\/div>\n\t\t\t\t<div class=\"elementor-element elementor-element-ccd1e6c elementor-widget__width-auto elementor-widget elementor-widget-button\" data-id=\"ccd1e6c\" data-element_type=\"widget\" data-e-type=\"widget\" data-widget_type=\"button.default\">\n\t\t\t\t<div class=\"elementor-widget-container\">\n\t\t\t\t\t\t\t\t\t<div class=\"elementor-button-wrapper\">\n\t\t\t\t\t<a class=\"elementor-button elementor-button-link elementor-size-md\" href=\"https:\/\/cosiam.net\/index.php\/comunidad\/redes-de-investigacion\/matematicas-aplicadas\/\">\n\t\t\t\t\t\t<span class=\"elementor-button-content-wrapper\">\n\t\t\t\t\t\t\t\t\t<span class=\"elementor-button-text\">Ver m\u00e1s<\/span>\n\t\t\t\t\t<\/span>\n\t\t\t\t\t<\/a>\n\t\t\t\t<\/div>\n\t\t\t\t\t\t\t\t<\/div>\n\t\t\t\t<\/div>\n\t\t\t\t<\/div>\n\t\t<div class=\"elementor-element elementor-element-5ba2bb3 e-con-full e-flex e-con e-child\" data-id=\"5ba2bb3\" data-element_type=\"container\" data-e-type=\"container\">\n\t\t\t\t<div class=\"elementor-element elementor-element-94e48e8 elementor-widget elementor-widget-heading\" data-id=\"94e48e8\" data-element_type=\"widget\" data-e-type=\"widget\" data-widget_type=\"heading.default\">\n\t\t\t\t<div class=\"elementor-widget-container\">\n\t\t\t\t\t<p class=\"elementor-heading-title elementor-size-default\">RI-CoSIAM<\/p>\t\t\t\t<\/div>\n\t\t\t\t<\/div>\n\t\t\t\t<div class=\"elementor-element elementor-element-e5b3b97 elementor-widget elementor-widget-heading\" data-id=\"e5b3b97\" data-element_type=\"widget\" data-e-type=\"widget\" data-widget_type=\"heading.default\">\n\t\t\t\t<div class=\"elementor-widget-container\">\n\t\t\t\t\t<p class=\"elementor-heading-title elementor-size-default\">Machine<br> Learning<\/p>\t\t\t\t<\/div>\n\t\t\t\t<\/div>\n\t\t\t\t<div class=\"elementor-element elementor-element-306f671 elementor-position-top elementor-widget elementor-widget-image-box\" data-id=\"306f671\" data-element_type=\"widget\" data-e-type=\"widget\" data-widget_type=\"image-box.default\">\n\t\t\t\t<div class=\"elementor-widget-container\">\n\t\t\t\t\t<div class=\"elementor-image-box-wrapper\"><figure class=\"elementor-image-box-img\"><a href=\"https:\/\/www.linkedin.com\/in\/jorge-camargo-77b10824\/\" target=\"_blank\" tabindex=\"-1\"><img loading=\"lazy\" decoding=\"async\" width=\"600\" height=\"600\" src=\"https:\/\/cosiam.net\/wp-content\/uploads\/2023\/09\/minisArles2.jpg\" class=\"elementor-animation-float attachment-full size-full wp-image-4955\" alt=\"\" srcset=\"https:\/\/cosiam.net\/wp-content\/uploads\/2023\/09\/minisArles2.jpg 600w, https:\/\/cosiam.net\/wp-content\/uploads\/2023\/09\/minisArles2-300x300.jpg 300w, https:\/\/cosiam.net\/wp-content\/uploads\/2023\/09\/minisArles2-150x150.jpg 150w\" sizes=\"(max-width: 600px) 100vw, 600px\" \/><\/a><\/figure><div class=\"elementor-image-box-content\"><h4 class=\"elementor-image-box-title\"><a href=\"https:\/\/www.linkedin.com\/in\/jorge-camargo-77b10824\/\" target=\"_blank\">Jorge Camargo<\/a><\/h4><p class=\"elementor-image-box-description\">jorgee.camargom@konradlorenz.edu.co<br>\nFundaci\u00f3n Universitaria Konrad Lorenz<br>\nBogot\u00e1, Colombia\n\n<\/p><\/div><\/div>\t\t\t\t<\/div>\n\t\t\t\t<\/div>\n\t\t\t\t<\/div>\n\t\t\t\t<\/div>\n\t\t\t\t\t<\/div>\n\t\t\t\t<\/div>\n\t\t\t\t<\/div>\n\t\t","protected":false},"excerpt":{"rendered":"<p>Redes de investigaci\u00f3n Vinc\u00falate a nuestras redes de investigaci\u00f3n Aumenta la sinergia de tus intereses trabajando en red Encuentra en nuestras redes el mejor espacio para desarrollarte o cont\u00e1ctate con nosotros para crear la tuya RI-CoSIAM Redes Complejas Rafael Renter\u00eda Ramos Ph.D. Contacto: rafael.renteria@unad.edu.co UNAD Bogot\u00e1, Colombia RI-CoSIAM Economia Circular y Din\u00e1mica de Sistemas Danny [&hellip;]<\/p>\n","protected":false},"author":1,"featured_media":0,"parent":4076,"menu_order":0,"comment_status":"closed","ping_status":"closed","template":"elementor_header_footer","meta":{"give_campaign_id":0,"footnotes":""},"class_list":["post-4116","page","type-page","status-publish","hentry"],"campaignId":"","_links":{"self":[{"href":"https:\/\/cosiam.net\/index.php\/wp-json\/wp\/v2\/pages\/4116","targetHints":{"allow":["GET"]}}],"collection":[{"href":"https:\/\/cosiam.net\/index.php\/wp-json\/wp\/v2\/pages"}],"about":[{"href":"https:\/\/cosiam.net\/index.php\/wp-json\/wp\/v2\/types\/page"}],"author":[{"embeddable":true,"href":"https:\/\/cosiam.net\/index.php\/wp-json\/wp\/v2\/users\/1"}],"replies":[{"embeddable":true,"href":"https:\/\/cosiam.net\/index.php\/wp-json\/wp\/v2\/comments?post=4116"}],"version-history":[{"count":56,"href":"https:\/\/cosiam.net\/index.php\/wp-json\/wp\/v2\/pages\/4116\/revisions"}],"predecessor-version":[{"id":5197,"href":"https:\/\/cosiam.net\/index.php\/wp-json\/wp\/v2\/pages\/4116\/revisions\/5197"}],"up":[{"embeddable":true,"href":"https:\/\/cosiam.net\/index.php\/wp-json\/wp\/v2\/pages\/4076"}],"wp:attachment":[{"href":"https:\/\/cosiam.net\/index.php\/wp-json\/wp\/v2\/media?parent=4116"}],"curies":[{"name":"wp","href":"https:\/\/api.w.org\/{rel}","templated":true}]}}