{"id":4162,"date":"2023-09-22T16:18:08","date_gmt":"2023-09-22T14:18:08","guid":{"rendered":"https:\/\/cosiam.net\/?page_id=4162"},"modified":"2023-09-22T17:12:17","modified_gmt":"2023-09-22T15:12:17","slug":"math-modeling-challenge","status":"publish","type":"page","link":"https:\/\/cosiam.net\/index.php\/eventos\/math-modeling-challenge\/","title":{"rendered":"Math Modeling Challenge 2022"},"content":{"rendered":"\t\t<div data-elementor-type=\"wp-page\" data-elementor-id=\"4162\" class=\"elementor elementor-4162\">\n\t\t\t\t\t\t<section class=\"elementor-section elementor-top-section elementor-element elementor-element-1c466300 elementor-section-boxed elementor-section-height-default elementor-section-height-default\" data-id=\"1c466300\" data-element_type=\"section\" data-e-type=\"section\" data-settings=\"{&quot;background_background&quot;:&quot;classic&quot;}\">\n\t\t\t\t\t\t\t<div class=\"elementor-background-overlay\"><\/div>\n\t\t\t\t\t\t\t<div class=\"elementor-container elementor-column-gap-default\">\n\t\t\t\t\t<div class=\"elementor-column elementor-col-50 elementor-top-column elementor-element elementor-element-732f5d40 elementor-hidden-tablet elementor-hidden-mobile\" data-id=\"732f5d40\" data-element_type=\"column\" data-e-type=\"column\">\n\t\t\t<div class=\"elementor-widget-wrap elementor-element-populated\">\n\t\t\t\t\t\t<div class=\"elementor-element elementor-element-6c20dab4 elementor-widget elementor-widget-image\" data-id=\"6c20dab4\" data-element_type=\"widget\" data-e-type=\"widget\" data-widget_type=\"image.default\">\n\t\t\t\t<div class=\"elementor-widget-container\">\n\t\t\t\t\t\t\t\t\t\t\t\t\t\t\t<img fetchpriority=\"high\" decoding=\"async\" width=\"235\" height=\"226\" src=\"https:\/\/cosiam.net\/wp-content\/uploads\/2023\/09\/logoseventosMMC22.png\" class=\"attachment-large size-large wp-image-3808\" alt=\"\" \/>\t\t\t\t\t\t\t\t\t\t\t\t\t\t\t<\/div>\n\t\t\t\t<\/div>\n\t\t\t\t\t<\/div>\n\t\t<\/div>\n\t\t\t\t<div class=\"elementor-column elementor-col-50 elementor-top-column elementor-element elementor-element-5c41d2a8\" data-id=\"5c41d2a8\" data-element_type=\"column\" data-e-type=\"column\">\n\t\t\t<div class=\"elementor-widget-wrap elementor-element-populated\">\n\t\t\t\t\t\t<div class=\"elementor-element elementor-element-6d87064b elementor-widget__width-auto animated-slow elementor-invisible elementor-widget elementor-widget-heading\" data-id=\"6d87064b\" data-element_type=\"widget\" data-e-type=\"widget\" data-settings=\"{&quot;_animation&quot;:&quot;fadeInLeft&quot;,&quot;_animation_tablet&quot;:&quot;none&quot;}\" data-widget_type=\"heading.default\">\n\t\t\t\t<div class=\"elementor-widget-container\">\n\t\t\t\t\t<h2 class=\"elementor-heading-title elementor-size-default\">MMC CoSIAM<\/h2>\t\t\t\t<\/div>\n\t\t\t\t<\/div>\n\t\t\t\t<div class=\"elementor-element elementor-element-42c2701b animated-slow elementor-invisible elementor-widget elementor-widget-podover_elementor_heading\" data-id=\"42c2701b\" data-element_type=\"widget\" data-e-type=\"widget\" data-settings=\"{&quot;_animation&quot;:&quot;ova-move-up&quot;,&quot;_animation_tablet&quot;:&quot;none&quot;,&quot;_animation_delay&quot;:100}\" data-widget_type=\"podover_elementor_heading.default\">\n\t\t\t\t<div class=\"elementor-widget-container\">\n\t\t\t\t\t\t\t<div class=\"ova-title\">\n\n\t\t\t\t\t\t\t<h3 class=\"sub-title\">Octubre 21<\/h3>\n\t\t\t\n\t\t\t\t\t\t\t\t\t\t\t\t\t<h2 class=\"title\">\n\t\t\t\t\t\t\t2022\t\t\t\t\t\t<\/h2>\n\n\t\t\t\t\t\t\t\n\t\t\t\t\t\t\t<p class=\"description\"> \u00a1 Acepta y gana el reto ! \n <\/p>\n\t\t\t\n\t\t<\/div> \n\t\t\t\t\t\t<\/div>\n\t\t\t\t<\/div>\n\t\t\t\t\t<\/div>\n\t\t<\/div>\n\t\t\t\t\t<\/div>\n\t\t<\/section>\n\t\t\t\t<section class=\"elementor-section elementor-top-section elementor-element elementor-element-53830fce elementor-section-boxed elementor-section-height-default elementor-section-height-default\" data-id=\"53830fce\" data-element_type=\"section\" data-e-type=\"section\">\n\t\t\t\t\t\t<div class=\"elementor-container elementor-column-gap-default\">\n\t\t\t\t\t<div class=\"elementor-column elementor-col-50 elementor-top-column elementor-element elementor-element-6ffa6010\" data-id=\"6ffa6010\" data-element_type=\"column\" data-e-type=\"column\">\n\t\t\t<div class=\"elementor-widget-wrap elementor-element-populated\">\n\t\t\t\t\t\t<div class=\"elementor-element elementor-element-f7c9786 elementor-widget elementor-widget-image\" data-id=\"f7c9786\" data-element_type=\"widget\" data-e-type=\"widget\" data-widget_type=\"image.default\">\n\t\t\t\t<div class=\"elementor-widget-container\">\n\t\t\t\t\t\t\t\t\t\t\t\t\t\t\t<img decoding=\"async\" width=\"775\" height=\"517\" src=\"https:\/\/cosiam.net\/wp-content\/uploads\/2023\/09\/postNodosmat22.jpg\" class=\"attachment-large size-large wp-image-4165\" alt=\"\" srcset=\"https:\/\/cosiam.net\/wp-content\/uploads\/2023\/09\/postNodosmat22.jpg 775w, https:\/\/cosiam.net\/wp-content\/uploads\/2023\/09\/postNodosmat22-300x200.jpg 300w, https:\/\/cosiam.net\/wp-content\/uploads\/2023\/09\/postNodosmat22-768x512.jpg 768w\" sizes=\"(max-width: 775px) 100vw, 775px\" \/>\t\t\t\t\t\t\t\t\t\t\t\t\t\t\t<\/div>\n\t\t\t\t<\/div>\n\t\t\t\t\t<\/div>\n\t\t<\/div>\n\t\t\t\t<div class=\"elementor-column elementor-col-50 elementor-top-column elementor-element elementor-element-3c8b9613\" data-id=\"3c8b9613\" data-element_type=\"column\" data-e-type=\"column\">\n\t\t\t<div class=\"elementor-widget-wrap elementor-element-populated\">\n\t\t\t\t\t\t<div class=\"elementor-element elementor-element-23d57237 elementor-widget elementor-widget-text-editor\" data-id=\"23d57237\" data-element_type=\"widget\" data-e-type=\"widget\" data-widget_type=\"text-editor.default\">\n\t\t\t\t<div class=\"elementor-widget-container\">\n\t\t\t\t\t\t\t\t\t<p style=\"font-weight: 400;\"><strong>El Math Modeling Challenge CoSIAM<\/strong> (MMC CoSIAM) es un concurso de modelamiento matem\u00e1tico, tipo hackday, en el que equipos de estudiantes provenientes de distintas universidades de Colombia y algunas invitadas del exterior, proponen una soluci\u00f3n a un problema del sector empresarial, a trav\u00e9s de distintas herramientas matem\u00e1ticas y en especial las ciencias de la computaci\u00f3n. Todo lo anterior bajo ciertas restricciones de tiempo y recursos.<\/p><p style=\"font-weight: 400;\">\u200b<\/p><p style=\"font-weight: 400;\">El objetivo principal de este concurso es incentivar el trabajo multidisciplinar entre los miembros de cada equipo, dando paso a distintos esquemas de soluci\u00f3n a un problema proveniente de un contexto arbitrario. Las soluciones propuestas por cada equipo llevan el beneficio de ser concebidas desde distintos puntos de vista acad\u00e9mico, enriqueciendo a los participantes en habilidades como: el trabajo en equipo, el desarrollo de proyectos bajo un tiempo l\u00edmite de entrega. Adem\u00e1s, es excelente oportunidad para que cada estudiante ponga en valor todo el talento desarrollado durante su vida acad\u00e9mica, entre otros.<\/p>\t\t\t\t\t\t\t\t<\/div>\n\t\t\t\t<\/div>\n\t\t\t\t\t<\/div>\n\t\t<\/div>\n\t\t\t\t\t<\/div>\n\t\t<\/section>\n\t\t\t\t<section class=\"elementor-section elementor-top-section elementor-element elementor-element-4f5266d elementor-section-boxed elementor-section-height-default elementor-section-height-default\" data-id=\"4f5266d\" data-element_type=\"section\" data-e-type=\"section\">\n\t\t\t\t\t\t<div class=\"elementor-container elementor-column-gap-default\">\n\t\t\t\t\t<div class=\"elementor-column elementor-col-50 elementor-top-column elementor-element elementor-element-2352e2a\" data-id=\"2352e2a\" data-element_type=\"column\" data-e-type=\"column\">\n\t\t\t<div class=\"elementor-widget-wrap elementor-element-populated\">\n\t\t\t\t\t\t<div class=\"elementor-element elementor-element-b4a7e05 elementor-widget elementor-widget-podover_elementor_heading\" data-id=\"b4a7e05\" data-element_type=\"widget\" data-e-type=\"widget\" data-widget_type=\"podover_elementor_heading.default\">\n\t\t\t\t<div class=\"elementor-widget-container\">\n\t\t\t\t\t\t\t<div class=\"ova-title\">\n\n\t\t\t\n\t\t\t\t\t\t\t\t\t\t\t\t\t<h2 class=\"title\">\n\t\t\t\t\t\t\tMetodolog\u00eda del MMC CoSIAM\t\t\t\t\t\t<\/h2>\n\n\t\t\t\t\t\t\t\n\t\t\t\n\t\t<\/div> \n\t\t\t\t\t\t<\/div>\n\t\t\t\t<\/div>\n\t\t\t\t<div class=\"elementor-element elementor-element-93d9968 elementor-widget elementor-widget-text-editor\" data-id=\"93d9968\" data-element_type=\"widget\" data-e-type=\"widget\" data-widget_type=\"text-editor.default\">\n\t\t\t\t<div class=\"elementor-widget-container\">\n\t\t\t\t\t\t\t\t\t<p>El MMC CoSIAM convoca equipos formado por cuatro (4) estudiantes de pregrado y\/o posgrado. Cada estudiante debe estar adscrito a alg\u00fan programa acad\u00e9mico de una universidad perteneciente a uno de los Nodos CoSIAM Es deseable que los equipos est\u00e9n conformados por estudiantes de distintas programas acad\u00e9micos, con fin de potenciar el trabajo multidisciplinar en cada equipo.<\/p><p>Al igual que las versiones anteriores del MMC CoSIAM, los equipos que se inscriban al concurso tendr\u00e1n acceso a un Massive Open Online Course (MOOC) que ser\u00e1 un insumo para abordar el problema (reto a completar) que ser\u00e1 presentado simult\u00e1neamente a todos los participantes el d\u00eda 21 de octubre de 2022. Las soluciones al problema propuestas por cada equipo deber\u00e1n ser enviadas a un espec\u00edfico repositorio virtual en un tiempo l\u00edmite de diez (10) horas. Posteriormente, las propuestas admitidas ser\u00e1n evaluadas por un jurado an\u00f3nimo conformado por un grupo de tres expertos acad\u00e9micos y\/o profesionales del pa\u00eds. El jurado ser\u00e1 quien elija el equipo ganador del concurso.<\/p>\t\t\t\t\t\t\t\t<\/div>\n\t\t\t\t<\/div>\n\t\t\t\t<div class=\"elementor-element elementor-element-7ed0e96 elementor-widget elementor-widget-podover_elementor_heading\" data-id=\"7ed0e96\" data-element_type=\"widget\" data-e-type=\"widget\" data-widget_type=\"podover_elementor_heading.default\">\n\t\t\t\t<div class=\"elementor-widget-container\">\n\t\t\t\t\t\t\t<div class=\"ova-title\">\n\n\t\t\t\n\t\t\t\t\t\t\t\t\t\t\t\t\t<h2 class=\"title\">\n\t\t\t\t\t\t\tPremiaci\u00f3n del MMC CoSIAM\t\t\t\t\t\t<\/h2>\n\n\t\t\t\t\t\t\t\n\t\t\t\n\t\t<\/div> \n\t\t\t\t\t\t<\/div>\n\t\t\t\t<\/div>\n\t\t\t\t<div class=\"elementor-element elementor-element-eef1d65 elementor-widget elementor-widget-text-editor\" data-id=\"eef1d65\" data-element_type=\"widget\" data-e-type=\"widget\" data-widget_type=\"text-editor.default\">\n\t\t\t\t<div class=\"elementor-widget-container\">\n\t\t\t\t\t\t\t\t\t<p><span style=\"color: var(--text); font-family: var(--primary-font); font-size: var(--font-size); letter-spacing: var(--letter-spacing);\">Tras la decisi\u00f3n del jurado evaluador, el equipo ganador del MMC CoSIAM ser\u00e1 anunciado oficialmente a todos los l\u00edderes de los Nodos CoSIAM y los participantes del concurso, al igual que se anunciar\u00e1 en la p\u00e1gina we de CoSIAM. El equipo ganador recibir\u00e1 un premio por $1\u2019000.000 en efectivo y el correspondiente certificado individual que los acredita como vencedores del evento.<\/span><\/p>\t\t\t\t\t\t\t\t<\/div>\n\t\t\t\t<\/div>\n\t\t\t\t\t<\/div>\n\t\t<\/div>\n\t\t\t\t<div class=\"elementor-column elementor-col-50 elementor-top-column elementor-element elementor-element-c697058\" data-id=\"c697058\" data-element_type=\"column\" data-e-type=\"column\">\n\t\t\t<div class=\"elementor-widget-wrap elementor-element-populated\">\n\t\t\t\t\t\t<div class=\"elementor-element elementor-element-a8f0ab2 elementor-widget elementor-widget-image\" data-id=\"a8f0ab2\" data-element_type=\"widget\" data-e-type=\"widget\" data-widget_type=\"image.default\">\n\t\t\t\t<div class=\"elementor-widget-container\">\n\t\t\t\t\t\t\t\t\t\t\t\t\t\t\t<img decoding=\"async\" width=\"570\" height=\"640\" src=\"https:\/\/cosiam.net\/wp-content\/uploads\/2023\/09\/IMAGE-BGmathchallenge.jpg\" class=\"attachment-large size-large wp-image-4169\" alt=\"\" srcset=\"https:\/\/cosiam.net\/wp-content\/uploads\/2023\/09\/IMAGE-BGmathchallenge.jpg 570w, https:\/\/cosiam.net\/wp-content\/uploads\/2023\/09\/IMAGE-BGmathchallenge-267x300.jpg 267w\" sizes=\"(max-width: 570px) 100vw, 570px\" \/>\t\t\t\t\t\t\t\t\t\t\t\t\t\t\t<\/div>\n\t\t\t\t<\/div>\n\t\t\t\t\t<\/div>\n\t\t<\/div>\n\t\t\t\t\t<\/div>\n\t\t<\/section>\n\t\t\t\t<section class=\"elementor-section elementor-top-section elementor-element elementor-element-32962705 elementor-section-boxed elementor-section-height-default elementor-section-height-default\" data-id=\"32962705\" data-element_type=\"section\" data-e-type=\"section\" data-settings=\"{&quot;background_background&quot;:&quot;classic&quot;}\">\n\t\t\t\t\t\t<div class=\"elementor-container elementor-column-gap-default\">\n\t\t\t\t\t<div class=\"elementor-column elementor-col-100 elementor-top-column elementor-element elementor-element-3d251eb\" data-id=\"3d251eb\" data-element_type=\"column\" data-e-type=\"column\">\n\t\t\t<div class=\"elementor-widget-wrap elementor-element-populated\">\n\t\t\t\t\t\t<div class=\"elementor-element elementor-element-5900346 elementor-icon-list--layout-traditional elementor-list-item-link-full_width elementor-widget elementor-widget-icon-list\" data-id=\"5900346\" data-element_type=\"widget\" data-e-type=\"widget\" data-widget_type=\"icon-list.default\">\n\t\t\t\t<div class=\"elementor-widget-container\">\n\t\t\t\t\t\t\t<ul class=\"elementor-icon-list-items\">\n\t\t\t\t\t\t\t<li class=\"elementor-icon-list-item\">\n\t\t\t\t\t\t\t\t\t\t\t<a href=\"https:\/\/cosiam.net\/wp-content\/uploads\/2023\/09\/InvitaciA\u00b3n-MMC-CoSIAM-2022.docx\" target=\"_blank\">\n\n\t\t\t\t\t\t\t\t\t\t\t\t<span class=\"elementor-icon-list-icon\">\n\t\t\t\t\t\t\t<i aria-hidden=\"true\" class=\"fas fa-check-circle\"><\/i>\t\t\t\t\t\t<\/span>\n\t\t\t\t\t\t\t\t\t\t<span class=\"elementor-icon-list-text\">Invitaci\u00f3n y cronograma del Math Modeling Challenge CoSIAM 2022<\/span>\n\t\t\t\t\t\t\t\t\t\t\t<\/a>\n\t\t\t\t\t\t\t\t\t<\/li>\n\t\t\t\t\t\t\t\t<li class=\"elementor-icon-list-item\">\n\t\t\t\t\t\t\t\t\t\t\t<a href=\"https:\/\/forms.gle\/aLRfPqrTdrC5wpNbA\" target=\"_blank\">\n\n\t\t\t\t\t\t\t\t\t\t\t\t<span class=\"elementor-icon-list-icon\">\n\t\t\t\t\t\t\t<i aria-hidden=\"true\" class=\"fas fa-check-circle\"><\/i>\t\t\t\t\t\t<\/span>\n\t\t\t\t\t\t\t\t\t\t<span class=\"elementor-icon-list-text\">Formulario de inscripci\u00f3n al MMC 2022<\/span>\n\t\t\t\t\t\t\t\t\t\t\t<\/a>\n\t\t\t\t\t\t\t\t\t<\/li>\n\t\t\t\t\t\t\t\t<li class=\"elementor-icon-list-item\">\n\t\t\t\t\t\t\t\t\t\t\t<a href=\"https:\/\/cosiam.net\/wp-content\/uploads\/2023\/09\/Material-del-MOOC-2022-Curso-corto.pdf\" target=\"_blank\">\n\n\t\t\t\t\t\t\t\t\t\t\t\t<span class=\"elementor-icon-list-icon\">\n\t\t\t\t\t\t\t<i aria-hidden=\"true\" class=\"fas fa-check-circle\"><\/i>\t\t\t\t\t\t<\/span>\n\t\t\t\t\t\t\t\t\t\t<span class=\"elementor-icon-list-text\">Material del MOOC 2022 Curso corto: Introducci\u00f3n a la ciencia de datos a trav\u00e9s del procesamiento de lenguaje natural<\/span>\n\t\t\t\t\t\t\t\t\t\t\t<\/a>\n\t\t\t\t\t\t\t\t\t<\/li>\n\t\t\t\t\t\t\t\t<li class=\"elementor-icon-list-item\">\n\t\t\t\t\t\t\t\t\t\t\t<a href=\"https:\/\/www.youtube.com\/watch?v=srQTRZzBnoo&#038;list=PLyaMKeUhRqfyr6D4MkAIV6e2ij9V23Ahx\" target=\"_blank\">\n\n\t\t\t\t\t\t\t\t\t\t\t\t<span class=\"elementor-icon-list-icon\">\n\t\t\t\t\t\t\t<i aria-hidden=\"true\" class=\"fas fa-check-circle\"><\/i>\t\t\t\t\t\t<\/span>\n\t\t\t\t\t\t\t\t\t\t<span class=\"elementor-icon-list-text\">Videos Tutoriales del MOOC 2022<\/span>\n\t\t\t\t\t\t\t\t\t\t\t<\/a>\n\t\t\t\t\t\t\t\t\t<\/li>\n\t\t\t\t\t\t\t\t<li class=\"elementor-icon-list-item\">\n\t\t\t\t\t\t\t\t\t\t\t<a href=\"https:\/\/cosiam.net\/wp-content\/uploads\/2023\/09\/Reglamento-del-Math-Modeling-Challenge-CoSIAM-2022.pdf\" target=\"_blank\">\n\n\t\t\t\t\t\t\t\t\t\t\t\t<span class=\"elementor-icon-list-icon\">\n\t\t\t\t\t\t\t<i aria-hidden=\"true\" class=\"fas fa-check-circle\"><\/i>\t\t\t\t\t\t<\/span>\n\t\t\t\t\t\t\t\t\t\t<span class=\"elementor-icon-list-text\">Reglamento del Math Modeling Challenge CoSIAM 2022<\/span>\n\t\t\t\t\t\t\t\t\t\t\t<\/a>\n\t\t\t\t\t\t\t\t\t<\/li>\n\t\t\t\t\t\t\t\t<li class=\"elementor-icon-list-item\">\n\t\t\t\t\t\t\t\t\t\t\t<a href=\"https:\/\/cosiam.net\/wp-content\/uploads\/2023\/09\/Rubrica-MMC-CoSIAM-2022.pdf\" target=\"_blank\">\n\n\t\t\t\t\t\t\t\t\t\t\t\t<span class=\"elementor-icon-list-icon\">\n\t\t\t\t\t\t\t<i aria-hidden=\"true\" class=\"fas fa-check-circle\"><\/i>\t\t\t\t\t\t<\/span>\n\t\t\t\t\t\t\t\t\t\t<span class=\"elementor-icon-list-text\">R\u00fabrica del Math Modeling Challenge CoSIAM 2022<\/span>\n\t\t\t\t\t\t\t\t\t\t\t<\/a>\n\t\t\t\t\t\t\t\t\t<\/li>\n\t\t\t\t\t\t<\/ul>\n\t\t\t\t\t\t<\/div>\n\t\t\t\t<\/div>\n\t\t\t\t\t<\/div>\n\t\t<\/div>\n\t\t\t\t\t<\/div>\n\t\t<\/section>\n\t\t\t\t<\/div>\n\t\t","protected":false},"excerpt":{"rendered":"<p>MMC CoSIAM Octubre 21 2022 \u00a1 Acepta y gana el reto ! El Math Modeling Challenge CoSIAM (MMC CoSIAM) es un concurso de modelamiento matem\u00e1tico, tipo hackday, en el que equipos de estudiantes provenientes de distintas universidades de Colombia y algunas invitadas del exterior, proponen una soluci\u00f3n a un problema del sector empresarial, a trav\u00e9s [&hellip;]<\/p>\n","protected":false},"author":1,"featured_media":0,"parent":25,"menu_order":0,"comment_status":"closed","ping_status":"closed","template":"elementor_header_footer","meta":{"give_campaign_id":0,"footnotes":""},"class_list":["post-4162","page","type-page","status-publish","hentry"],"campaignId":"","_links":{"self":[{"href":"https:\/\/cosiam.net\/index.php\/wp-json\/wp\/v2\/pages\/4162","targetHints":{"allow":["GET"]}}],"collection":[{"href":"https:\/\/cosiam.net\/index.php\/wp-json\/wp\/v2\/pages"}],"about":[{"href":"https:\/\/cosiam.net\/index.php\/wp-json\/wp\/v2\/types\/page"}],"author":[{"embeddable":true,"href":"https:\/\/cosiam.net\/index.php\/wp-json\/wp\/v2\/users\/1"}],"replies":[{"embeddable":true,"href":"https:\/\/cosiam.net\/index.php\/wp-json\/wp\/v2\/comments?post=4162"}],"version-history":[{"count":26,"href":"https:\/\/cosiam.net\/index.php\/wp-json\/wp\/v2\/pages\/4162\/revisions"}],"predecessor-version":[{"id":4205,"href":"https:\/\/cosiam.net\/index.php\/wp-json\/wp\/v2\/pages\/4162\/revisions\/4205"}],"up":[{"embeddable":true,"href":"https:\/\/cosiam.net\/index.php\/wp-json\/wp\/v2\/pages\/25"}],"wp:attachment":[{"href":"https:\/\/cosiam.net\/index.php\/wp-json\/wp\/v2\/media?parent=4162"}],"curies":[{"name":"wp","href":"https:\/\/api.w.org\/{rel}","templated":true}]}}