{"id":4468,"date":"2023-09-23T01:15:32","date_gmt":"2023-09-22T23:15:32","guid":{"rendered":"https:\/\/cosiam.net\/?page_id=4468"},"modified":"2023-09-23T01:29:35","modified_gmt":"2023-09-22T23:29:35","slug":"workshop-and-international-seminar-on-complexity-sciences-2021","status":"publish","type":"page","link":"https:\/\/cosiam.net\/index.php\/eventos\/workshop-and-international-seminar-on-complexity-sciences\/workshop-and-international-seminar-on-complexity-sciences-2021\/","title":{"rendered":"Workshop and International Seminar on Complexity Sciences 2021"},"content":{"rendered":"\t\t<div data-elementor-type=\"wp-page\" data-elementor-id=\"4468\" class=\"elementor elementor-4468\">\n\t\t\t\t\t\t<section class=\"elementor-section elementor-top-section elementor-element elementor-element-76795683 elementor-section-boxed elementor-section-height-default elementor-section-height-default\" data-id=\"76795683\" data-element_type=\"section\" data-e-type=\"section\" data-settings=\"{&quot;background_background&quot;:&quot;classic&quot;}\">\n\t\t\t\t\t\t\t<div class=\"elementor-background-overlay\"><\/div>\n\t\t\t\t\t\t\t<div class=\"elementor-container elementor-column-gap-default\">\n\t\t\t\t\t<div class=\"elementor-column elementor-col-50 elementor-top-column elementor-element elementor-element-b65931d elementor-hidden-tablet elementor-hidden-mobile\" data-id=\"b65931d\" data-element_type=\"column\" data-e-type=\"column\">\n\t\t\t<div class=\"elementor-widget-wrap elementor-element-populated\">\n\t\t\t\t\t\t<div class=\"elementor-element elementor-element-3676ac4d elementor-widget elementor-widget-image\" data-id=\"3676ac4d\" data-element_type=\"widget\" data-e-type=\"widget\" data-widget_type=\"image.default\">\n\t\t\t\t<div class=\"elementor-widget-container\">\n\t\t\t\t\t\t\t\t\t\t\t\t\t\t\t<img fetchpriority=\"high\" decoding=\"async\" width=\"235\" height=\"226\" src=\"https:\/\/cosiam.net\/wp-content\/uploads\/2023\/09\/logoseventosWISCS21.png\" class=\"attachment-large size-large wp-image-4243\" alt=\"\" \/>\t\t\t\t\t\t\t\t\t\t\t\t\t\t\t<\/div>\n\t\t\t\t<\/div>\n\t\t\t\t\t<\/div>\n\t\t<\/div>\n\t\t\t\t<div class=\"elementor-column elementor-col-50 elementor-top-column elementor-element elementor-element-6b5e0551\" data-id=\"6b5e0551\" data-element_type=\"column\" data-e-type=\"column\">\n\t\t\t<div class=\"elementor-widget-wrap elementor-element-populated\">\n\t\t\t\t\t\t<div class=\"elementor-element elementor-element-6598ce07 elementor-widget__width-auto animated-slow elementor-invisible elementor-widget elementor-widget-heading\" data-id=\"6598ce07\" data-element_type=\"widget\" data-e-type=\"widget\" data-settings=\"{&quot;_animation&quot;:&quot;fadeInLeft&quot;,&quot;_animation_tablet&quot;:&quot;none&quot;}\" data-widget_type=\"heading.default\">\n\t\t\t\t<div class=\"elementor-widget-container\">\n\t\t\t\t\t<h2 class=\"elementor-heading-title elementor-size-default\">Workshop and International Seminar on Complexity Sciences<\/h2>\t\t\t\t<\/div>\n\t\t\t\t<\/div>\n\t\t\t\t<div class=\"elementor-element elementor-element-70888e58 animated-slow elementor-invisible elementor-widget elementor-widget-podover_elementor_heading\" data-id=\"70888e58\" data-element_type=\"widget\" data-e-type=\"widget\" data-settings=\"{&quot;_animation&quot;:&quot;ova-move-up&quot;,&quot;_animation_tablet&quot;:&quot;none&quot;,&quot;_animation_delay&quot;:100}\" data-widget_type=\"podover_elementor_heading.default\">\n\t\t\t\t<div class=\"elementor-widget-container\">\n\t\t\t\t\t\t\t<div class=\"ova-title\">\n\n\t\t\t\n\t\t\t\t\t\t\t\t\t\t\t\t\t<h2 class=\"title\">\n\t\t\t\t\t\t\t2021\t\t\t\t\t\t<\/h2>\n\n\t\t\t\t\t\t\t\n\t\t\t\t\t\t\t<p class=\"description\"> 03 y 04 de Diciembre de 2021 <\/p>\n\t\t\t\n\t\t<\/div> \n\t\t\t\t\t\t<\/div>\n\t\t\t\t<\/div>\n\t\t\t\t\t<\/div>\n\t\t<\/div>\n\t\t\t\t\t<\/div>\n\t\t<\/section>\n\t\t\t\t<section class=\"elementor-section elementor-top-section elementor-element elementor-element-701574cd elementor-section-boxed elementor-section-height-default elementor-section-height-default\" data-id=\"701574cd\" data-element_type=\"section\" data-e-type=\"section\">\n\t\t\t\t\t\t<div class=\"elementor-container elementor-column-gap-default\">\n\t\t\t\t\t<div class=\"elementor-column elementor-col-100 elementor-top-column elementor-element elementor-element-57cab08d\" data-id=\"57cab08d\" data-element_type=\"column\" data-e-type=\"column\">\n\t\t\t<div class=\"elementor-widget-wrap elementor-element-populated\">\n\t\t\t\t\t\t<div class=\"elementor-element elementor-element-36bb7b43 elementor-widget elementor-widget-text-editor\" data-id=\"36bb7b43\" data-element_type=\"widget\" data-e-type=\"widget\" data-widget_type=\"text-editor.default\">\n\t\t\t\t<div class=\"elementor-widget-container\">\n\t\t\t\t\t\t\t\t\t<p>El Workshop and International Seminar on Complexity Science WISCS CoSIAM es un evento acad\u00e9mico especializado, multi-institucional e interdisciplinar, para el desarrollo de la investigaci\u00f3n en Colombia desde la matem\u00e1tica aplicada, en el que expertos obtienen realimentaci\u00f3n especializada para el fortalecimiento de sus trabajos cient\u00edficos.<\/p><p>En este a\u00f1o el evento enfoca su atenci\u00f3n en dos \u00e1reas de las matem\u00e1ticas y sus aplicaciones:<\/p><ul><li>Optimizaci\u00f3n Matem\u00e1tica<\/li><li>Sistemas Din\u00e1micos<\/li><\/ul><p>Se invita a expertos en estas \u00e1reas y afines a participar en este encuentro acad\u00e9mico en donde a trav\u00e9s de la presentaci\u00f3n de sus trabajos de cient\u00edficos mas actuales podr\u00e1 encontrar un excelente espacio de interacci\u00f3n acad\u00e9mica que permita fortalecer y\/o crear nuevas redes de investigaci\u00f3n acad\u00e9mica dentro de una comunidad dedicada a las aplicaciones matem\u00e1ticas.<\/p>\t\t\t\t\t\t\t\t<\/div>\n\t\t\t\t<\/div>\n\t\t\t\t\t<\/div>\n\t\t<\/div>\n\t\t\t\t\t<\/div>\n\t\t<\/section>\n\t\t\t\t<section class=\"elementor-section elementor-top-section elementor-element elementor-element-459b064e elementor-section-boxed elementor-section-height-default elementor-section-height-default\" data-id=\"459b064e\" data-element_type=\"section\" data-e-type=\"section\" data-settings=\"{&quot;background_background&quot;:&quot;classic&quot;}\">\n\t\t\t\t\t\t\t<div class=\"elementor-background-overlay\"><\/div>\n\t\t\t\t\t\t\t<div class=\"elementor-container elementor-column-gap-default\">\n\t\t\t\t\t<div class=\"elementor-column elementor-col-100 elementor-top-column elementor-element elementor-element-46901652\" data-id=\"46901652\" data-element_type=\"column\" data-e-type=\"column\">\n\t\t\t<div class=\"elementor-widget-wrap elementor-element-populated\">\n\t\t\t\t\t\t<div class=\"elementor-element elementor-element-73b9eb19 elementor-widget elementor-widget-heading\" data-id=\"73b9eb19\" data-element_type=\"widget\" data-e-type=\"widget\" data-widget_type=\"heading.default\">\n\t\t\t\t<div class=\"elementor-widget-container\">\n\t\t\t\t\t<h2 class=\"elementor-heading-title elementor-size-default\">Programaci\u00f3n<\/h2>\t\t\t\t<\/div>\n\t\t\t\t<\/div>\n\t\t\t\t\t<\/div>\n\t\t<\/div>\n\t\t\t\t\t<\/div>\n\t\t<\/section>\n\t\t\t\t<section class=\"elementor-section elementor-top-section elementor-element elementor-element-54e9504d elementor-section-boxed elementor-section-height-default elementor-section-height-default\" data-id=\"54e9504d\" data-element_type=\"section\" data-e-type=\"section\" data-settings=\"{&quot;background_background&quot;:&quot;classic&quot;}\">\n\t\t\t\t\t\t\t<div class=\"elementor-background-overlay\"><\/div>\n\t\t\t\t\t\t\t<div class=\"elementor-container elementor-column-gap-default\">\n\t\t\t\t\t<div class=\"elementor-column elementor-col-33 elementor-top-column elementor-element elementor-element-c3dd32\" data-id=\"c3dd32\" data-element_type=\"column\" data-e-type=\"column\">\n\t\t\t<div class=\"elementor-widget-wrap elementor-element-populated\">\n\t\t\t\t\t\t<div class=\"elementor-element elementor-element-31d4d273 elementor-view-default elementor-widget elementor-widget-icon\" data-id=\"31d4d273\" data-element_type=\"widget\" data-e-type=\"widget\" data-widget_type=\"icon.default\">\n\t\t\t\t<div class=\"elementor-widget-container\">\n\t\t\t\t\t\t\t<div class=\"elementor-icon-wrapper\">\n\t\t\t<div class=\"elementor-icon\">\n\t\t\t<i aria-hidden=\"true\" class=\"far fa-calendar-check\"><\/i>\t\t\t<\/div>\n\t\t<\/div>\n\t\t\t\t\t\t<\/div>\n\t\t\t\t<\/div>\n\t\t\t\t<div class=\"elementor-element elementor-element-785b676e elementor-widget elementor-widget-heading\" data-id=\"785b676e\" data-element_type=\"widget\" data-e-type=\"widget\" data-widget_type=\"heading.default\">\n\t\t\t\t<div class=\"elementor-widget-container\">\n\t\t\t\t\t<h2 class=\"elementor-heading-title elementor-size-default\">Viernes 3 de diciembre de 2021  (Jornada de la ma\u00f1ana)\nChairman: Andr\u00e9s Rivera\/Diego Mu\u00f1oz<\/h2>\t\t\t\t<\/div>\n\t\t\t\t<\/div>\n\t\t\t\t<div class=\"elementor-element elementor-element-5a81c263 elementor-widget elementor-widget-text-editor\" data-id=\"5a81c263\" data-element_type=\"widget\" data-e-type=\"widget\" data-widget_type=\"text-editor.default\">\n\t\t\t\t<div class=\"elementor-widget-container\">\n\t\t\t\t\t\t\t\t\t<ul><li>8:00 am-8:15 am.<br \/>Palabras de Bienvenida<\/li><li>8:15 am- 8:50 am<br \/><strong>Gerardo Espinosa.<\/strong> <br \/>Universidad Nacional Aut\u00f3noma de M\u00e9xico. UNAM-M\u00e9xico. Charla: Control de Sistemas Hamiltonianos.<\/li><li>8:50 am-9:25 am<br \/><strong>Vadim Azhmyakov.<\/strong> <br \/>Universit\u00e4t der Bundeswehr M\u00fcnchen, Munich-Germany. National Research University Higher School of Economics, Moscow-Russia. Charla: Control Theoretical Foundations of the HJB Involved Optimization and Reinforcement Learning.<\/li><li>9:25 am-10:00 am<br \/><strong>Diego Mu\u00f1oz.<\/strong> <br \/>Universidad Pontificia Bolivariana, sede Medell\u00edn-Colombia. Charla: El modelamiento matem\u00e1tico, la optimizaci\u00f3n robusta y la computaci\u00f3n cient\u00edfica: Aplicaci\u00f3n en contextos industriales.<\/li><li>10:00 am-10:35 am<br \/><strong>Mauricio Becerra.<\/strong> <br \/>Universidad Cat\u00f3lica de Colombia. Charla: Sustainable energy supply chain modeling.<\/li><li>10:35 am-11:10 am<br \/><strong>Pablo Amster.<\/strong> <br \/>Universidad de Buenos Aires-Argentina. Charla: Ecuaciones diferenciales con retraso y aplicaciones a modelos de din\u00e1mica poblacional.<\/li><li>11:10 am-11:45 am<br \/><strong>Edwin Barrios<\/strong>. <br \/>Universidad del Valle. Charla: Impacto del control de vectores y la erradicaci\u00f3n de \u00e1rboles en el patosistema Diaphorina citri-HLB.<\/li><\/ul>\t\t\t\t\t\t\t\t<\/div>\n\t\t\t\t<\/div>\n\t\t\t\t\t<\/div>\n\t\t<\/div>\n\t\t\t\t<div class=\"elementor-column elementor-col-33 elementor-top-column elementor-element elementor-element-2684064d\" data-id=\"2684064d\" data-element_type=\"column\" data-e-type=\"column\">\n\t\t\t<div class=\"elementor-widget-wrap elementor-element-populated\">\n\t\t\t\t\t\t<div class=\"elementor-element elementor-element-cfb706f elementor-view-default elementor-widget elementor-widget-icon\" data-id=\"cfb706f\" data-element_type=\"widget\" data-e-type=\"widget\" data-widget_type=\"icon.default\">\n\t\t\t\t<div class=\"elementor-widget-container\">\n\t\t\t\t\t\t\t<div class=\"elementor-icon-wrapper\">\n\t\t\t<div class=\"elementor-icon\">\n\t\t\t<i aria-hidden=\"true\" class=\"far fa-calendar-check\"><\/i>\t\t\t<\/div>\n\t\t<\/div>\n\t\t\t\t\t\t<\/div>\n\t\t\t\t<\/div>\n\t\t\t\t<div class=\"elementor-element elementor-element-42b92949 elementor-widget elementor-widget-heading\" data-id=\"42b92949\" data-element_type=\"widget\" data-e-type=\"widget\" data-widget_type=\"heading.default\">\n\t\t\t\t<div class=\"elementor-widget-container\">\n\t\t\t\t\t<h2 class=\"elementor-heading-title elementor-size-default\">Viernes 3 de diciembre de 2021 (Jornada de la tarde)\nChairman: Andr\u00e9s Rivera<\/h2>\t\t\t\t<\/div>\n\t\t\t\t<\/div>\n\t\t\t\t<div class=\"elementor-element elementor-element-2e89d602 elementor-widget elementor-widget-text-editor\" data-id=\"2e89d602\" data-element_type=\"widget\" data-e-type=\"widget\" data-widget_type=\"text-editor.default\">\n\t\t\t\t<div class=\"elementor-widget-container\">\n\t\t\t\t\t\t\t\t\t<ul><li>2:30 pm-3:05 pm<br \/><strong>Gerard Olivar.<\/strong> <br \/>Universidad de Aysen-Chile. Charla: Conocen aquel chiste del matem\u00e1tico, el ingeniero y el campesino que\u2026.<\/li><li>3:05 pm-3:40 pm\u00c7<br \/><strong>Johan Redondo<\/strong> <br \/>Universidad Cat\u00f3lica de Colombia. Charla: Sostenibilidades y pseudosostenibilidades.<\/li><li>3:40 pm-4:15 pm<br \/><strong>Jorge Amador.<\/strong> <br \/>Instituto Humboldt. Charla: Sensibilidad a la competici\u00f3n y mutualismo en redes ecol\u00f3gicas din\u00e1micas.<\/li><li>4:15 pm-4:50 pm<br \/><strong>Jes\u00fas Rodr\u00edguez.<\/strong> <br \/>HEC Montreal-Canad\u00e1. Charla: Modelado responsable para la toma de decisiones en sistemas complejos.<\/li><li>4:50 pm-5:25 pm<br \/><strong>Carlos Gonz\u00e1lez.<\/strong> <br \/>Alliance Bioversity-CIAT. Charla: An\u00e1lisis de redes para la protecci\u00f3n de la Amazonia.<\/li><\/ul>\t\t\t\t\t\t\t\t<\/div>\n\t\t\t\t<\/div>\n\t\t\t\t\t<\/div>\n\t\t<\/div>\n\t\t\t\t<div class=\"elementor-column elementor-col-33 elementor-top-column elementor-element elementor-element-47de50d5\" data-id=\"47de50d5\" data-element_type=\"column\" data-e-type=\"column\">\n\t\t\t<div class=\"elementor-widget-wrap elementor-element-populated\">\n\t\t\t\t\t\t<div class=\"elementor-element elementor-element-235eb9 elementor-view-default elementor-widget elementor-widget-icon\" data-id=\"235eb9\" data-element_type=\"widget\" data-e-type=\"widget\" data-widget_type=\"icon.default\">\n\t\t\t\t<div class=\"elementor-widget-container\">\n\t\t\t\t\t\t\t<div class=\"elementor-icon-wrapper\">\n\t\t\t<div class=\"elementor-icon\">\n\t\t\t<i aria-hidden=\"true\" class=\"far fa-calendar-check\"><\/i>\t\t\t<\/div>\n\t\t<\/div>\n\t\t\t\t\t\t<\/div>\n\t\t\t\t<\/div>\n\t\t\t\t<div class=\"elementor-element elementor-element-45d28804 elementor-widget elementor-widget-heading\" data-id=\"45d28804\" data-element_type=\"widget\" data-e-type=\"widget\" data-widget_type=\"heading.default\">\n\t\t\t\t<div class=\"elementor-widget-container\">\n\t\t\t\t\t<h2 class=\"elementor-heading-title elementor-size-default\">S\u00e1bado 4 de diciembre de 2021\nChairman: Andr\u00e9s Rivera<\/h2>\t\t\t\t<\/div>\n\t\t\t\t<\/div>\n\t\t\t\t<div class=\"elementor-element elementor-element-2b3b1ebf elementor-widget elementor-widget-text-editor\" data-id=\"2b3b1ebf\" data-element_type=\"widget\" data-e-type=\"widget\" data-widget_type=\"text-editor.default\">\n\t\t\t\t<div class=\"elementor-widget-container\">\n\t\t\t\t\t\t\t\t\t<ul><li>8:15 am-8:50 am<br \/><strong>Andr\u00e9s Ethorimn.<br \/><\/strong>Universidad Nacional de Colombia. Charla: A transmission model for the study of structural and dynamical properties of the scientific literature citation.\u200b<\/li><li>8:50 am-9:25 am<br \/><strong>Julieth Garc\u00eda.<\/strong> <br \/>Universidad Nacional de Colombia, sede Medell\u00edn-Colombia. Charla: Transici\u00f3n energ\u00e9tica en el transporte terrestre.<\/li><li>9:25 am-10:00 am<br \/><strong>Sebastian Zapata<\/strong> <br \/>Universidad de Bogot\u00e1 Jorge Tadeo Lozano-Colombia. Charla: Investigating the concurrence of transmission grid expansion and the dissemination of renewables.<\/li><li>10:00 am-10:35 am<br \/><strong>Alejandro Garc\u00e9s.<br \/><\/strong>Universidad Tecnol\u00f3gica de Pereira-Colombia. Charla: Matem\u00e1ticas aplicadas a la operaci\u00f3n de sistemas el\u00e9ctricos.<\/li><li>10:35 am-11:10 am<br \/><strong>Rafael Renter\u00eda.<\/strong> <br \/>UNAD-Colombia Charla: Identificaci\u00f3n de patrones espacio-temporales en redes de eventos.<\/li><li>11:10 am-11:45 am<br \/><strong>Alexander Guti\u00e9rrez.<br \/><\/strong>Universidad Tecnol\u00f3gica de Pereira-Colombia. Charla: Algunos resultados sobre los modelos de Microscopios de Fuerza At\u00f3mica.<br \/>\u200b<br \/>Cierre del evento.<\/li><\/ul>\t\t\t\t\t\t\t\t<\/div>\n\t\t\t\t<\/div>\n\t\t\t\t\t<\/div>\n\t\t<\/div>\n\t\t\t\t\t<\/div>\n\t\t<\/section>\n\t\t\t\t<\/div>\n\t\t","protected":false},"excerpt":{"rendered":"<p>Workshop and International Seminar on Complexity Sciences 2021 03 y 04 de Diciembre de 2021 El Workshop and International Seminar on Complexity Science WISCS CoSIAM es un evento acad\u00e9mico especializado, multi-institucional e interdisciplinar, para el desarrollo de la investigaci\u00f3n en Colombia desde la matem\u00e1tica aplicada, en el que expertos obtienen realimentaci\u00f3n especializada para el fortalecimiento [&hellip;]<\/p>\n","protected":false},"author":1,"featured_media":0,"parent":4425,"menu_order":0,"comment_status":"closed","ping_status":"closed","template":"elementor_header_footer","meta":{"give_campaign_id":0,"footnotes":""},"class_list":["post-4468","page","type-page","status-publish","hentry"],"campaignId":"","_links":{"self":[{"href":"https:\/\/cosiam.net\/index.php\/wp-json\/wp\/v2\/pages\/4468","targetHints":{"allow":["GET"]}}],"collection":[{"href":"https:\/\/cosiam.net\/index.php\/wp-json\/wp\/v2\/pages"}],"about":[{"href":"https:\/\/cosiam.net\/index.php\/wp-json\/wp\/v2\/types\/page"}],"author":[{"embeddable":true,"href":"https:\/\/cosiam.net\/index.php\/wp-json\/wp\/v2\/users\/1"}],"replies":[{"embeddable":true,"href":"https:\/\/cosiam.net\/index.php\/wp-json\/wp\/v2\/comments?post=4468"}],"version-history":[{"count":25,"href":"https:\/\/cosiam.net\/index.php\/wp-json\/wp\/v2\/pages\/4468\/revisions"}],"predecessor-version":[{"id":4496,"href":"https:\/\/cosiam.net\/index.php\/wp-json\/wp\/v2\/pages\/4468\/revisions\/4496"}],"up":[{"embeddable":true,"href":"https:\/\/cosiam.net\/index.php\/wp-json\/wp\/v2\/pages\/4425"}],"wp:attachment":[{"href":"https:\/\/cosiam.net\/index.php\/wp-json\/wp\/v2\/media?parent=4468"}],"curies":[{"name":"wp","href":"https:\/\/api.w.org\/{rel}","templated":true}]}}