{"id":4498,"date":"2023-09-23T01:34:23","date_gmt":"2023-09-22T23:34:23","guid":{"rendered":"https:\/\/cosiam.net\/?page_id=4498"},"modified":"2023-09-23T01:45:21","modified_gmt":"2023-09-22T23:45:21","slug":"workshop-and-international-seminar-on-complexity-sciences-2020","status":"publish","type":"page","link":"https:\/\/cosiam.net\/index.php\/eventos\/workshop-and-international-seminar-on-complexity-sciences\/workshop-and-international-seminar-on-complexity-sciences-2020\/","title":{"rendered":"Workshop and International Seminar on Complexity Sciences 2020"},"content":{"rendered":"\t\t<div data-elementor-type=\"wp-page\" data-elementor-id=\"4498\" class=\"elementor elementor-4498\">\n\t\t\t\t\t\t<section class=\"elementor-section elementor-top-section elementor-element elementor-element-70c1fe4a elementor-section-boxed elementor-section-height-default elementor-section-height-default\" data-id=\"70c1fe4a\" data-element_type=\"section\" data-e-type=\"section\" data-settings=\"{&quot;background_background&quot;:&quot;classic&quot;}\">\n\t\t\t\t\t\t\t<div class=\"elementor-background-overlay\"><\/div>\n\t\t\t\t\t\t\t<div class=\"elementor-container elementor-column-gap-default\">\n\t\t\t\t\t<div class=\"elementor-column elementor-col-50 elementor-top-column elementor-element elementor-element-630fe197 elementor-hidden-tablet elementor-hidden-mobile\" data-id=\"630fe197\" data-element_type=\"column\" data-e-type=\"column\">\n\t\t\t<div class=\"elementor-widget-wrap elementor-element-populated\">\n\t\t\t\t\t\t<div class=\"elementor-element elementor-element-74b1ede0 elementor-widget elementor-widget-image\" data-id=\"74b1ede0\" data-element_type=\"widget\" data-e-type=\"widget\" data-widget_type=\"image.default\">\n\t\t\t\t<div class=\"elementor-widget-container\">\n\t\t\t\t\t\t\t\t\t\t\t\t\t\t\t<img fetchpriority=\"high\" decoding=\"async\" width=\"235\" height=\"226\" src=\"https:\/\/cosiam.net\/wp-content\/uploads\/2023\/09\/logoseventosWISCS21.png\" class=\"attachment-large size-large wp-image-4243\" alt=\"\" \/>\t\t\t\t\t\t\t\t\t\t\t\t\t\t\t<\/div>\n\t\t\t\t<\/div>\n\t\t\t\t\t<\/div>\n\t\t<\/div>\n\t\t\t\t<div class=\"elementor-column elementor-col-50 elementor-top-column elementor-element elementor-element-5cf58d36\" data-id=\"5cf58d36\" data-element_type=\"column\" data-e-type=\"column\">\n\t\t\t<div class=\"elementor-widget-wrap elementor-element-populated\">\n\t\t\t\t\t\t<div class=\"elementor-element elementor-element-461857c7 elementor-widget__width-auto animated-slow elementor-invisible elementor-widget elementor-widget-heading\" data-id=\"461857c7\" data-element_type=\"widget\" data-e-type=\"widget\" data-settings=\"{&quot;_animation&quot;:&quot;fadeInLeft&quot;,&quot;_animation_tablet&quot;:&quot;none&quot;}\" data-widget_type=\"heading.default\">\n\t\t\t\t<div class=\"elementor-widget-container\">\n\t\t\t\t\t<h2 class=\"elementor-heading-title elementor-size-default\">Workshop and International Seminar on Complexity Sciences<\/h2>\t\t\t\t<\/div>\n\t\t\t\t<\/div>\n\t\t\t\t<div class=\"elementor-element elementor-element-4b6c61d animated-slow elementor-invisible elementor-widget elementor-widget-podover_elementor_heading\" data-id=\"4b6c61d\" data-element_type=\"widget\" data-e-type=\"widget\" data-settings=\"{&quot;_animation&quot;:&quot;ova-move-up&quot;,&quot;_animation_tablet&quot;:&quot;none&quot;,&quot;_animation_delay&quot;:100}\" data-widget_type=\"podover_elementor_heading.default\">\n\t\t\t\t<div class=\"elementor-widget-container\">\n\t\t\t\t\t\t\t<div class=\"ova-title\">\n\n\t\t\t\n\t\t\t\t\t\t\t\t\t\t\t\t\t<h2 class=\"title\">\n\t\t\t\t\t\t\t2021\t\t\t\t\t\t<\/h2>\n\n\t\t\t\t\t\t\t\n\t\t\t\t\t\t\t<p class=\"description\"> 27 y 28 de Noviembre <\/p>\n\t\t\t\n\t\t<\/div> \n\t\t\t\t\t\t<\/div>\n\t\t\t\t<\/div>\n\t\t\t\t\t<\/div>\n\t\t<\/div>\n\t\t\t\t\t<\/div>\n\t\t<\/section>\n\t\t\t\t<section class=\"elementor-section elementor-top-section elementor-element elementor-element-482201c0 elementor-section-boxed elementor-section-height-default elementor-section-height-default\" data-id=\"482201c0\" data-element_type=\"section\" data-e-type=\"section\">\n\t\t\t\t\t\t<div class=\"elementor-container elementor-column-gap-default\">\n\t\t\t\t\t<div class=\"elementor-column elementor-col-100 elementor-top-column elementor-element elementor-element-64738817\" data-id=\"64738817\" data-element_type=\"column\" data-e-type=\"column\">\n\t\t\t<div class=\"elementor-widget-wrap elementor-element-populated\">\n\t\t\t\t\t\t<div class=\"elementor-element elementor-element-64e7a0d8 elementor-widget elementor-widget-text-editor\" data-id=\"64e7a0d8\" data-element_type=\"widget\" data-e-type=\"widget\" data-widget_type=\"text-editor.default\">\n\t\t\t\t<div class=\"elementor-widget-container\">\n\t\t\t\t\t\t\t\t\t<p>El Workshop and International Seminar on Complexity Science WISCS CoSIAM 2020 es un evento acad\u00e9mico especializado, multi-institucional e interdisciplinar, para el desarrollo de la investigaci\u00f3n en Colombia desde la matem\u00e1tica aplicada, en el que expertos obtienen realimentaci\u00f3n especializada para el fortalecimiento de sus trabajos cient\u00edficos.<br \/>\u200b<br \/>Si deseas participar como asistente, escr\u00edbenos al correo electr\u00f3nico rafael.renteria@unad.edu.co, hasta el d\u00eda 26 de noviembre\/20 para compartirte el enlace de conexi\u00f3n.<\/p>\t\t\t\t\t\t\t\t<\/div>\n\t\t\t\t<\/div>\n\t\t\t\t\t<\/div>\n\t\t<\/div>\n\t\t\t\t\t<\/div>\n\t\t<\/section>\n\t\t\t\t<section class=\"elementor-section elementor-top-section elementor-element elementor-element-80000e2 elementor-section-boxed elementor-section-height-default elementor-section-height-default\" data-id=\"80000e2\" data-element_type=\"section\" data-e-type=\"section\" data-settings=\"{&quot;background_background&quot;:&quot;classic&quot;}\">\n\t\t\t\t\t\t\t<div class=\"elementor-background-overlay\"><\/div>\n\t\t\t\t\t\t\t<div class=\"elementor-container elementor-column-gap-default\">\n\t\t\t\t\t<div class=\"elementor-column elementor-col-100 elementor-top-column elementor-element elementor-element-78f9ae98\" data-id=\"78f9ae98\" data-element_type=\"column\" data-e-type=\"column\">\n\t\t\t<div class=\"elementor-widget-wrap elementor-element-populated\">\n\t\t\t\t\t\t<div class=\"elementor-element elementor-element-42a3e334 elementor-widget elementor-widget-heading\" data-id=\"42a3e334\" data-element_type=\"widget\" data-e-type=\"widget\" data-widget_type=\"heading.default\">\n\t\t\t\t<div class=\"elementor-widget-container\">\n\t\t\t\t\t<h2 class=\"elementor-heading-title elementor-size-default\">Programa definitivo<\/h2>\t\t\t\t<\/div>\n\t\t\t\t<\/div>\n\t\t\t\t\t<\/div>\n\t\t<\/div>\n\t\t\t\t\t<\/div>\n\t\t<\/section>\n\t\t\t\t<section class=\"elementor-section elementor-top-section elementor-element elementor-element-626caf85 elementor-section-boxed elementor-section-height-default elementor-section-height-default\" data-id=\"626caf85\" data-element_type=\"section\" data-e-type=\"section\" data-settings=\"{&quot;background_background&quot;:&quot;classic&quot;}\">\n\t\t\t\t\t\t\t<div class=\"elementor-background-overlay\"><\/div>\n\t\t\t\t\t\t\t<div class=\"elementor-container elementor-column-gap-default\">\n\t\t\t\t\t<div class=\"elementor-column elementor-col-25 elementor-top-column elementor-element elementor-element-46120cbf\" data-id=\"46120cbf\" data-element_type=\"column\" data-e-type=\"column\">\n\t\t\t<div class=\"elementor-widget-wrap elementor-element-populated\">\n\t\t\t\t\t\t<div class=\"elementor-element elementor-element-4791b5d9 elementor-view-default elementor-widget elementor-widget-icon\" data-id=\"4791b5d9\" data-element_type=\"widget\" data-e-type=\"widget\" data-widget_type=\"icon.default\">\n\t\t\t\t<div class=\"elementor-widget-container\">\n\t\t\t\t\t\t\t<div class=\"elementor-icon-wrapper\">\n\t\t\t<div class=\"elementor-icon\">\n\t\t\t<i aria-hidden=\"true\" class=\"far fa-calendar-check\"><\/i>\t\t\t<\/div>\n\t\t<\/div>\n\t\t\t\t\t\t<\/div>\n\t\t\t\t<\/div>\n\t\t\t\t<div class=\"elementor-element elementor-element-43c29eb4 elementor-widget elementor-widget-heading\" data-id=\"43c29eb4\" data-element_type=\"widget\" data-e-type=\"widget\" data-widget_type=\"heading.default\">\n\t\t\t\t<div class=\"elementor-widget-container\">\n\t\t\t\t\t<h2 class=\"elementor-heading-title elementor-size-default\">Viernes 27 de noviembre de 2020\n8 - 10 m\nChairman: Johan Manuel Redondo<\/h2>\t\t\t\t<\/div>\n\t\t\t\t<\/div>\n\t\t\t\t<div class=\"elementor-element elementor-element-78d4d269 elementor-widget elementor-widget-text-editor\" data-id=\"78d4d269\" data-element_type=\"widget\" data-e-type=\"widget\" data-widget_type=\"text-editor.default\">\n\t\t\t\t<div class=\"elementor-widget-container\">\n\t\t\t\t\t\t\t\t\t<ul><li><strong>Jos\u00e9 Daniel Morcillo &#8211; Universidad de Monterrey<\/strong> &#8211; From hybrid System Dynamics\/Dynamic Systems models to a data analytics perspective: a broader approach.<\/li><li><strong>Mauricio Becerra Fern\u00e1ndez &#8211; Universidad Catolica de Colombia<\/strong> &#8211; Planning in the sustainable supply of goods using System Dynamics<\/li><li><strong>Sebastian Zapata &#8211; Universidad Jorge Tadeo Lozano<\/strong> &#8211; Renewables for supporting supply adequacy in Colombia<\/li><li><strong>Johnny Valencia &#8211; Universidad Aysen<\/strong> &#8211; Challenges and opportunities for modeling and simulation in the dynamics of the Chilean energy market in a context of the energy transition: a system dynamics<\/li><\/ul>\t\t\t\t\t\t\t\t<\/div>\n\t\t\t\t<\/div>\n\t\t\t\t\t<\/div>\n\t\t<\/div>\n\t\t\t\t<div class=\"elementor-column elementor-col-25 elementor-top-column elementor-element elementor-element-3db1eb8c\" data-id=\"3db1eb8c\" data-element_type=\"column\" data-e-type=\"column\">\n\t\t\t<div class=\"elementor-widget-wrap elementor-element-populated\">\n\t\t\t\t\t\t<div class=\"elementor-element elementor-element-1bf64dbe elementor-view-default elementor-widget elementor-widget-icon\" data-id=\"1bf64dbe\" data-element_type=\"widget\" data-e-type=\"widget\" data-widget_type=\"icon.default\">\n\t\t\t\t<div class=\"elementor-widget-container\">\n\t\t\t\t\t\t\t<div class=\"elementor-icon-wrapper\">\n\t\t\t<div class=\"elementor-icon\">\n\t\t\t<i aria-hidden=\"true\" class=\"far fa-calendar-check\"><\/i>\t\t\t<\/div>\n\t\t<\/div>\n\t\t\t\t\t\t<\/div>\n\t\t\t\t<\/div>\n\t\t\t\t<div class=\"elementor-element elementor-element-4b7b046e elementor-widget elementor-widget-heading\" data-id=\"4b7b046e\" data-element_type=\"widget\" data-e-type=\"widget\" data-widget_type=\"heading.default\">\n\t\t\t\t<div class=\"elementor-widget-container\">\n\t\t\t\t\t<h2 class=\"elementor-heading-title elementor-size-default\">Viernes 27 de noviembre de 2020\n10am - 12pm\nChairman: Johnny Valencia<\/h2>\t\t\t\t<\/div>\n\t\t\t\t<\/div>\n\t\t\t\t<div class=\"elementor-element elementor-element-2c726ad1 elementor-widget elementor-widget-text-editor\" data-id=\"2c726ad1\" data-element_type=\"widget\" data-e-type=\"widget\" data-widget_type=\"text-editor.default\">\n\t\t\t\t<div class=\"elementor-widget-container\">\n\t\t\t\t\t\t\t\t\t<ul><li><strong>Arles Rodr\u00edguez &#8211; Universidad Konrad Lorenz<\/strong> &#8211; Aplicaciones de sistemas multiagente en redes complejas: auto-recuperaci\u00f3n y oportunidades de investigaci\u00f3n<\/li><li><strong>Miguel Vera &#8211; Universidad Sim\u00f3n Bol\u00edva<\/strong>r &#8211; La deconstrucci\u00f3n como recurso para la transformaci\u00f3n de modelos matem\u00e1ticos que rigen procesos din\u00e1micos.<\/li><li><strong>Carlos Andr\u00e9s Salazar &#8211; Universidad Pontificia Bolivariana<\/strong> &#8211; Un Metamodelo de la Din\u00e1mica Cooperativa en Redes de Investigaci\u00f3n y Desarrollo (I+D).<\/li><li><strong>Rafael Renter\u00eda Ramos &#8211; UNAD-UNAL<\/strong> &#8211; An\u00e1lisis de la infecci\u00f3n por SARS-CoV-2 usando redes de co-expresi\u00f3n g\u00e9nica multicapa<\/li><li><strong>Gerard Olivar &#8211; Universidad Aysen<\/strong> &#8211; Temporal Complex Networks a as tool for project management evolution Applications to Civil Engineering<\/li><\/ul>\t\t\t\t\t\t\t\t<\/div>\n\t\t\t\t<\/div>\n\t\t\t\t\t<\/div>\n\t\t<\/div>\n\t\t\t\t<div class=\"elementor-column elementor-col-25 elementor-top-column elementor-element elementor-element-1493b800\" data-id=\"1493b800\" data-element_type=\"column\" data-e-type=\"column\">\n\t\t\t<div class=\"elementor-widget-wrap elementor-element-populated\">\n\t\t\t\t\t\t<div class=\"elementor-element elementor-element-289be117 elementor-view-default elementor-widget elementor-widget-icon\" data-id=\"289be117\" data-element_type=\"widget\" data-e-type=\"widget\" data-widget_type=\"icon.default\">\n\t\t\t\t<div class=\"elementor-widget-container\">\n\t\t\t\t\t\t\t<div class=\"elementor-icon-wrapper\">\n\t\t\t<div class=\"elementor-icon\">\n\t\t\t<i aria-hidden=\"true\" class=\"far fa-calendar-check\"><\/i>\t\t\t<\/div>\n\t\t<\/div>\n\t\t\t\t\t\t<\/div>\n\t\t\t\t<\/div>\n\t\t\t\t<div class=\"elementor-element elementor-element-734c1c16 elementor-widget elementor-widget-heading\" data-id=\"734c1c16\" data-element_type=\"widget\" data-e-type=\"widget\" data-widget_type=\"heading.default\">\n\t\t\t\t<div class=\"elementor-widget-container\">\n\t\t\t\t\t<h2 class=\"elementor-heading-title elementor-size-default\">Viernes 27 de noviembre de 2020\n2pm - 4pm\nChairman: Abel Alvarez<\/h2>\t\t\t\t<\/div>\n\t\t\t\t<\/div>\n\t\t\t\t<div class=\"elementor-element elementor-element-1d4acb1f elementor-widget elementor-widget-text-editor\" data-id=\"1d4acb1f\" data-element_type=\"widget\" data-e-type=\"widget\" data-widget_type=\"text-editor.default\">\n\t\t\t\t<div class=\"elementor-widget-container\">\n\t\t\t\t\t\t\t\t\t<ul><li><strong>Gustavo Carrero &#8211; Athabasca University<\/strong> &#8211; Uso de un modelo matem\u00e1tico para entender la din\u00e1mica de la poblaci\u00f3n estudiantil en un programa universitario abierto con ritmo de estudio propio.<\/li><li><strong>Gustavo Paccosi &#8211; Universidad General Sarmiento<\/strong> &#8211; Algoritmo para la construcci\u00f3n de curvas que separan diferentes \u00f3rdenes de sincronizaci\u00f3n<\/li><li><strong>Edwin Tocor\u00e1 &#8211; Universidad Panamericana<\/strong>&#8211; An\u00e1lisis factorial exploratorio: un estudio descriptivo<\/li><li><strong>Adolfo Pimienta &#8211; Unisim\u00f3n Barranquilla<\/strong> &#8211; Una breve mirada a las Ecuaciones diferenciales difusas y los Sistemas Din\u00e1micos Difusos.<\/li><li><strong>Abel del Rio Cortina &#8211; Corpoing<\/strong> &#8211; Visi\u00f3n compartida para el an\u00e1lisis de las brechas organizacionales, un camino hacia el mejoramiento de la implementaci\u00f3n estrat\u00e9gica<\/li><\/ul>\t\t\t\t\t\t\t\t<\/div>\n\t\t\t\t<\/div>\n\t\t\t\t\t<\/div>\n\t\t<\/div>\n\t\t\t\t<div class=\"elementor-column elementor-col-25 elementor-top-column elementor-element elementor-element-32235eaa\" data-id=\"32235eaa\" data-element_type=\"column\" data-e-type=\"column\">\n\t\t\t<div class=\"elementor-widget-wrap elementor-element-populated\">\n\t\t\t\t\t\t<div class=\"elementor-element elementor-element-63bf26f9 elementor-view-default elementor-widget elementor-widget-icon\" data-id=\"63bf26f9\" data-element_type=\"widget\" data-e-type=\"widget\" data-widget_type=\"icon.default\">\n\t\t\t\t<div class=\"elementor-widget-container\">\n\t\t\t\t\t\t\t<div class=\"elementor-icon-wrapper\">\n\t\t\t<div class=\"elementor-icon\">\n\t\t\t<i aria-hidden=\"true\" class=\"far fa-calendar-check\"><\/i>\t\t\t<\/div>\n\t\t<\/div>\n\t\t\t\t\t\t<\/div>\n\t\t\t\t<\/div>\n\t\t\t\t<div class=\"elementor-element elementor-element-252fdc51 elementor-widget elementor-widget-heading\" data-id=\"252fdc51\" data-element_type=\"widget\" data-e-type=\"widget\" data-widget_type=\"heading.default\">\n\t\t\t\t<div class=\"elementor-widget-container\">\n\t\t\t\t\t<h2 class=\"elementor-heading-title elementor-size-default\">S\u00e1bado 28 de noviembre de 2020\nS\u00e1bado 8am - 10am\nChairman: Gerard Oliva<\/h2>\t\t\t\t<\/div>\n\t\t\t\t<\/div>\n\t\t\t\t<div class=\"elementor-element elementor-element-a3fa3a3 elementor-widget elementor-widget-text-editor\" data-id=\"a3fa3a3\" data-element_type=\"widget\" data-e-type=\"widget\" data-widget_type=\"text-editor.default\">\n\t\t\t\t<div class=\"elementor-widget-container\">\n\t\t\t\t\t\t\t\t\t<ul><li><strong>Oscar Yandil &#8211; Universidad Utrech<\/strong>t &#8211; Explorando t\u00e9cnicas de visualizaci\u00f3n y modelamiento para el entendimiento de las transformaciones sociot\u00e9cnicas.<\/li><li><strong>Jorge Amador Moncada &#8211; Instituto Humboldt<\/strong> &#8211; Resiliencia de sistemas socioecol\u00f3gicos<\/li><li><strong>Johan Manuel Redondo &#8211; Universidad Cat\u00f3lica de Colombia<\/strong> &#8211; Teor\u00eda General de los Sistemas Socioecol\u00f3gicos<\/li><li><strong>Felber Arroyave &#8211; Universidad de California<\/strong> &#8211; Spatiotemporal biases on the research of wildlife trade.<\/li><li><strong>Abel Alvarez &#8211; Universidad Javeriana<\/strong> &#8211; Propagaci\u00f3n de contaminantes en aguas superficiales una aproximaci\u00f3n num\u00e9rica<br \/>\u200b<\/li><\/ul>\t\t\t\t\t\t\t\t<\/div>\n\t\t\t\t<\/div>\n\t\t\t\t\t<\/div>\n\t\t<\/div>\n\t\t\t\t\t<\/div>\n\t\t<\/section>\n\t\t\t\t<\/div>\n\t\t","protected":false},"excerpt":{"rendered":"<p>Workshop and International Seminar on Complexity Sciences 2021 27 y 28 de Noviembre El Workshop and International Seminar on Complexity Science WISCS CoSIAM 2020 es un evento acad\u00e9mico especializado, multi-institucional e interdisciplinar, para el desarrollo de la investigaci\u00f3n en Colombia desde la matem\u00e1tica aplicada, en el que expertos obtienen realimentaci\u00f3n especializada para el fortalecimiento de [&hellip;]<\/p>\n","protected":false},"author":1,"featured_media":0,"parent":4425,"menu_order":0,"comment_status":"closed","ping_status":"closed","template":"elementor_header_footer","meta":{"give_campaign_id":0,"footnotes":""},"class_list":["post-4498","page","type-page","status-publish","hentry"],"campaignId":"","_links":{"self":[{"href":"https:\/\/cosiam.net\/index.php\/wp-json\/wp\/v2\/pages\/4498","targetHints":{"allow":["GET"]}}],"collection":[{"href":"https:\/\/cosiam.net\/index.php\/wp-json\/wp\/v2\/pages"}],"about":[{"href":"https:\/\/cosiam.net\/index.php\/wp-json\/wp\/v2\/types\/page"}],"author":[{"embeddable":true,"href":"https:\/\/cosiam.net\/index.php\/wp-json\/wp\/v2\/users\/1"}],"replies":[{"embeddable":true,"href":"https:\/\/cosiam.net\/index.php\/wp-json\/wp\/v2\/comments?post=4498"}],"version-history":[{"count":11,"href":"https:\/\/cosiam.net\/index.php\/wp-json\/wp\/v2\/pages\/4498\/revisions"}],"predecessor-version":[{"id":4510,"href":"https:\/\/cosiam.net\/index.php\/wp-json\/wp\/v2\/pages\/4498\/revisions\/4510"}],"up":[{"embeddable":true,"href":"https:\/\/cosiam.net\/index.php\/wp-json\/wp\/v2\/pages\/4425"}],"wp:attachment":[{"href":"https:\/\/cosiam.net\/index.php\/wp-json\/wp\/v2\/media?parent=4498"}],"curies":[{"name":"wp","href":"https:\/\/api.w.org\/{rel}","templated":true}]}}