{"id":4512,"date":"2023-09-23T01:48:17","date_gmt":"2023-09-22T23:48:17","guid":{"rendered":"https:\/\/cosiam.net\/?page_id=4512"},"modified":"2023-09-23T02:01:53","modified_gmt":"2023-09-23T00:01:53","slug":"workshop-and-international-seminar-on-complexity-sciences-2019","status":"publish","type":"page","link":"https:\/\/cosiam.net\/index.php\/eventos\/workshop-and-international-seminar-on-complexity-sciences\/workshop-and-international-seminar-on-complexity-sciences-2019\/","title":{"rendered":"Workshop and International Seminar on Complexity Sciences 2019"},"content":{"rendered":"\t\t<div data-elementor-type=\"wp-page\" data-elementor-id=\"4512\" class=\"elementor elementor-4512\">\n\t\t\t\t\t\t<section class=\"elementor-section elementor-top-section elementor-element elementor-element-69cabdbd elementor-section-boxed elementor-section-height-default elementor-section-height-default\" data-id=\"69cabdbd\" data-element_type=\"section\" data-e-type=\"section\" data-settings=\"{&quot;background_background&quot;:&quot;classic&quot;}\">\n\t\t\t\t\t\t\t<div class=\"elementor-background-overlay\"><\/div>\n\t\t\t\t\t\t\t<div class=\"elementor-container elementor-column-gap-default\">\n\t\t\t\t\t<div class=\"elementor-column elementor-col-50 elementor-top-column elementor-element elementor-element-40dc8f35 elementor-hidden-tablet elementor-hidden-mobile\" data-id=\"40dc8f35\" data-element_type=\"column\" data-e-type=\"column\">\n\t\t\t<div class=\"elementor-widget-wrap elementor-element-populated\">\n\t\t\t\t\t\t<div class=\"elementor-element elementor-element-6d9ca431 elementor-widget elementor-widget-image\" data-id=\"6d9ca431\" data-element_type=\"widget\" data-e-type=\"widget\" data-widget_type=\"image.default\">\n\t\t\t\t<div class=\"elementor-widget-container\">\n\t\t\t\t\t\t\t\t\t\t\t\t\t\t\t<img fetchpriority=\"high\" decoding=\"async\" width=\"235\" height=\"226\" src=\"https:\/\/cosiam.net\/wp-content\/uploads\/2023\/09\/logoseventosWISCS19.png\" class=\"attachment-large size-large wp-image-4515\" alt=\"\" \/>\t\t\t\t\t\t\t\t\t\t\t\t\t\t\t<\/div>\n\t\t\t\t<\/div>\n\t\t\t\t\t<\/div>\n\t\t<\/div>\n\t\t\t\t<div class=\"elementor-column elementor-col-50 elementor-top-column elementor-element elementor-element-170525d4\" data-id=\"170525d4\" data-element_type=\"column\" data-e-type=\"column\">\n\t\t\t<div class=\"elementor-widget-wrap elementor-element-populated\">\n\t\t\t\t\t\t<div class=\"elementor-element elementor-element-1f5a11a9 elementor-widget__width-auto animated-slow elementor-invisible elementor-widget elementor-widget-heading\" data-id=\"1f5a11a9\" data-element_type=\"widget\" data-e-type=\"widget\" data-settings=\"{&quot;_animation&quot;:&quot;fadeInLeft&quot;,&quot;_animation_tablet&quot;:&quot;none&quot;}\" data-widget_type=\"heading.default\">\n\t\t\t\t<div class=\"elementor-widget-container\">\n\t\t\t\t\t<h2 class=\"elementor-heading-title elementor-size-default\">Workshop and International Seminar on Complexity Sciences<\/h2>\t\t\t\t<\/div>\n\t\t\t\t<\/div>\n\t\t\t\t<div class=\"elementor-element elementor-element-321cc56f animated-slow elementor-invisible elementor-widget elementor-widget-podover_elementor_heading\" data-id=\"321cc56f\" data-element_type=\"widget\" data-e-type=\"widget\" data-settings=\"{&quot;_animation&quot;:&quot;ova-move-up&quot;,&quot;_animation_tablet&quot;:&quot;none&quot;,&quot;_animation_delay&quot;:100}\" data-widget_type=\"podover_elementor_heading.default\">\n\t\t\t\t<div class=\"elementor-widget-container\">\n\t\t\t\t\t\t\t<div class=\"ova-title\">\n\n\t\t\t\n\t\t\t\t\t\t\t\t\t\t\t\t\t<h2 class=\"title\">\n\t\t\t\t\t\t\t2019\t\t\t\t\t\t<\/h2>\n\n\t\t\t\t\t\t\t\n\t\t\t\t\t\t\t<p class=\"description\"> Noviembre 22 y 23 de 2019 <\/p>\n\t\t\t\n\t\t<\/div> \n\t\t\t\t\t\t<\/div>\n\t\t\t\t<\/div>\n\t\t\t\t\t<\/div>\n\t\t<\/div>\n\t\t\t\t\t<\/div>\n\t\t<\/section>\n\t\t\t\t<section class=\"elementor-section elementor-top-section elementor-element elementor-element-39101a54 elementor-section-boxed elementor-section-height-default elementor-section-height-default\" data-id=\"39101a54\" data-element_type=\"section\" data-e-type=\"section\">\n\t\t\t\t\t\t<div class=\"elementor-container elementor-column-gap-default\">\n\t\t\t\t\t<div class=\"elementor-column elementor-col-50 elementor-top-column elementor-element elementor-element-4d248bd\" data-id=\"4d248bd\" data-element_type=\"column\" data-e-type=\"column\">\n\t\t\t<div class=\"elementor-widget-wrap elementor-element-populated\">\n\t\t\t\t\t\t<div class=\"elementor-element elementor-element-19c3378 elementor-widget elementor-widget-image\" data-id=\"19c3378\" data-element_type=\"widget\" data-e-type=\"widget\" data-widget_type=\"image.default\">\n\t\t\t\t<div class=\"elementor-widget-container\">\n\t\t\t\t\t\t\t\t\t\t\t\t\t\t\t<img decoding=\"async\" width=\"360\" height=\"360\" src=\"https:\/\/cosiam.net\/wp-content\/uploads\/2023\/09\/konrad_lorenz.png\" class=\"attachment-large size-large wp-image-4520\" alt=\"\" srcset=\"https:\/\/cosiam.net\/wp-content\/uploads\/2023\/09\/konrad_lorenz.png 360w, https:\/\/cosiam.net\/wp-content\/uploads\/2023\/09\/konrad_lorenz-300x300.png 300w, https:\/\/cosiam.net\/wp-content\/uploads\/2023\/09\/konrad_lorenz-150x150.png 150w\" sizes=\"(max-width: 360px) 100vw, 360px\" \/>\t\t\t\t\t\t\t\t\t\t\t\t\t\t\t<\/div>\n\t\t\t\t<\/div>\n\t\t\t\t<div class=\"elementor-element elementor-element-7cb8d07 elementor-widget elementor-widget-image\" data-id=\"7cb8d07\" data-element_type=\"widget\" data-e-type=\"widget\" data-widget_type=\"image.default\">\n\t\t\t\t<div class=\"elementor-widget-container\">\n\t\t\t\t\t\t\t\t\t\t\t\t\t\t\t<img decoding=\"async\" width=\"800\" height=\"371\" src=\"https:\/\/cosiam.net\/wp-content\/uploads\/2023\/09\/LOGO-FELLOWS-COLOMBIA.jpg.webp\" class=\"attachment-large size-large wp-image-4521\" alt=\"\" srcset=\"https:\/\/cosiam.net\/wp-content\/uploads\/2023\/09\/LOGO-FELLOWS-COLOMBIA.jpg.webp 960w, https:\/\/cosiam.net\/wp-content\/uploads\/2023\/09\/LOGO-FELLOWS-COLOMBIA.jpg-300x139.webp 300w, https:\/\/cosiam.net\/wp-content\/uploads\/2023\/09\/LOGO-FELLOWS-COLOMBIA.jpg-768x356.webp 768w\" sizes=\"(max-width: 800px) 100vw, 800px\" \/>\t\t\t\t\t\t\t\t\t\t\t\t\t\t\t<\/div>\n\t\t\t\t<\/div>\n\t\t\t\t\t<\/div>\n\t\t<\/div>\n\t\t\t\t<div class=\"elementor-column elementor-col-50 elementor-top-column elementor-element elementor-element-ad23d6e\" data-id=\"ad23d6e\" data-element_type=\"column\" data-e-type=\"column\">\n\t\t\t<div class=\"elementor-widget-wrap elementor-element-populated\">\n\t\t\t\t\t\t<div class=\"elementor-element elementor-element-4e38899 elementor-widget elementor-widget-text-editor\" data-id=\"4e38899\" data-element_type=\"widget\" data-e-type=\"widget\" data-widget_type=\"text-editor.default\">\n\t\t\t\t<div class=\"elementor-widget-container\">\n\t\t\t\t\t\t\t\t\t<p>El Workshop and International Seminar on Complexity Science WISCS CoSIAM 2019 es un evento acad\u00e9mico especializado, multi-institucional e interdisciplinar, para el desarrollo de la investigaci\u00f3n en Colombia desde la matem\u00e1tica aplicada, en el que expertos obtienen realimentaci\u00f3n especializada para el fortalecimiento de sus trabajos cient\u00edficos.<br \/>Este a\u00f1o, el prop\u00f3sito del evento es la constituci\u00f3n de las siguientes redes de investigaci\u00f3n:<br \/>RI-CoSIAM Redes Complejas<br \/>RI-CoSIAM Din\u00e1mica de sistemas<br \/>RI-CoSIAM Sistemas Din\u00e1micos<br \/>En este sentido, contaremos con la presencia de autoridades de cada una de estas aproximaciones, quienes no solo presentar\u00e1n sus desarrollos cient\u00edficos, sino que tambi\u00e9n, trabajar\u00e1n para el establecimiento de una agenda de trabajo conjunto, alrededor de problemas actuales relacionados con el desarrollo de nuestro pa\u00eds, de modo que, construir naci\u00f3n se convierta en la excusa perfecta para fortalecer nuestra comunidad de matem\u00e1tica aplicada e industrial. Este a\u00f1o contamos con el apoyo adicional de <strong>Fellows Colombia ICETEX<\/strong><\/p>\t\t\t\t\t\t\t\t<\/div>\n\t\t\t\t<\/div>\n\t\t\t\t\t<\/div>\n\t\t<\/div>\n\t\t\t\t\t<\/div>\n\t\t<\/section>\n\t\t\t\t<section class=\"elementor-section elementor-top-section elementor-element elementor-element-517f2932 elementor-section-boxed elementor-section-height-default elementor-section-height-default\" data-id=\"517f2932\" data-element_type=\"section\" data-e-type=\"section\" data-settings=\"{&quot;background_background&quot;:&quot;classic&quot;}\">\n\t\t\t\t\t\t\t<div class=\"elementor-background-overlay\"><\/div>\n\t\t\t\t\t\t\t<div class=\"elementor-container elementor-column-gap-default\">\n\t\t\t\t\t<div class=\"elementor-column elementor-col-100 elementor-top-column elementor-element elementor-element-6970aab5\" data-id=\"6970aab5\" data-element_type=\"column\" data-e-type=\"column\">\n\t\t\t<div class=\"elementor-widget-wrap elementor-element-populated\">\n\t\t\t\t\t\t<div class=\"elementor-element elementor-element-2dfa4449 elementor-widget elementor-widget-heading\" data-id=\"2dfa4449\" data-element_type=\"widget\" data-e-type=\"widget\" data-widget_type=\"heading.default\">\n\t\t\t\t<div class=\"elementor-widget-container\">\n\t\t\t\t\t<h2 class=\"elementor-heading-title elementor-size-default\">Programa<\/h2>\t\t\t\t<\/div>\n\t\t\t\t<\/div>\n\t\t\t\t\t<\/div>\n\t\t<\/div>\n\t\t\t\t\t<\/div>\n\t\t<\/section>\n\t\t\t\t<section class=\"elementor-section elementor-top-section elementor-element elementor-element-6276c2e7 elementor-section-boxed elementor-section-height-default elementor-section-height-default\" data-id=\"6276c2e7\" data-element_type=\"section\" data-e-type=\"section\" data-settings=\"{&quot;background_background&quot;:&quot;classic&quot;}\">\n\t\t\t\t\t\t\t<div class=\"elementor-background-overlay\"><\/div>\n\t\t\t\t\t\t\t<div class=\"elementor-container elementor-column-gap-default\">\n\t\t\t\t\t<div class=\"elementor-column elementor-col-50 elementor-top-column elementor-element elementor-element-59a66c5e\" data-id=\"59a66c5e\" data-element_type=\"column\" data-e-type=\"column\">\n\t\t\t<div class=\"elementor-widget-wrap elementor-element-populated\">\n\t\t\t\t\t\t<div class=\"elementor-element elementor-element-4227f181 elementor-view-default elementor-widget elementor-widget-icon\" data-id=\"4227f181\" data-element_type=\"widget\" data-e-type=\"widget\" data-widget_type=\"icon.default\">\n\t\t\t\t<div class=\"elementor-widget-container\">\n\t\t\t\t\t\t\t<div class=\"elementor-icon-wrapper\">\n\t\t\t<div class=\"elementor-icon\">\n\t\t\t<i aria-hidden=\"true\" class=\"far fa-calendar-check\"><\/i>\t\t\t<\/div>\n\t\t<\/div>\n\t\t\t\t\t\t<\/div>\n\t\t\t\t<\/div>\n\t\t\t\t<div class=\"elementor-element elementor-element-27db888 elementor-widget elementor-widget-heading\" data-id=\"27db888\" data-element_type=\"widget\" data-e-type=\"widget\" data-widget_type=\"heading.default\">\n\t\t\t\t<div class=\"elementor-widget-container\">\n\t\t\t\t\t<h2 class=\"elementor-heading-title elementor-size-default\">22 de septiembre<\/h2>\t\t\t\t<\/div>\n\t\t\t\t<\/div>\n\t\t\t\t<div class=\"elementor-element elementor-element-28526b52 elementor-widget elementor-widget-text-editor\" data-id=\"28526b52\" data-element_type=\"widget\" data-e-type=\"widget\" data-widget_type=\"text-editor.default\">\n\t\t\t\t<div class=\"elementor-widget-container\">\n\t\t\t\t\t\t\t\t\t<ul><li>8:00 \u2013 8:30 &#8211; <strong>Inscripci\u00f3n<\/strong>, importante toma de datos para la BD de COSIAM<\/li><li>8:30 \u2013 8:45 &#8211; <strong>Palabras de bienvenida<\/strong><\/li><li>8:45 \u2013 10:00<br \/><strong>Johann Heinz Mart\u00ednez<\/strong> &#8211; Indefence of the simple, Universidad de Los Andes<br \/>Deissy Milena Sotelo Castelblanco &#8211; N\u00famero de rotaci\u00f3n y aplicaciones. Universidad Nacional de Colombia<\/li><li>10:15 &#8211; <strong>Refrigerio<\/strong><\/li><li>10:15 &#8211; 12:30<br \/><strong>Martha Viviana Zuluaga<\/strong> &#8211; Anotaci\u00f3n de metabolitos desconocidos usando teor\u00eda de redes. Universidad Nacional Abierta y A Distancia<br \/><strong>Olga Barrios<\/strong> &#8211; Evoluci\u00f3n temporal de la investigaci\u00f3n en f\u00edsica entorno a un descubrimiento cient\u00edfico. Universidad Nacional de Colombia<br \/><strong>Daniel Ortiz<\/strong> &#8211; Redes neuronales convolucionales identificando transiciones de fase en modelo de Ising, 2D-Hubbard y tipo 3D-Heisenberg. Universidad Nacional de Colombia<br \/><strong>Camilo Naizaque<\/strong> &#8211; Representaci\u00f3n y an\u00e1lisis de procesos de desintegraci\u00f3n de part\u00edculas subat\u00f3micas aplicando el formalismos de an\u00e1lisis de redes. Universidad Nacional de Colombia<br \/><strong>Jorge Mario Garc\u00eda<\/strong> &#8211; Modelado de par\u00e1metro de calidad del agua usando la teor\u00eda de redes y ecuaciones diferenciales. Universidad del Quindio<\/li><li>12:30 \u2013 1:30 &#8211; <strong>Almuerzo<\/strong><\/li><li>1:45 \u2013 4:00<br \/><strong>Metabolismos urbanos<\/strong> (Tem\u00e1ticas: Materiales, Migraci\u00f3n, Turismo, Transporte, Sostenibilidad y Energ\u00eda)<br \/><ul><li>Sandra Bautista Universidad Central<\/li><li>Danny Ibarra IRCACS<\/li><li>Clara Pardo Universidad del Rosario<\/li><li>Sebastian Zapata Universidad Jorge Tadeo Lozano<\/li><li>Enric Trullols Universidad Polit\u00e9cnica de Catalu\u00f1a<\/li><li>Hern\u00e1n Dar\u00edo Toro Universidad del Quind\u00edo<\/li><li>Carlos Trujillo Universidad del Quind\u00edo<\/li><li>M\u00f3nica Casta\u00f1eda Universidad Jorge Tadeo Lozano<\/li><\/ul><\/li><li>5:00 \u2013 Cierre de la Jornada<\/li><\/ul>\t\t\t\t\t\t\t\t<\/div>\n\t\t\t\t<\/div>\n\t\t\t\t\t<\/div>\n\t\t<\/div>\n\t\t\t\t<div class=\"elementor-column elementor-col-50 elementor-top-column elementor-element elementor-element-6c669a1f\" data-id=\"6c669a1f\" data-element_type=\"column\" data-e-type=\"column\">\n\t\t\t<div class=\"elementor-widget-wrap elementor-element-populated\">\n\t\t\t\t\t\t<div class=\"elementor-element elementor-element-b0aae47 elementor-view-default elementor-widget elementor-widget-icon\" data-id=\"b0aae47\" data-element_type=\"widget\" data-e-type=\"widget\" data-widget_type=\"icon.default\">\n\t\t\t\t<div class=\"elementor-widget-container\">\n\t\t\t\t\t\t\t<div class=\"elementor-icon-wrapper\">\n\t\t\t<div class=\"elementor-icon\">\n\t\t\t<i aria-hidden=\"true\" class=\"far fa-calendar-check\"><\/i>\t\t\t<\/div>\n\t\t<\/div>\n\t\t\t\t\t\t<\/div>\n\t\t\t\t<\/div>\n\t\t\t\t<div class=\"elementor-element elementor-element-158fb91e elementor-widget elementor-widget-heading\" data-id=\"158fb91e\" data-element_type=\"widget\" data-e-type=\"widget\" data-widget_type=\"heading.default\">\n\t\t\t\t<div class=\"elementor-widget-container\">\n\t\t\t\t\t<h2 class=\"elementor-heading-title elementor-size-default\">23 de septiembre<\/h2>\t\t\t\t<\/div>\n\t\t\t\t<\/div>\n\t\t\t\t<div class=\"elementor-element elementor-element-328cfe2b elementor-widget elementor-widget-text-editor\" data-id=\"328cfe2b\" data-element_type=\"widget\" data-e-type=\"widget\" data-widget_type=\"text-editor.default\">\n\t\t\t\t<div class=\"elementor-widget-container\">\n\t\t\t\t\t\t\t\t\t<ul><li>9:00 \u2013 9:30<br \/><strong>Gustavo Carrero<\/strong> &#8211; A mathematical model for the effect of low-dose radiation on the G2\/M transtion of the cell cycle), Athabasca University<\/li><li>9:30 \u2013 9:45 &#8211; <strong>Refrigerio<\/strong><\/li><li>9:45 \u2013 12:00<br \/><ul><li>Cesar Augusto Acosta Minolli &#8211; Modelaci\u00f3n matem\u00e1tica de solidos suspendidos totales en un tramo del rio Quindio (Sistemas din\u00e1micos). Universidad del Quind\u00edo<\/li><li>Santiago Roa &#8211; La Politica actual de transferencia de tecnolog\u00eda agropecuar\u00eda en Colombia. Agrosavia<\/li><li>Jheimer Julian &#8211; An\u00e1lisis de la adopci\u00f3n y apropiaci\u00f3n TIC en Colombia mediantes redes complejas y ANT. Universidad Nacional Abierta y A Distancia<\/li><li>Jorge Useche &#8211; Complejidad en secuencias musicales. Universidad Nacional de Colombia<\/li><li>Jorge Amador &#8211; Una metodolog\u00eda para la representaci\u00f3n espacial de modelos din\u00e1micos basados en ODE en la valoraci\u00f3n del cambio de uso del suelo. Instituto Humbolt.<\/li><li>Ingrid Milena Cholo &#8211; Umbrales sostenibles para un modelo de recursos naturales y actividad humana. Universidad Nacional de Colombia<\/li><\/ul><\/li><li>12:00 &#8211; <strong>Cierre de la Jornada<\/strong><\/li><\/ul>\t\t\t\t\t\t\t\t<\/div>\n\t\t\t\t<\/div>\n\t\t\t\t\t<\/div>\n\t\t<\/div>\n\t\t\t\t\t<\/div>\n\t\t<\/section>\n\t\t\t\t<\/div>\n\t\t","protected":false},"excerpt":{"rendered":"<p>Workshop and International Seminar on Complexity Sciences 2019 Noviembre 22 y 23 de 2019 El Workshop and International Seminar on Complexity Science WISCS CoSIAM 2019 es un evento acad\u00e9mico especializado, multi-institucional e interdisciplinar, para el desarrollo de la investigaci\u00f3n en Colombia desde la matem\u00e1tica aplicada, en el que expertos obtienen realimentaci\u00f3n especializada para el fortalecimiento [&hellip;]<\/p>\n","protected":false},"author":1,"featured_media":0,"parent":4425,"menu_order":0,"comment_status":"closed","ping_status":"closed","template":"elementor_header_footer","meta":{"give_campaign_id":0,"footnotes":""},"class_list":["post-4512","page","type-page","status-publish","hentry"],"campaignId":"","_links":{"self":[{"href":"https:\/\/cosiam.net\/index.php\/wp-json\/wp\/v2\/pages\/4512","targetHints":{"allow":["GET"]}}],"collection":[{"href":"https:\/\/cosiam.net\/index.php\/wp-json\/wp\/v2\/pages"}],"about":[{"href":"https:\/\/cosiam.net\/index.php\/wp-json\/wp\/v2\/types\/page"}],"author":[{"embeddable":true,"href":"https:\/\/cosiam.net\/index.php\/wp-json\/wp\/v2\/users\/1"}],"replies":[{"embeddable":true,"href":"https:\/\/cosiam.net\/index.php\/wp-json\/wp\/v2\/comments?post=4512"}],"version-history":[{"count":10,"href":"https:\/\/cosiam.net\/index.php\/wp-json\/wp\/v2\/pages\/4512\/revisions"}],"predecessor-version":[{"id":4527,"href":"https:\/\/cosiam.net\/index.php\/wp-json\/wp\/v2\/pages\/4512\/revisions\/4527"}],"up":[{"embeddable":true,"href":"https:\/\/cosiam.net\/index.php\/wp-json\/wp\/v2\/pages\/4425"}],"wp:attachment":[{"href":"https:\/\/cosiam.net\/index.php\/wp-json\/wp\/v2\/media?parent=4512"}],"curies":[{"name":"wp","href":"https:\/\/api.w.org\/{rel}","templated":true}]}}