{"id":4732,"date":"2023-09-25T18:42:04","date_gmt":"2023-09-25T16:42:04","guid":{"rendered":"https:\/\/cosiam.net\/?page_id=4732"},"modified":"2023-09-28T19:05:34","modified_gmt":"2023-09-28T17:05:34","slug":"math-modeling-challenge-2023","status":"publish","type":"page","link":"https:\/\/cosiam.net\/index.php\/eventos\/math-modeling-challenge-2023\/","title":{"rendered":"Math Modeling Challenge 2023"},"content":{"rendered":"\t\t<div data-elementor-type=\"wp-page\" data-elementor-id=\"4732\" class=\"elementor elementor-4732\">\n\t\t\t\t\t\t<section class=\"elementor-section elementor-top-section elementor-element elementor-element-166ff2cc elementor-section-boxed elementor-section-height-default elementor-section-height-default\" data-id=\"166ff2cc\" data-element_type=\"section\" data-e-type=\"section\" data-settings=\"{&quot;background_background&quot;:&quot;classic&quot;}\">\n\t\t\t\t\t\t\t<div class=\"elementor-background-overlay\"><\/div>\n\t\t\t\t\t\t\t<div class=\"elementor-container elementor-column-gap-default\">\n\t\t\t\t\t<div class=\"elementor-column elementor-col-50 elementor-top-column elementor-element elementor-element-2cc141bb elementor-hidden-tablet elementor-hidden-mobile\" data-id=\"2cc141bb\" data-element_type=\"column\" data-e-type=\"column\">\n\t\t\t<div class=\"elementor-widget-wrap elementor-element-populated\">\n\t\t\t\t\t\t<div class=\"elementor-element elementor-element-7465b6d1 elementor-widget elementor-widget-image\" data-id=\"7465b6d1\" data-element_type=\"widget\" data-e-type=\"widget\" data-widget_type=\"image.default\">\n\t\t\t\t<div class=\"elementor-widget-container\">\n\t\t\t\t\t\t\t\t\t\t\t\t\t\t\t<img fetchpriority=\"high\" decoding=\"async\" width=\"235\" height=\"226\" src=\"https:\/\/cosiam.net\/wp-content\/uploads\/2023\/09\/logoseventosMM23.png\" class=\"attachment-large size-large wp-image-4735\" alt=\"\" \/>\t\t\t\t\t\t\t\t\t\t\t\t\t\t\t<\/div>\n\t\t\t\t<\/div>\n\t\t\t\t\t<\/div>\n\t\t<\/div>\n\t\t\t\t<div class=\"elementor-column elementor-col-50 elementor-top-column elementor-element elementor-element-438025ba\" data-id=\"438025ba\" data-element_type=\"column\" data-e-type=\"column\">\n\t\t\t<div class=\"elementor-widget-wrap elementor-element-populated\">\n\t\t\t\t\t\t<div class=\"elementor-element elementor-element-563e6f9c elementor-widget__width-auto animated-slow elementor-invisible elementor-widget elementor-widget-heading\" data-id=\"563e6f9c\" data-element_type=\"widget\" data-e-type=\"widget\" data-settings=\"{&quot;_animation&quot;:&quot;fadeInLeft&quot;,&quot;_animation_tablet&quot;:&quot;none&quot;}\" data-widget_type=\"heading.default\">\n\t\t\t\t<div class=\"elementor-widget-container\">\n\t\t\t\t\t<h2 class=\"elementor-heading-title elementor-size-default\">MMC CoSIAM<\/h2>\t\t\t\t<\/div>\n\t\t\t\t<\/div>\n\t\t\t\t<div class=\"elementor-element elementor-element-4b69eff2 animated-slow elementor-invisible elementor-widget elementor-widget-podover_elementor_heading\" data-id=\"4b69eff2\" data-element_type=\"widget\" data-e-type=\"widget\" data-settings=\"{&quot;_animation&quot;:&quot;ova-move-up&quot;,&quot;_animation_tablet&quot;:&quot;none&quot;,&quot;_animation_delay&quot;:100}\" data-widget_type=\"podover_elementor_heading.default\">\n\t\t\t\t<div class=\"elementor-widget-container\">\n\t\t\t\t\t\t\t<div class=\"ova-title\">\n\n\t\t\t\t\t\t\t<h3 class=\"sub-title\">Viernes 20 de octubre<\/h3>\n\t\t\t\n\t\t\t\t\t\t\t\t\t\t\t\t\t<h2 class=\"title\">\n\t\t\t\t\t\t\t2023\t\t\t\t\t\t<\/h2>\n\n\t\t\t\t\t\t\t\n\t\t\t\t\t\t\t<p class=\"description\"> \u00a1 Acepta y gana el reto ! \n <\/p>\n\t\t\t\n\t\t<\/div> \n\t\t\t\t\t\t<\/div>\n\t\t\t\t<\/div>\n\t\t\t\t<div class=\"elementor-element elementor-element-309f4eb elementor-widget elementor-widget-text-editor\" data-id=\"309f4eb\" data-element_type=\"widget\" data-e-type=\"widget\" data-widget_type=\"text-editor.default\">\n\t\t\t\t<div class=\"elementor-widget-container\">\n\t\t\t\t\t\t\t\t\t<p>Horario: 8:00 am a 6:00 pm<br \/>Lugar: Universidad EIA, sede Z\u00fa\u00f1iga, Envigado.<br \/>Modalidad: Presencial<\/p>\t\t\t\t\t\t\t\t<\/div>\n\t\t\t\t<\/div>\n\t\t\t\t\t<\/div>\n\t\t<\/div>\n\t\t\t\t\t<\/div>\n\t\t<\/section>\n\t\t\t\t<section class=\"elementor-section elementor-top-section elementor-element elementor-element-37e9fb31 elementor-section-boxed elementor-section-height-default elementor-section-height-default\" data-id=\"37e9fb31\" data-element_type=\"section\" data-e-type=\"section\">\n\t\t\t\t\t\t<div class=\"elementor-container elementor-column-gap-default\">\n\t\t\t\t\t<div class=\"elementor-column elementor-col-50 elementor-top-column elementor-element elementor-element-6138b36b\" data-id=\"6138b36b\" data-element_type=\"column\" data-e-type=\"column\">\n\t\t\t<div class=\"elementor-widget-wrap elementor-element-populated\">\n\t\t\t\t\t\t<div class=\"elementor-element elementor-element-1a625fce elementor-widget elementor-widget-image\" data-id=\"1a625fce\" data-element_type=\"widget\" data-e-type=\"widget\" data-widget_type=\"image.default\">\n\t\t\t\t<div class=\"elementor-widget-container\">\n\t\t\t\t\t\t\t\t\t\t\t\t\t\t\t<img decoding=\"async\" width=\"775\" height=\"517\" src=\"https:\/\/cosiam.net\/wp-content\/uploads\/2023\/09\/postMM2\u00b7B-1.jpg\" class=\"attachment-large size-large wp-image-5205\" alt=\"\" srcset=\"https:\/\/cosiam.net\/wp-content\/uploads\/2023\/09\/postMM2\u00b7B-1.jpg 775w, https:\/\/cosiam.net\/wp-content\/uploads\/2023\/09\/postMM2\u00b7B-1-300x200.jpg 300w, https:\/\/cosiam.net\/wp-content\/uploads\/2023\/09\/postMM2\u00b7B-1-768x512.jpg 768w\" sizes=\"(max-width: 775px) 100vw, 775px\" \/>\t\t\t\t\t\t\t\t\t\t\t\t\t\t\t<\/div>\n\t\t\t\t<\/div>\n\t\t\t\t\t<\/div>\n\t\t<\/div>\n\t\t\t\t<div class=\"elementor-column elementor-col-50 elementor-top-column elementor-element elementor-element-756c988f\" data-id=\"756c988f\" data-element_type=\"column\" data-e-type=\"column\">\n\t\t\t<div class=\"elementor-widget-wrap elementor-element-populated\">\n\t\t\t\t\t\t<div class=\"elementor-element elementor-element-5ad2089b elementor-widget elementor-widget-text-editor\" data-id=\"5ad2089b\" data-element_type=\"widget\" data-e-type=\"widget\" data-widget_type=\"text-editor.default\">\n\t\t\t\t<div class=\"elementor-widget-container\">\n\t\t\t\t\t\t\t\t\t<p>El <strong>Math Modeling Challenge CoSIAM<\/strong> (MMC CoSIAM) es un concurso de modelamiento matem\u00e1tico, tipo hackday, en el que equipos de estudiantes provenientes de distintas universidades de Colombia y algunas invitadas del exterior, proponen una soluci\u00f3n a un problema del sector empresarial, a trav\u00e9s de distintas herramientas de la matem\u00e1tica y de las ciencias de la computaci\u00f3n. Todo lo anterior bajo ciertas restricciones de tiempo y recursos.<\/p><p>El objetivo principal de este concurso es incentivar el trabajo multidisciplinar entre los miembros de cada equipo, dando paso a distintos esquemas de soluci\u00f3n a un problema proveniente de un contexto arbitrario. Las soluciones propuestas por cada equipo llevan el beneficio de ser concebidas desde distintos puntos de vista acad\u00e9mico, enriqueciendo a los participantes en habilidades como: el trabajo en equipo, el desarrollo de proyectos bajo un tiempo l\u00edmite de entrega. Adem\u00e1s, es excelente oportunidad para que cada estudiante ponga en valor todo el talento desarrollado durante su vida acad\u00e9mica, entre otros.<\/p>\t\t\t\t\t\t\t\t<\/div>\n\t\t\t\t<\/div>\n\t\t\t\t\t<\/div>\n\t\t<\/div>\n\t\t\t\t\t<\/div>\n\t\t<\/section>\n\t\t\t\t<section class=\"elementor-section elementor-top-section elementor-element elementor-element-4f0fbbb0 elementor-section-boxed elementor-section-height-default elementor-section-height-default\" data-id=\"4f0fbbb0\" data-element_type=\"section\" data-e-type=\"section\">\n\t\t\t\t\t\t<div class=\"elementor-container elementor-column-gap-default\">\n\t\t\t\t\t<div class=\"elementor-column elementor-col-50 elementor-top-column elementor-element elementor-element-4d5fe9b1\" data-id=\"4d5fe9b1\" data-element_type=\"column\" data-e-type=\"column\">\n\t\t\t<div class=\"elementor-widget-wrap elementor-element-populated\">\n\t\t\t\t\t\t<div class=\"elementor-element elementor-element-f4df646 elementor-widget elementor-widget-podover_elementor_heading\" data-id=\"f4df646\" data-element_type=\"widget\" data-e-type=\"widget\" data-widget_type=\"podover_elementor_heading.default\">\n\t\t\t\t<div class=\"elementor-widget-container\">\n\t\t\t\t\t\t\t<div class=\"ova-title\">\n\n\t\t\t\n\t\t\t\t\t\t\t\t\t\t\t\t\t<h2 class=\"title\">\n\t\t\t\t\t\t\tMetodolog\u00eda del MMC CoSIAM\t\t\t\t\t\t<\/h2>\n\n\t\t\t\t\t\t\t\n\t\t\t\n\t\t<\/div> \n\t\t\t\t\t\t<\/div>\n\t\t\t\t<\/div>\n\t\t\t\t<div class=\"elementor-element elementor-element-74db4216 elementor-widget elementor-widget-text-editor\" data-id=\"74db4216\" data-element_type=\"widget\" data-e-type=\"widget\" data-widget_type=\"text-editor.default\">\n\t\t\t\t<div class=\"elementor-widget-container\">\n\t\t\t\t\t\t\t\t\t<p>El MMC CoSIAM convoca equipos formado por cuatro (4) estudiantes de pregrado y\/o posgrado. Cada estudiante debe estar adscrito a alg\u00fan programa acad\u00e9mico de una universidad perteneciente a uno de los Nodos CoSIAM.<\/p><p>Es deseable que los equipos est\u00e9n conformados por estudiantes de distintas programas acad\u00e9micos, con fin de potenciar el trabajo multidisciplinar en cada equipo.<\/p><p>El reto se desarrolla de forma presencial en una de las instituciones afiliadas a CoSIAM en donde las soluciones al problema propuestas por cada equipo deber\u00e1n ser enviadas a un repositorio virtual espec\u00edfico en un tiempo l\u00edmite de diez (10) horas. Posteriormente, las propuestas admitidas ser\u00e1n evaluadas por un jurado conformado por expertos acad\u00e9micos y profesionales del pa\u00eds quienes elegir\u00e1n el equipo ganador del concurso.<\/p>\t\t\t\t\t\t\t\t<\/div>\n\t\t\t\t<\/div>\n\t\t\t\t<div class=\"elementor-element elementor-element-788300c0 elementor-widget elementor-widget-podover_elementor_heading\" data-id=\"788300c0\" data-element_type=\"widget\" data-e-type=\"widget\" data-widget_type=\"podover_elementor_heading.default\">\n\t\t\t\t<div class=\"elementor-widget-container\">\n\t\t\t\t\t\t\t<div class=\"ova-title\">\n\n\t\t\t\n\t\t\t\t\t\t\t\t\t\t\t\t\t<h2 class=\"title\">\n\t\t\t\t\t\t\tPremiaci\u00f3n del MMC CoSIAM\t\t\t\t\t\t<\/h2>\n\n\t\t\t\t\t\t\t\n\t\t\t\n\t\t<\/div> \n\t\t\t\t\t\t<\/div>\n\t\t\t\t<\/div>\n\t\t\t\t<div class=\"elementor-element elementor-element-6cd6a338 elementor-widget elementor-widget-text-editor\" data-id=\"6cd6a338\" data-element_type=\"widget\" data-e-type=\"widget\" data-widget_type=\"text-editor.default\">\n\t\t\t\t<div class=\"elementor-widget-container\">\n\t\t\t\t\t\t\t\t\t<p>Tras la decisi\u00f3n del jurado evaluador, los ganadores del MMC CoSIAM ser\u00e1n anunciados oficialmente con publicaci\u00f3n en la p\u00e1gina web de CoSIAM. Estos recibir\u00e1n el correspondiente certificado individual y los siguientes premios:<\/p><ul><li>Primer puesto: $1.500.000 y afiliaci\u00f3n de los miembros del equipo a SIAM.<\/li><li>Segundo puesto: $700.000 y afiliaci\u00f3n de los miembros del equipo a SIAM.<\/li><li>Tercer puesto: Afiliaci\u00f3n de los miembros del equipo a SIAM.<\/li><\/ul>\t\t\t\t\t\t\t\t<\/div>\n\t\t\t\t<\/div>\n\t\t\t\t\t<\/div>\n\t\t<\/div>\n\t\t\t\t<div class=\"elementor-column elementor-col-50 elementor-top-column elementor-element elementor-element-6cc8abde\" data-id=\"6cc8abde\" data-element_type=\"column\" data-e-type=\"column\">\n\t\t\t<div class=\"elementor-widget-wrap elementor-element-populated\">\n\t\t\t\t\t\t<div class=\"elementor-element elementor-element-35cb9828 elementor-widget elementor-widget-image\" data-id=\"35cb9828\" data-element_type=\"widget\" data-e-type=\"widget\" data-widget_type=\"image.default\">\n\t\t\t\t<div class=\"elementor-widget-container\">\n\t\t\t\t\t\t\t\t\t\t\t\t\t\t\t<img decoding=\"async\" width=\"570\" height=\"640\" src=\"https:\/\/cosiam.net\/wp-content\/uploads\/2023\/09\/IMAGE-BGmathchallenge.jpg\" class=\"attachment-large size-large wp-image-4169\" alt=\"\" srcset=\"https:\/\/cosiam.net\/wp-content\/uploads\/2023\/09\/IMAGE-BGmathchallenge.jpg 570w, https:\/\/cosiam.net\/wp-content\/uploads\/2023\/09\/IMAGE-BGmathchallenge-267x300.jpg 267w\" sizes=\"(max-width: 570px) 100vw, 570px\" \/>\t\t\t\t\t\t\t\t\t\t\t\t\t\t\t<\/div>\n\t\t\t\t<\/div>\n\t\t\t\t\t<\/div>\n\t\t<\/div>\n\t\t\t\t\t<\/div>\n\t\t<\/section>\n\t\t\t\t<section class=\"elementor-section elementor-top-section elementor-element elementor-element-28e8ff97 elementor-section-boxed elementor-section-height-default elementor-section-height-default\" data-id=\"28e8ff97\" data-element_type=\"section\" data-e-type=\"section\" data-settings=\"{&quot;background_background&quot;:&quot;classic&quot;}\">\n\t\t\t\t\t\t<div class=\"elementor-container elementor-column-gap-default\">\n\t\t\t\t\t<div class=\"elementor-column elementor-col-100 elementor-top-column elementor-element elementor-element-16ef883\" data-id=\"16ef883\" data-element_type=\"column\" data-e-type=\"column\">\n\t\t\t<div class=\"elementor-widget-wrap elementor-element-populated\">\n\t\t\t\t\t\t<div class=\"elementor-element elementor-element-103358d8 elementor-icon-list--layout-traditional elementor-list-item-link-full_width elementor-widget elementor-widget-icon-list\" data-id=\"103358d8\" data-element_type=\"widget\" data-e-type=\"widget\" data-widget_type=\"icon-list.default\">\n\t\t\t\t<div class=\"elementor-widget-container\">\n\t\t\t\t\t\t\t<ul class=\"elementor-icon-list-items\">\n\t\t\t\t\t\t\t<li class=\"elementor-icon-list-item\">\n\t\t\t\t\t\t\t\t\t\t\t<span class=\"elementor-icon-list-icon\">\n\t\t\t\t\t\t\t<i aria-hidden=\"true\" class=\"fas fa-check-circle\"><\/i>\t\t\t\t\t\t<\/span>\n\t\t\t\t\t\t\t\t\t\t<span class=\"elementor-icon-list-text\">Invitaci\u00f3n y cronograma del Math Modeling Challenge CoSIAM 2023<\/span>\n\t\t\t\t\t\t\t\t\t<\/li>\n\t\t\t\t\t\t\t\t<li class=\"elementor-icon-list-item\">\n\t\t\t\t\t\t\t\t\t\t\t<a href=\"https:\/\/forms.office.com\/r\/fMaaQ22QME\" target=\"_blank\">\n\n\t\t\t\t\t\t\t\t\t\t\t\t<span class=\"elementor-icon-list-icon\">\n\t\t\t\t\t\t\t<i aria-hidden=\"true\" class=\"fas fa-check-circle\"><\/i>\t\t\t\t\t\t<\/span>\n\t\t\t\t\t\t\t\t\t\t<span class=\"elementor-icon-list-text\">Formulario de inscripci\u00f3n al MMC 2023<\/span>\n\t\t\t\t\t\t\t\t\t\t\t<\/a>\n\t\t\t\t\t\t\t\t\t<\/li>\n\t\t\t\t\t\t\t\t<li class=\"elementor-icon-list-item\">\n\t\t\t\t\t\t\t\t\t\t\t<a href=\"https:\/\/cosiam.net\/wp-content\/uploads\/2023\/09\/Reglamento-del-Math-Modeling-Challenge-CoSIAM-2023-1.pdf\" target=\"_blank\">\n\n\t\t\t\t\t\t\t\t\t\t\t\t<span class=\"elementor-icon-list-icon\">\n\t\t\t\t\t\t\t<i aria-hidden=\"true\" class=\"fas fa-check-circle\"><\/i>\t\t\t\t\t\t<\/span>\n\t\t\t\t\t\t\t\t\t\t<span class=\"elementor-icon-list-text\">Reglamento del Math Modeling Challenge CoSIAM 2023<\/span>\n\t\t\t\t\t\t\t\t\t\t\t<\/a>\n\t\t\t\t\t\t\t\t\t<\/li>\n\t\t\t\t\t\t\t\t<li class=\"elementor-icon-list-item\">\n\t\t\t\t\t\t\t\t\t\t\t<a href=\"https:\/\/cosiam.net\/wp-content\/uploads\/2023\/09\/Ruibrica-del-Math-Modeling-Challenge-CoSIAM-2023.pdf\" target=\"_blank\">\n\n\t\t\t\t\t\t\t\t\t\t\t\t<span class=\"elementor-icon-list-icon\">\n\t\t\t\t\t\t\t<i aria-hidden=\"true\" class=\"fas fa-check-circle\"><\/i>\t\t\t\t\t\t<\/span>\n\t\t\t\t\t\t\t\t\t\t<span class=\"elementor-icon-list-text\">R\u00fabrica del Math Modeling Challenge CoSIAM 2023<\/span>\n\t\t\t\t\t\t\t\t\t\t\t<\/a>\n\t\t\t\t\t\t\t\t\t<\/li>\n\t\t\t\t\t\t<\/ul>\n\t\t\t\t\t\t<\/div>\n\t\t\t\t<\/div>\n\t\t\t\t\t<\/div>\n\t\t<\/div>\n\t\t\t\t\t<\/div>\n\t\t<\/section>\n\t\t\t\t<\/div>\n\t\t","protected":false},"excerpt":{"rendered":"<p>MMC CoSIAM Viernes 20 de octubre 2023 \u00a1 Acepta y gana el reto ! Horario: 8:00 am a 6:00 pmLugar: Universidad EIA, sede Z\u00fa\u00f1iga, Envigado.Modalidad: Presencial El Math Modeling Challenge CoSIAM (MMC CoSIAM) es un concurso de modelamiento matem\u00e1tico, tipo hackday, en el que equipos de estudiantes provenientes de distintas universidades de Colombia y algunas [&hellip;]<\/p>\n","protected":false},"author":1,"featured_media":0,"parent":25,"menu_order":0,"comment_status":"closed","ping_status":"closed","template":"elementor_header_footer","meta":{"give_campaign_id":0,"footnotes":""},"class_list":["post-4732","page","type-page","status-publish","hentry"],"campaignId":"","_links":{"self":[{"href":"https:\/\/cosiam.net\/index.php\/wp-json\/wp\/v2\/pages\/4732","targetHints":{"allow":["GET"]}}],"collection":[{"href":"https:\/\/cosiam.net\/index.php\/wp-json\/wp\/v2\/pages"}],"about":[{"href":"https:\/\/cosiam.net\/index.php\/wp-json\/wp\/v2\/types\/page"}],"author":[{"embeddable":true,"href":"https:\/\/cosiam.net\/index.php\/wp-json\/wp\/v2\/users\/1"}],"replies":[{"embeddable":true,"href":"https:\/\/cosiam.net\/index.php\/wp-json\/wp\/v2\/comments?post=4732"}],"version-history":[{"count":58,"href":"https:\/\/cosiam.net\/index.php\/wp-json\/wp\/v2\/pages\/4732\/revisions"}],"predecessor-version":[{"id":5208,"href":"https:\/\/cosiam.net\/index.php\/wp-json\/wp\/v2\/pages\/4732\/revisions\/5208"}],"up":[{"embeddable":true,"href":"https:\/\/cosiam.net\/index.php\/wp-json\/wp\/v2\/pages\/25"}],"wp:attachment":[{"href":"https:\/\/cosiam.net\/index.php\/wp-json\/wp\/v2\/media?parent=4732"}],"curies":[{"name":"wp","href":"https:\/\/api.w.org\/{rel}","templated":true}]}}