{"id":4976,"date":"2023-09-27T14:43:31","date_gmt":"2023-09-27T12:43:31","guid":{"rendered":"https:\/\/cosiam.net\/?page_id=4976"},"modified":"2023-09-27T17:54:59","modified_gmt":"2023-09-27T15:54:59","slug":"matematicas-aplicadas","status":"publish","type":"page","link":"https:\/\/cosiam.net\/index.php\/comunidad\/redes-de-investigacion\/matematicas-aplicadas\/","title":{"rendered":"Matem\u00e1ticas Aplicadas"},"content":{"rendered":"\t\t<div data-elementor-type=\"wp-page\" data-elementor-id=\"4976\" class=\"elementor elementor-4976\">\n\t\t\t\t\t\t<section class=\"elementor-section elementor-top-section elementor-element elementor-element-f88663e elementor-section-boxed elementor-section-height-default elementor-section-height-default\" data-id=\"f88663e\" data-element_type=\"section\" data-e-type=\"section\" data-settings=\"{&quot;background_background&quot;:&quot;classic&quot;}\">\n\t\t\t\t\t\t\t<div class=\"elementor-background-overlay\"><\/div>\n\t\t\t\t\t\t\t<div class=\"elementor-container elementor-column-gap-no\">\n\t\t\t\t\t<div class=\"elementor-column elementor-col-100 elementor-top-column elementor-element elementor-element-adc53bd\" data-id=\"adc53bd\" data-element_type=\"column\" data-e-type=\"column\">\n\t\t\t<div class=\"elementor-widget-wrap elementor-element-populated\">\n\t\t\t\t\t\t<div class=\"elementor-element elementor-element-6a70020 animated-slow elementor-widget__width-initial elementor-invisible elementor-widget elementor-widget-heading\" data-id=\"6a70020\" data-element_type=\"widget\" data-e-type=\"widget\" data-settings=\"{&quot;_animation&quot;:&quot;ova-move-left&quot;,&quot;_animation_tablet&quot;:&quot;none&quot;,&quot;_animation_delay&quot;:100}\" data-widget_type=\"heading.default\">\n\t\t\t\t<div class=\"elementor-widget-container\">\n\t\t\t\t\t<h2 class=\"elementor-heading-title elementor-size-default\">Matem\u00e1ticas Aplicadas al Desarrollo Sostenible<\/h2>\t\t\t\t<\/div>\n\t\t\t\t<\/div>\n\t\t\t\t\t<\/div>\n\t\t<\/div>\n\t\t\t\t\t<\/div>\n\t\t<\/section>\n\t\t\t\t<section class=\"elementor-section elementor-top-section elementor-element elementor-element-3637970 elementor-section-boxed elementor-section-height-default elementor-section-height-default\" data-id=\"3637970\" data-element_type=\"section\" data-e-type=\"section\">\n\t\t\t\t\t\t<div class=\"elementor-container elementor-column-gap-default\">\n\t\t\t\t\t<div class=\"elementor-column elementor-col-50 elementor-top-column elementor-element elementor-element-14252976 elementor-hidden-tablet elementor-hidden-mobile\" data-id=\"14252976\" data-element_type=\"column\" data-e-type=\"column\" data-settings=\"{&quot;background_background&quot;:&quot;classic&quot;}\">\n\t\t\t<div class=\"elementor-widget-wrap elementor-element-populated\">\n\t\t\t\t\t\t<div class=\"elementor-element elementor-element-118b8f7 elementor-widget elementor-widget-image\" data-id=\"118b8f7\" data-element_type=\"widget\" data-e-type=\"widget\" data-widget_type=\"image.default\">\n\t\t\t\t<div class=\"elementor-widget-container\">\n\t\t\t\t\t\t\t\t\t\t\t\t\t\t\t<img fetchpriority=\"high\" decoding=\"async\" width=\"600\" height=\"600\" src=\"https:\/\/cosiam.net\/wp-content\/uploads\/2023\/09\/minisCociam.jpg\" class=\"attachment-large size-large wp-image-4044\" alt=\"\" srcset=\"https:\/\/cosiam.net\/wp-content\/uploads\/2023\/09\/minisCociam.jpg 600w, https:\/\/cosiam.net\/wp-content\/uploads\/2023\/09\/minisCociam-300x300.jpg 300w, https:\/\/cosiam.net\/wp-content\/uploads\/2023\/09\/minisCociam-150x150.jpg 150w\" sizes=\"(max-width: 600px) 100vw, 600px\" \/>\t\t\t\t\t\t\t\t\t\t\t\t\t\t\t<\/div>\n\t\t\t\t<\/div>\n\t\t\t\t\t<\/div>\n\t\t<\/div>\n\t\t\t\t<div class=\"elementor-column elementor-col-50 elementor-top-column elementor-element elementor-element-36edaf85\" data-id=\"36edaf85\" data-element_type=\"column\" data-e-type=\"column\">\n\t\t\t<div class=\"elementor-widget-wrap elementor-element-populated\">\n\t\t\t\t\t\t<div class=\"elementor-element elementor-element-b9a9ebd elementor-widget elementor-widget-text-editor\" data-id=\"b9a9ebd\" data-element_type=\"widget\" data-e-type=\"widget\" data-widget_type=\"text-editor.default\">\n\t\t\t\t<div class=\"elementor-widget-container\">\n\t\t\t\t\t\t\t\t\t<p>En esta red de investigaci\u00f3n se estudian todos los relacionados con el desarrollo sostenible desde diferentes enfoques de la matem\u00e1tica (din\u00e1mica de sistemas, sistemas din\u00e1micos no lineales, sistemas conservativos, teor\u00eda de bifurcaciones, redes complejas, teor\u00eda de juegos, simulaci\u00f3n basada en agentes, redes de implicaciones entre otras), en un marco de transiciones sociales, que incluye las transiciones hacia la sostenibilidad, la transiciones hacia ciudades inteligentes y circulares, las transiciones energ\u00e9ticas, etc.<\/p><p>De este modo, se han desarrollado marcos te\u00f3ricos que nos permiten estudiar la complejidad de sistemas socioecol\u00f3gicos urbanos y rurales a escala de paisaje, incluyendo y discutiendo los discursos de la sostenibilidad, de la gobernanza y de la resiliencia, en consideraci\u00f3n de asuntos relacionados como la seguridad alimentaria, la carbono neutralidad, la cero deforestaci\u00f3n, la bioeconom\u00eda y la econom\u00eda circular.<\/p><p>El marco que nos engloba lo hemos denominado la Teor\u00eda General de los Sistemas socioecol\u00f3gicos TGSS, que es un campo de la matem\u00e1tica aplicada en desarrollo, propuesto por Johan Manuel Redondo y Clarita Bustamante. Esta aproximaci\u00f3n entiende los sistemas socioecol\u00f3gicos como arreglos en los que se tiene interdependencia, interacci\u00f3n e inter-retroacci\u00f3n entre sus elementos, permitiendo identificar comportamientos esperados, , contraintuitivos, emergentes y colaterales (no deseados e inesperados) en la gesti\u00f3n de los paisajes en entornos de simulaci\u00f3n controlada.\u00a0<\/p>\t\t\t\t\t\t\t\t<\/div>\n\t\t\t\t<\/div>\n\t\t\t\t<div class=\"elementor-element elementor-element-392b5c6 elementor-widget__width-auto elementor-widget elementor-widget-button\" data-id=\"392b5c6\" data-element_type=\"widget\" data-e-type=\"widget\" data-widget_type=\"button.default\">\n\t\t\t\t<div class=\"elementor-widget-container\">\n\t\t\t\t\t\t\t\t\t<div class=\"elementor-button-wrapper\">\n\t\t\t\t\t<a class=\"elementor-button elementor-button-link elementor-size-md\" href=\"https:\/\/www.google.com\/url?q=https%3A%2F%2Fwww.hindawi.com%2Fjournals%2Fcomplexity%2F2021%2F4249106%2F&#038;sa=D&#038;sntz=1&#038;usg=AOvVaw35KZ9LIOZRn3c-BoHMNs4N\" target=\"_blank\">\n\t\t\t\t\t\t<span class=\"elementor-button-content-wrapper\">\n\t\t\t\t\t\t\t\t\t<span class=\"elementor-button-text\">Vea las publicaciones resultado de este trabajo<\/span>\n\t\t\t\t\t<\/span>\n\t\t\t\t\t<\/a>\n\t\t\t\t<\/div>\n\t\t\t\t\t\t\t\t<\/div>\n\t\t\t\t<\/div>\n\t\t\t\t\t<\/div>\n\t\t<\/div>\n\t\t\t\t\t<\/div>\n\t\t<\/section>\n\t\t\t\t<section class=\"elementor-section elementor-top-section elementor-element elementor-element-efd19b8 elementor-section-boxed elementor-section-height-default elementor-section-height-default\" data-id=\"efd19b8\" data-element_type=\"section\" data-e-type=\"section\">\n\t\t\t\t\t\t<div class=\"elementor-container elementor-column-gap-default\">\n\t\t\t\t\t<div class=\"elementor-column elementor-col-50 elementor-top-column elementor-element elementor-element-b2a60b5 elementor-hidden-tablet elementor-hidden-mobile\" data-id=\"b2a60b5\" data-element_type=\"column\" data-e-type=\"column\" data-settings=\"{&quot;background_background&quot;:&quot;classic&quot;}\">\n\t\t\t<div class=\"elementor-widget-wrap elementor-element-populated\">\n\t\t\t\t\t\t<div class=\"elementor-element elementor-element-a08e30a elementor-widget elementor-widget-image\" data-id=\"a08e30a\" data-element_type=\"widget\" data-e-type=\"widget\" data-widget_type=\"image.default\">\n\t\t\t\t<div class=\"elementor-widget-container\">\n\t\t\t\t\t\t\t\t\t\t\t\t\t\t\t<img decoding=\"async\" width=\"600\" height=\"600\" src=\"https:\/\/cosiam.net\/wp-content\/uploads\/2023\/09\/minisCociam2.jpg\" class=\"attachment-large size-large wp-image-4045\" alt=\"\" srcset=\"https:\/\/cosiam.net\/wp-content\/uploads\/2023\/09\/minisCociam2.jpg 600w, https:\/\/cosiam.net\/wp-content\/uploads\/2023\/09\/minisCociam2-300x300.jpg 300w, https:\/\/cosiam.net\/wp-content\/uploads\/2023\/09\/minisCociam2-150x150.jpg 150w\" sizes=\"(max-width: 600px) 100vw, 600px\" \/>\t\t\t\t\t\t\t\t\t\t\t\t\t\t\t<\/div>\n\t\t\t\t<\/div>\n\t\t\t\t\t<\/div>\n\t\t<\/div>\n\t\t\t\t<div class=\"elementor-column elementor-col-50 elementor-top-column elementor-element elementor-element-662d379\" data-id=\"662d379\" data-element_type=\"column\" data-e-type=\"column\">\n\t\t\t<div class=\"elementor-widget-wrap elementor-element-populated\">\n\t\t\t\t\t\t<div class=\"elementor-element elementor-element-2653f3d elementor-widget elementor-widget-text-editor\" data-id=\"2653f3d\" data-element_type=\"widget\" data-e-type=\"widget\" data-widget_type=\"text-editor.default\">\n\t\t\t\t<div class=\"elementor-widget-container\">\n\t\t\t\t\t\t\t\t\t<p>Como ejemplo de las implementaciones de la TGSS, se han desarrollado contenidos que discuten la Econom\u00eda Circular y la incapacidad que han mostrado las proposiciones que en esta direcci\u00f3n de est\u00e1n proponiendo, en cuanto a lograr cierres financieros e inclusi\u00f3n social. Se discute pasar de econom\u00eda linea a econom\u00eda circular, pero no el paso de modelos mentales lineales a modelos mentales no lineales, que adem\u00e1s, se expresen en la matem\u00e1tica que se usa en la planificaci\u00f3n de las proposiciones de circularidad. En este contexto, se han implementado ejemplos de Planes de Oportunidades, que forman parte de los conceptos clave de la Econom\u00eda Azul de Gunter Pauli. Estos planes se basan en el principio de emergencia de los sistemas complejos, es decir, en la b\u00fasqueda de sinergias positivas por el arreglo de las relaciones entre las partes de un sistema. Buscan entretejer oportunidades de modo que se incrementen los beneficios de forma multidimensional (no solo monetaria) para inversionistas, empresarios y comunidades. Entonces, mediante el modelamiento matem\u00e1tico se representan las interacciones entre las diferentes oportunidades que podr\u00edan desarrollarse en el territorio y se eval\u00faan sus beneficios en t\u00e9rminos de empleo, rentabilidad y salud ambiental, con orientaci\u00f3n al desarrollo sostenible.<\/p><p>Vea un desarrollo <a href=\"https:\/\/www.google.com\/url?q=https%3A%2F%2Fexchange.iseesystems.com%2Fpublic%2Fmauriciobecerra%2Fcarra2%2Findex.html%23page1&amp;sa=D&amp;sntz=1&amp;usg=AOvVaw1IzsUNMQkqwvu9ucDW-OQa\" target=\"_blank\" rel=\"noopener\">\u00a1aqu\u00ed!<\/a>, tambi\u00e9n puede acceder a la publicaci\u00f3n en la que se proponen soluciones para el problema del pl\u00e1stico en el planeta con modelamiento matem\u00e1tico <a href=\"https:\/\/www.google.com\/url?q=https%3A%2F%2Fwww.amazon.com%2F-%2Fes%2FGunter-Pauli%2Fdp%2F1733717722%2Fref%3Dsr_1_2%3F__mk_es_US%3D%25C3%2585M%25C3%2585%25C5%25BD%25C3%2595%25C3%2591%26dchild%3D1%26keywords%3DThe%2Bplastic%2Bsolutions%26qid%3D1604023573%26sr%3D8-2&amp;sa=D&amp;sntz=1&amp;usg=AOvVaw0Fh33SF-6UskeR8lW5p8Ga\" target=\"_blank\" rel=\"noopener\">\u00a1aqu\u00ed!<\/a>.<\/p><p>Pr\u00f3ximo encuentro:<\/p>\t\t\t\t\t\t\t\t<\/div>\n\t\t\t\t<\/div>\n\t\t\t\t<div class=\"elementor-element elementor-element-5d0f2a3 elementor-widget__width-auto elementor-widget elementor-widget-button\" data-id=\"5d0f2a3\" data-element_type=\"widget\" data-e-type=\"widget\" data-widget_type=\"button.default\">\n\t\t\t\t<div class=\"elementor-widget-container\">\n\t\t\t\t\t\t\t\t\t<div class=\"elementor-button-wrapper\">\n\t\t\t\t\t<a class=\"elementor-button elementor-size-md\" role=\"button\">\n\t\t\t\t\t\t<span class=\"elementor-button-content-wrapper\">\n\t\t\t\t\t\t\t\t\t<span class=\"elementor-button-text\">WISCS CoSIAM 2023.\u00a0<\/span>\n\t\t\t\t\t<\/span>\n\t\t\t\t\t<\/a>\n\t\t\t\t<\/div>\n\t\t\t\t\t\t\t\t<\/div>\n\t\t\t\t<\/div>\n\t\t\t\t\t<\/div>\n\t\t<\/div>\n\t\t\t\t\t<\/div>\n\t\t<\/section>\n\t\t\t\t<section class=\"elementor-section elementor-top-section elementor-element elementor-element-7157062 elementor-section-boxed elementor-section-height-default elementor-section-height-default\" data-id=\"7157062\" data-element_type=\"section\" data-e-type=\"section\" data-settings=\"{&quot;background_background&quot;:&quot;classic&quot;}\">\n\t\t\t\t\t\t\t<div class=\"elementor-background-overlay\"><\/div>\n\t\t\t\t\t\t\t<div class=\"elementor-container elementor-column-gap-default\">\n\t\t\t\t\t<div class=\"elementor-column elementor-col-100 elementor-top-column elementor-element elementor-element-6e206ad\" data-id=\"6e206ad\" data-element_type=\"column\" data-e-type=\"column\" data-settings=\"{&quot;background_background&quot;:&quot;classic&quot;}\">\n\t\t\t<div class=\"elementor-widget-wrap elementor-element-populated\">\n\t\t\t\t\t<div class=\"elementor-background-overlay\"><\/div>\n\t\t\t\t\t\t<div class=\"elementor-element elementor-element-e21160a elementor-widget__width-inherit elementor-widget elementor-widget-podover_elementor_heading\" data-id=\"e21160a\" data-element_type=\"widget\" data-e-type=\"widget\" data-widget_type=\"podover_elementor_heading.default\">\n\t\t\t\t<div class=\"elementor-widget-container\">\n\t\t\t\t\t\t\t<div class=\"ova-title\">\n\n\t\t\t\n\t\t\t\t\t\t\t\t\t\t\t\t\t<h2 class=\"title\">\n\t\t\t\t\t\t\tPodcast\t\t\t\t\t\t<\/h2>\n\n\t\t\t\t\t\t\t\n\t\t\t\n\t\t<\/div> \n\t\t\t\t\t\t<\/div>\n\t\t\t\t<\/div>\n\t\t\t\t<div class=\"elementor-element elementor-element-b6d5ed4 elementor-widget elementor-widget-image\" data-id=\"b6d5ed4\" data-element_type=\"widget\" data-e-type=\"widget\" data-widget_type=\"image.default\">\n\t\t\t\t<div class=\"elementor-widget-container\">\n\t\t\t\t\t\t\t\t\t\t\t\t\t\t\t<img decoding=\"async\" width=\"829\" height=\"267\" src=\"https:\/\/cosiam.net\/wp-content\/uploads\/2023\/09\/audio3.jpg\" class=\"attachment-full size-full wp-image-5035\" alt=\"\" srcset=\"https:\/\/cosiam.net\/wp-content\/uploads\/2023\/09\/audio3.jpg 829w, https:\/\/cosiam.net\/wp-content\/uploads\/2023\/09\/audio3-300x97.jpg 300w, https:\/\/cosiam.net\/wp-content\/uploads\/2023\/09\/audio3-768x247.jpg 768w\" sizes=\"(max-width: 829px) 100vw, 829px\" \/>\t\t\t\t\t\t\t\t\t\t\t\t\t\t\t<\/div>\n\t\t\t\t<\/div>\n\t\t\t\t<div class=\"elementor-element elementor-element-9a6fb6b elementor-widget__width-auto elementor-align-center elementor-widget elementor-widget-button\" data-id=\"9a6fb6b\" data-element_type=\"widget\" data-e-type=\"widget\" data-widget_type=\"button.default\">\n\t\t\t\t<div class=\"elementor-widget-container\">\n\t\t\t\t\t\t\t\t\t<div class=\"elementor-button-wrapper\">\n\t\t\t\t\t<a class=\"elementor-button elementor-button-link elementor-size-md\" href=\"https:\/\/open.spotify.com\/show\/4NZVHMKS30STB5ezlXYqyd?si=1c9b92739f894fc4\" target=\"_blank\">\n\t\t\t\t\t\t<span class=\"elementor-button-content-wrapper\">\n\t\t\t\t\t\t\t\t\t<span class=\"elementor-button-text\">Ir al Podcast<\/span>\n\t\t\t\t\t<\/span>\n\t\t\t\t\t<\/a>\n\t\t\t\t<\/div>\n\t\t\t\t\t\t\t\t<\/div>\n\t\t\t\t<\/div>\n\t\t\t\t\t<\/div>\n\t\t<\/div>\n\t\t\t\t\t<\/div>\n\t\t<\/section>\n\t\t\t\t<\/div>\n\t\t","protected":false},"excerpt":{"rendered":"<p>Matem\u00e1ticas Aplicadas al Desarrollo Sostenible En esta red de investigaci\u00f3n se estudian todos los relacionados con el desarrollo sostenible desde diferentes enfoques de la matem\u00e1tica (din\u00e1mica de sistemas, sistemas din\u00e1micos no lineales, sistemas conservativos, teor\u00eda de bifurcaciones, redes complejas, teor\u00eda de juegos, simulaci\u00f3n basada en agentes, redes de implicaciones entre otras), en un marco de [&hellip;]<\/p>\n","protected":false},"author":1,"featured_media":0,"parent":4116,"menu_order":0,"comment_status":"closed","ping_status":"closed","template":"elementor_header_footer","meta":{"give_campaign_id":0,"footnotes":""},"class_list":["post-4976","page","type-page","status-publish","hentry"],"campaignId":"","_links":{"self":[{"href":"https:\/\/cosiam.net\/index.php\/wp-json\/wp\/v2\/pages\/4976","targetHints":{"allow":["GET"]}}],"collection":[{"href":"https:\/\/cosiam.net\/index.php\/wp-json\/wp\/v2\/pages"}],"about":[{"href":"https:\/\/cosiam.net\/index.php\/wp-json\/wp\/v2\/types\/page"}],"author":[{"embeddable":true,"href":"https:\/\/cosiam.net\/index.php\/wp-json\/wp\/v2\/users\/1"}],"replies":[{"embeddable":true,"href":"https:\/\/cosiam.net\/index.php\/wp-json\/wp\/v2\/comments?post=4976"}],"version-history":[{"count":64,"href":"https:\/\/cosiam.net\/index.php\/wp-json\/wp\/v2\/pages\/4976\/revisions"}],"predecessor-version":[{"id":5203,"href":"https:\/\/cosiam.net\/index.php\/wp-json\/wp\/v2\/pages\/4976\/revisions\/5203"}],"up":[{"embeddable":true,"href":"https:\/\/cosiam.net\/index.php\/wp-json\/wp\/v2\/pages\/4116"}],"wp:attachment":[{"href":"https:\/\/cosiam.net\/index.php\/wp-json\/wp\/v2\/media?parent=4976"}],"curies":[{"name":"wp","href":"https:\/\/api.w.org\/{rel}","templated":true}]}}