{"id":5147,"date":"2023-09-27T16:41:32","date_gmt":"2023-09-27T14:41:32","guid":{"rendered":"https:\/\/cosiam.net\/?page_id=5147"},"modified":"2023-09-27T17:12:46","modified_gmt":"2023-09-27T15:12:46","slug":"altencoa9-2023","status":"publish","type":"page","link":"https:\/\/cosiam.net\/index.php\/altencoa9-2023\/","title":{"rendered":"ALTENCOA9-2023"},"content":{"rendered":"\t\t<div data-elementor-type=\"wp-page\" data-elementor-id=\"5147\" class=\"elementor elementor-5147\">\n\t\t\t\t\t\t<section class=\"elementor-section elementor-top-section elementor-element elementor-element-f104903 elementor-section-boxed elementor-section-height-default elementor-section-height-default\" data-id=\"f104903\" data-element_type=\"section\" data-e-type=\"section\" data-settings=\"{&quot;background_background&quot;:&quot;classic&quot;}\">\n\t\t\t\t\t\t\t<div class=\"elementor-background-overlay\"><\/div>\n\t\t\t\t\t\t\t<div class=\"elementor-container elementor-column-gap-no\">\n\t\t\t\t\t<div class=\"elementor-column elementor-col-100 elementor-top-column elementor-element elementor-element-5c782a5\" data-id=\"5c782a5\" data-element_type=\"column\" data-e-type=\"column\">\n\t\t\t<div class=\"elementor-widget-wrap elementor-element-populated\">\n\t\t\t\t\t\t<div class=\"elementor-element elementor-element-531e645 animated-slow elementor-widget__width-initial elementor-invisible elementor-widget elementor-widget-heading\" data-id=\"531e645\" data-element_type=\"widget\" data-e-type=\"widget\" data-settings=\"{&quot;_animation&quot;:&quot;ova-move-left&quot;,&quot;_animation_tablet&quot;:&quot;none&quot;,&quot;_animation_delay&quot;:100}\" data-widget_type=\"heading.default\">\n\t\t\t\t<div class=\"elementor-widget-container\">\n\t\t\t\t\t<h2 class=\"elementor-heading-title elementor-size-default\">Otros eventos<\/h2>\t\t\t\t<\/div>\n\t\t\t\t<\/div>\n\t\t\t\t\t<\/div>\n\t\t<\/div>\n\t\t\t\t\t<\/div>\n\t\t<\/section>\n\t\t\t\t<section class=\"elementor-section elementor-top-section elementor-element elementor-element-40a2dd49 elementor-section-boxed elementor-section-height-default elementor-section-height-default\" data-id=\"40a2dd49\" data-element_type=\"section\" data-e-type=\"section\">\n\t\t\t\t\t\t<div class=\"elementor-container elementor-column-gap-default\">\n\t\t\t\t\t<div class=\"elementor-column elementor-col-50 elementor-top-column elementor-element elementor-element-62d871bb\" data-id=\"62d871bb\" data-element_type=\"column\" data-e-type=\"column\" data-settings=\"{&quot;background_background&quot;:&quot;classic&quot;}\">\n\t\t\t<div class=\"elementor-widget-wrap elementor-element-populated\">\n\t\t\t\t\t\t<div class=\"elementor-element elementor-element-ddd0170 elementor-widget elementor-widget-image\" data-id=\"ddd0170\" data-element_type=\"widget\" data-e-type=\"widget\" data-widget_type=\"image.default\">\n\t\t\t\t<div class=\"elementor-widget-container\">\n\t\t\t\t\t\t\t\t\t\t\t\t\t\t\t<img fetchpriority=\"high\" decoding=\"async\" width=\"775\" height=\"517\" src=\"https:\/\/cosiam.net\/wp-content\/uploads\/2023\/09\/postAltencoa-1.jpg\" class=\"attachment-large size-large wp-image-5178\" alt=\"\" srcset=\"https:\/\/cosiam.net\/wp-content\/uploads\/2023\/09\/postAltencoa-1.jpg 775w, https:\/\/cosiam.net\/wp-content\/uploads\/2023\/09\/postAltencoa-1-300x200.jpg 300w, https:\/\/cosiam.net\/wp-content\/uploads\/2023\/09\/postAltencoa-1-768x512.jpg 768w\" sizes=\"(max-width: 775px) 100vw, 775px\" \/>\t\t\t\t\t\t\t\t\t\t\t\t\t\t\t<\/div>\n\t\t\t\t<\/div>\n\t\t\t\t\t<\/div>\n\t\t<\/div>\n\t\t\t\t<div class=\"elementor-column elementor-col-50 elementor-top-column elementor-element elementor-element-1461cc5a\" data-id=\"1461cc5a\" data-element_type=\"column\" data-e-type=\"column\">\n\t\t\t<div class=\"elementor-widget-wrap elementor-element-populated\">\n\t\t\t\t\t\t<div class=\"elementor-element elementor-element-3bf8c973 elementor-widget elementor-widget-podover_elementor_heading\" data-id=\"3bf8c973\" data-element_type=\"widget\" data-e-type=\"widget\" data-widget_type=\"podover_elementor_heading.default\">\n\t\t\t\t<div class=\"elementor-widget-container\">\n\t\t\t\t\t\t\t<div class=\"ova-title\">\n\n\t\t\t\n\t\t\t\t\t\t\t\t\t\t\t\t\t<h2 class=\"title\">\n\t\t\t\t\t\t\tALTENCOA9-2023\n\t\t\t\t\t\t<\/h2>\n\n\t\t\t\t\t\t\t\n\t\t\t\t\t\t\t<p class=\"description\"> Encuentro de \u00c1lgebra, Teor\u00eda de N\u00fameros, Combinatoria y Aplicaciones\nALTENCOA9-2023\n <\/p>\n\t\t\t\n\t\t<\/div> \n\t\t\t\t\t\t<\/div>\n\t\t\t\t<\/div>\n\t\t\t\t<div class=\"elementor-element elementor-element-733dd1b elementor-widget elementor-widget-text-editor\" data-id=\"733dd1b\" data-element_type=\"widget\" data-e-type=\"widget\" data-widget_type=\"text-editor.default\">\n\t\t\t\t<div class=\"elementor-widget-container\">\n\t\t\t\t\t\t\t\t\t<p>El grupo de investigaci\u00f3n ALTENUA: \u00c1lgebra, Teor\u00eda de N\u00fameros y Aplicaciones tiene el gusto de convocar a la novena versi\u00f3n del Encuentro de \u00c1lgebra, Teor\u00eda de N\u00fameros, Combinatoria y Aplicaciones ALTENCOA9-2023, que tendr\u00e1 lugar en la Universidad del Valle, Cali, Colombia, entre noviembre 27 y diciembre 1 del 2023.<\/p><p>Los encuentros ALTENCOA tienen como prop\u00f3sito fomentar el \u00c1lgebra, la Teor\u00eda de N\u00fameros, la Combinatoria y las Aplicaciones en Colombia. El evento proporcionar\u00e1 un excelente espacio para la difusi\u00f3n de resultados de investigaci\u00f3n, ideas nuevas y experiencias en las \u00e1reas mencionadas.<\/p>\t\t\t\t\t\t\t\t<\/div>\n\t\t\t\t<\/div>\n\t\t\t\t<div class=\"elementor-element elementor-element-ccb138a elementor-widget__width-auto elementor-widget elementor-widget-button\" data-id=\"ccb138a\" data-element_type=\"widget\" data-e-type=\"widget\" data-widget_type=\"button.default\">\n\t\t\t\t<div class=\"elementor-widget-container\">\n\t\t\t\t\t\t\t\t\t<div class=\"elementor-button-wrapper\">\n\t\t\t\t\t<a class=\"elementor-button elementor-button-link elementor-size-md\" href=\"https:\/\/altencoa.correounivalle.edu.co\/\" target=\"_blank\">\n\t\t\t\t\t\t<span class=\"elementor-button-content-wrapper\">\n\t\t\t\t\t\t\t\t\t<span class=\"elementor-button-text\">VER M\u00c1S<\/span>\n\t\t\t\t\t<\/span>\n\t\t\t\t\t<\/a>\n\t\t\t\t<\/div>\n\t\t\t\t\t\t\t\t<\/div>\n\t\t\t\t<\/div>\n\t\t\t\t\t<\/div>\n\t\t<\/div>\n\t\t\t\t\t<\/div>\n\t\t<\/section>\n\t\t\t\t<section class=\"elementor-section elementor-top-section elementor-element elementor-element-47ba761 elementor-section-boxed elementor-section-height-default elementor-section-height-default\" data-id=\"47ba761\" data-element_type=\"section\" data-e-type=\"section\">\n\t\t\t\t\t\t<div class=\"elementor-container elementor-column-gap-default\">\n\t\t\t\t\t<div class=\"elementor-column elementor-col-50 elementor-top-column elementor-element elementor-element-28eb939\" data-id=\"28eb939\" data-element_type=\"column\" data-e-type=\"column\">\n\t\t\t<div class=\"elementor-widget-wrap elementor-element-populated\">\n\t\t\t\t\t\t<div class=\"elementor-element elementor-element-8105b09 elementor-widget elementor-widget-heading\" data-id=\"8105b09\" data-element_type=\"widget\" data-e-type=\"widget\" data-widget_type=\"heading.default\">\n\t\t\t\t<div class=\"elementor-widget-container\">\n\t\t\t\t\t<h2 class=\"elementor-heading-title elementor-size-default\">Comit\u00e9 organizador<\/h2>\t\t\t\t<\/div>\n\t\t\t\t<\/div>\n\t\t\t\t<div class=\"elementor-element elementor-element-b3d020a elementor-widget elementor-widget-text-editor\" data-id=\"b3d020a\" data-element_type=\"widget\" data-e-type=\"widget\" data-widget_type=\"text-editor.default\">\n\t\t\t\t<div class=\"elementor-widget-container\">\n\t\t\t\t\t\t\t\t\t<ul><li>Carlos Alexis G\u00f3mez, Universidad del Valle<\/li><li>Juan Miguel Vel\u00e1squez, Universidad del Valle<\/li><li>Luz Victoria De la pava, Universidad del Valle<\/li><li>Horacio Navarro, Universidad del Valle<\/li><li>Diana Bueno, Pontificia Universidad Javeriana Cali<\/li><li>Jhon Jairo Bravo, Universidad del Cauca<\/li><li>Alexander Holgu\u00edn, Universidad Industrial de Santander<\/li><li>Andr\u00e9s Benavides, Universidad de Nari\u00f1o<\/li><\/ul>\t\t\t\t\t\t\t\t<\/div>\n\t\t\t\t<\/div>\n\t\t\t\t\t<\/div>\n\t\t<\/div>\n\t\t\t\t<div class=\"elementor-column elementor-col-50 elementor-top-column elementor-element elementor-element-3e35533\" data-id=\"3e35533\" data-element_type=\"column\" data-e-type=\"column\">\n\t\t\t<div class=\"elementor-widget-wrap elementor-element-populated\">\n\t\t\t\t\t\t<div class=\"elementor-element elementor-element-911de61 elementor-widget elementor-widget-heading\" data-id=\"911de61\" data-element_type=\"widget\" data-e-type=\"widget\" data-widget_type=\"heading.default\">\n\t\t\t\t<div class=\"elementor-widget-container\">\n\t\t\t\t\t<h2 class=\"elementor-heading-title elementor-size-default\">Comit\u00e9 Cient\u00edfico<\/h2>\t\t\t\t<\/div>\n\t\t\t\t<\/div>\n\t\t\t\t<div class=\"elementor-element elementor-element-bb7bf91 elementor-widget elementor-widget-text-editor\" data-id=\"bb7bf91\" data-element_type=\"widget\" data-e-type=\"widget\" data-widget_type=\"text-editor.default\">\n\t\t\t\t<div class=\"elementor-widget-container\">\n\t\t\t\t\t\t\t\t\t<p><strong>\u00c1lgebra<\/strong><\/p><ul><li>Ciro Russo, Universidad Federal de Bah\u00eda, Brasil<\/li><li>Guillermo Ortiz, Universidad del Valle, Colombia<\/li><li>Hern\u00e1n Giraldo, Universidad de Antioquia, Colombia<\/li><\/ul><p><strong>Teor\u00eda de N\u00fameros<\/strong><\/p><ul><li>Florian Luca, University of the Witwatersrand, Sud\u00e1frica<\/li><li>Rigoberto Florez, The Citadel, USA<\/li><li>Enrique Trevi\u00f1o, Lake Forest College, USA<\/li><\/ul><p><strong>Combinatoria<\/strong><\/p><ul><li>Cesar Ceballos, Universidad de Graz, Austria<\/li><li>Jos\u00e9 Luis Ram\u00edrez, Universidad Nacional de Colombia<\/li><li>Carolina Benedetti, Universidad de los Andes, Colombia<\/li><\/ul><p><strong>Aplicaciones<\/strong><\/p><ul><li>Diego Napp, Universidad de Alicante, Espa\u00f1a<\/li><li>Ang\u00e9lica Torres, Universidad de Barcelona, Espa\u00f1a<\/li><li>Amalia Pizarro, Universidad de Valpara\u00edso, Chile<\/li><\/ul><p><strong>Geometr\u00eda Algebraica<\/strong><\/p><ul><li>Ricardo Toledano, Universidad Nacional del Litoral, Argentina<\/li><li>Alexander Quintero, Universidad Nacional de Colombia<\/li><li>Sergio Troncoso, Universidad Federico Santa Mar\u00eda, Chile<\/li><\/ul>\t\t\t\t\t\t\t\t<\/div>\n\t\t\t\t<\/div>\n\t\t\t\t\t<\/div>\n\t\t<\/div>\n\t\t\t\t\t<\/div>\n\t\t<\/section>\n\t\t\t\t<\/div>\n\t\t","protected":false},"excerpt":{"rendered":"<p>Otros eventos ALTENCOA9-2023 Encuentro de \u00c1lgebra, Teor\u00eda de N\u00fameros, Combinatoria y Aplicaciones ALTENCOA9-2023 El grupo de investigaci\u00f3n ALTENUA: \u00c1lgebra, Teor\u00eda de N\u00fameros y Aplicaciones tiene el gusto de convocar a la novena versi\u00f3n del Encuentro de \u00c1lgebra, Teor\u00eda de N\u00fameros, Combinatoria y Aplicaciones ALTENCOA9-2023, que tendr\u00e1 lugar en la Universidad del Valle, Cali, Colombia, entre [&hellip;]<\/p>\n","protected":false},"author":1,"featured_media":0,"parent":0,"menu_order":0,"comment_status":"closed","ping_status":"closed","template":"elementor_header_footer","meta":{"give_campaign_id":0,"footnotes":""},"class_list":["post-5147","page","type-page","status-publish","hentry"],"campaignId":"","_links":{"self":[{"href":"https:\/\/cosiam.net\/index.php\/wp-json\/wp\/v2\/pages\/5147","targetHints":{"allow":["GET"]}}],"collection":[{"href":"https:\/\/cosiam.net\/index.php\/wp-json\/wp\/v2\/pages"}],"about":[{"href":"https:\/\/cosiam.net\/index.php\/wp-json\/wp\/v2\/types\/page"}],"author":[{"embeddable":true,"href":"https:\/\/cosiam.net\/index.php\/wp-json\/wp\/v2\/users\/1"}],"replies":[{"embeddable":true,"href":"https:\/\/cosiam.net\/index.php\/wp-json\/wp\/v2\/comments?post=5147"}],"version-history":[{"count":25,"href":"https:\/\/cosiam.net\/index.php\/wp-json\/wp\/v2\/pages\/5147\/revisions"}],"predecessor-version":[{"id":5187,"href":"https:\/\/cosiam.net\/index.php\/wp-json\/wp\/v2\/pages\/5147\/revisions\/5187"}],"wp:attachment":[{"href":"https:\/\/cosiam.net\/index.php\/wp-json\/wp\/v2\/media?parent=5147"}],"curies":[{"name":"wp","href":"https:\/\/api.w.org\/{rel}","templated":true}]}}