{"id":5237,"date":"2024-09-03T09:44:47","date_gmt":"2024-09-03T14:44:47","guid":{"rendered":"https:\/\/cosiam.net\/?page_id=5237"},"modified":"2024-09-03T10:04:19","modified_gmt":"2024-09-03T15:04:19","slug":"workshop-and-international-seminar-on-complexity-sciences-2024","status":"publish","type":"page","link":"https:\/\/cosiam.net\/index.php\/workshop-and-international-seminar-on-complexity-sciences-2024\/","title":{"rendered":"Workshop and International Seminar on Complexity Sciences 2024"},"content":{"rendered":"\t\t<div data-elementor-type=\"wp-page\" data-elementor-id=\"5237\" class=\"elementor elementor-5237\">\n\t\t\t\t\t\t<section class=\"elementor-section elementor-top-section elementor-element elementor-element-3dc0ffa5 elementor-section-boxed elementor-section-height-default elementor-section-height-default\" data-id=\"3dc0ffa5\" data-element_type=\"section\" data-e-type=\"section\" data-settings=\"{&quot;background_background&quot;:&quot;classic&quot;}\">\n\t\t\t\t\t\t\t<div class=\"elementor-background-overlay\"><\/div>\n\t\t\t\t\t\t\t<div class=\"elementor-container elementor-column-gap-default\">\n\t\t\t\t\t<div class=\"elementor-column elementor-col-50 elementor-top-column elementor-element elementor-element-5586d675 elementor-hidden-tablet elementor-hidden-mobile\" data-id=\"5586d675\" data-element_type=\"column\" data-e-type=\"column\">\n\t\t\t<div class=\"elementor-widget-wrap elementor-element-populated\">\n\t\t\t\t\t\t<div class=\"elementor-element elementor-element-354d2e9f elementor-widget elementor-widget-image\" data-id=\"354d2e9f\" data-element_type=\"widget\" data-e-type=\"widget\" data-widget_type=\"image.default\">\n\t\t\t\t<div class=\"elementor-widget-container\">\n\t\t\t\t\t\t\t\t\t\t\t\t\t\t\t<img fetchpriority=\"high\" decoding=\"async\" width=\"235\" height=\"226\" src=\"https:\/\/cosiam.net\/wp-content\/uploads\/2024\/09\/logoseventosWisc24.png\" class=\"attachment-large size-large wp-image-5246\" alt=\"\" \/>\t\t\t\t\t\t\t\t\t\t\t\t\t\t\t<\/div>\n\t\t\t\t<\/div>\n\t\t\t\t\t<\/div>\n\t\t<\/div>\n\t\t\t\t<div class=\"elementor-column elementor-col-50 elementor-top-column elementor-element elementor-element-29c4d822\" data-id=\"29c4d822\" data-element_type=\"column\" data-e-type=\"column\">\n\t\t\t<div class=\"elementor-widget-wrap elementor-element-populated\">\n\t\t\t\t\t\t<div class=\"elementor-element elementor-element-444cea07 elementor-widget__width-auto animated-slow elementor-invisible elementor-widget elementor-widget-heading\" data-id=\"444cea07\" data-element_type=\"widget\" data-e-type=\"widget\" data-settings=\"{&quot;_animation&quot;:&quot;fadeInLeft&quot;,&quot;_animation_tablet&quot;:&quot;none&quot;}\" data-widget_type=\"heading.default\">\n\t\t\t\t<div class=\"elementor-widget-container\">\n\t\t\t\t\t<h2 class=\"elementor-heading-title elementor-size-default\">Workshop and International Seminar on Complexity Sciences<\/h2>\t\t\t\t<\/div>\n\t\t\t\t<\/div>\n\t\t\t\t<div class=\"elementor-element elementor-element-62f92feb animated-slow elementor-invisible elementor-widget elementor-widget-podover_elementor_heading\" data-id=\"62f92feb\" data-element_type=\"widget\" data-e-type=\"widget\" data-settings=\"{&quot;_animation&quot;:&quot;ova-move-up&quot;,&quot;_animation_tablet&quot;:&quot;none&quot;,&quot;_animation_delay&quot;:100}\" data-widget_type=\"podover_elementor_heading.default\">\n\t\t\t\t<div class=\"elementor-widget-container\">\n\t\t\t\t\t\t\t<div class=\"ova-title\">\n\n\t\t\t\n\t\t\t\t\t\t\t\t\t\t\t\t\t<h2 class=\"title\">\n\t\t\t\t\t\t\t2024\t\t\t\t\t\t<\/h2>\n\n\t\t\t\t\t\t\t\n\t\t\t\t\t\t\t<p class=\"description\"> 6, 7 y 8 de noviembre de 2024 \/ \nUniversidad Javeriana de Cali \/ \nModalidad: Presencial <\/p>\n\t\t\t\n\t\t<\/div> \n\t\t\t\t\t\t<\/div>\n\t\t\t\t<\/div>\n\t\t\t\t\t<\/div>\n\t\t<\/div>\n\t\t\t\t\t<\/div>\n\t\t<\/section>\n\t\t\t\t<section class=\"elementor-section elementor-top-section elementor-element elementor-element-6a9f958f elementor-section-boxed elementor-section-height-default elementor-section-height-default\" data-id=\"6a9f958f\" data-element_type=\"section\" data-e-type=\"section\">\n\t\t\t\t\t\t<div class=\"elementor-container elementor-column-gap-default\">\n\t\t\t\t\t<div class=\"elementor-column elementor-col-50 elementor-top-column elementor-element elementor-element-770c0aa1\" data-id=\"770c0aa1\" data-element_type=\"column\" data-e-type=\"column\">\n\t\t\t<div class=\"elementor-widget-wrap elementor-element-populated\">\n\t\t\t\t\t\t<div class=\"elementor-element elementor-element-7460a5e2 elementor-widget elementor-widget-podover_elementor_heading\" data-id=\"7460a5e2\" data-element_type=\"widget\" data-e-type=\"widget\" data-widget_type=\"podover_elementor_heading.default\">\n\t\t\t\t<div class=\"elementor-widget-container\">\n\t\t\t\t\t\t\t<div class=\"ova-title\">\n\n\t\t\t\n\t\t\t\t\t\t\t\t\t\t\t\t\t<h2 class=\"title\">\n\t\t\t\t\t\t\tUniversidades auspiciadoras: \t\t\t\t\t\t<\/h2>\n\n\t\t\t\t\t\t\t\n\t\t\t\n\t\t<\/div> \n\t\t\t\t\t\t<\/div>\n\t\t\t\t<\/div>\n\t\t\t\t<div class=\"elementor-element elementor-element-af781cc elementor-widget elementor-widget-image\" data-id=\"af781cc\" data-element_type=\"widget\" data-e-type=\"widget\" data-widget_type=\"image.default\">\n\t\t\t\t<div class=\"elementor-widget-container\">\n\t\t\t\t\t\t\t\t\t\t\t\t\t\t\t<img decoding=\"async\" width=\"775\" height=\"517\" src=\"https:\/\/cosiam.net\/wp-content\/uploads\/2024\/09\/postWisc24.jpg\" class=\"attachment-large size-large wp-image-5247\" alt=\"\" srcset=\"https:\/\/cosiam.net\/wp-content\/uploads\/2024\/09\/postWisc24.jpg 775w, https:\/\/cosiam.net\/wp-content\/uploads\/2024\/09\/postWisc24-300x200.jpg 300w, https:\/\/cosiam.net\/wp-content\/uploads\/2024\/09\/postWisc24-768x512.jpg 768w\" sizes=\"(max-width: 775px) 100vw, 775px\" \/>\t\t\t\t\t\t\t\t\t\t\t\t\t\t\t<\/div>\n\t\t\t\t<\/div>\n\t\t\t\t\t<\/div>\n\t\t<\/div>\n\t\t\t\t<div class=\"elementor-column elementor-col-50 elementor-top-column elementor-element elementor-element-5fe10be8\" data-id=\"5fe10be8\" data-element_type=\"column\" data-e-type=\"column\">\n\t\t\t<div class=\"elementor-widget-wrap elementor-element-populated\">\n\t\t\t\t\t\t<div class=\"elementor-element elementor-element-1a961f12 elementor-widget elementor-widget-text-editor\" data-id=\"1a961f12\" data-element_type=\"widget\" data-e-type=\"widget\" data-widget_type=\"text-editor.default\">\n\t\t\t\t<div class=\"elementor-widget-container\">\n\t\t\t\t\t\t\t\t\tEl Workshop and International Seminar on Complexity Science WISCS CoSIAM es un evento acad\u00e9mico especializado, multi-institucional e interdisciplinar, para el desarrollo de la investigaci\u00f3n en Colombia desde la matem\u00e1tica aplicada, en el que expertos obtienen realimentaci\u00f3n especializada para el fortalecimiento de sus trabajos cient\u00edficos.\nEn este a\u00f1o, el WISCS 2024 enfoca su atenci\u00f3n en la Din\u00e1mica de Sistemas, una particular \u00e1rea de investigaci\u00f3n donde las matem\u00e1ticas dan paso a emergentes e interesantes aplicaciones. La motivaci\u00f3n es reunir a los principales investigadores, expertos y consultores de esta l\u00ednea para tomar como excusa los avances de los trabajos que se vienen realizando en esta l\u00ednea y fortalecer una comunidad que ha logrado el reconocimiento y respeto de acad\u00e9micos y de la industria a nivel global.\nEn este seminario, al que se participa solo con la invitaci\u00f3n directa, participar\u00e1n investigadores nacionales que trabajan y publican en estos temas, con el prop\u00f3sito de escuchar sus posturas y adelantos, discutir los alcances y limitaciones de sus aproximaciones, promover la escritura conjunta y apoyar las implementaciones que se est\u00e1n ejecutando y que se est\u00e1n planificando.\nEste seminario no solo se constituye en un espacio para la construcci\u00f3n cient\u00edfica, sino que tambi\u00e9n se espera que se convierta en un insumo para la planificaci\u00f3n y el establecimiento de pol\u00edticas en nuestro pa\u00eds.\n\t\t\t\t\t\t\t\t<\/div>\n\t\t\t\t<\/div>\n\t\t\t\t\t<\/div>\n\t\t<\/div>\n\t\t\t\t\t<\/div>\n\t\t<\/section>\n\t\t\t\t<\/div>\n\t\t","protected":false},"excerpt":{"rendered":"<p>Workshop and International Seminar on Complexity Sciences 2024 6, 7 y 8 de noviembre de 2024 \/ Universidad Javeriana de Cali \/ Modalidad: Presencial Universidades auspiciadoras: El Workshop and International Seminar on Complexity Science WISCS CoSIAM es un evento acad\u00e9mico especializado, multi-institucional e interdisciplinar, para el desarrollo de la investigaci\u00f3n en Colombia desde la matem\u00e1tica [&hellip;]<\/p>\n","protected":false},"author":1,"featured_media":0,"parent":0,"menu_order":0,"comment_status":"closed","ping_status":"closed","template":"elementor_header_footer","meta":{"give_campaign_id":0,"footnotes":""},"class_list":["post-5237","page","type-page","status-publish","hentry"],"campaignId":"","_links":{"self":[{"href":"https:\/\/cosiam.net\/index.php\/wp-json\/wp\/v2\/pages\/5237","targetHints":{"allow":["GET"]}}],"collection":[{"href":"https:\/\/cosiam.net\/index.php\/wp-json\/wp\/v2\/pages"}],"about":[{"href":"https:\/\/cosiam.net\/index.php\/wp-json\/wp\/v2\/types\/page"}],"author":[{"embeddable":true,"href":"https:\/\/cosiam.net\/index.php\/wp-json\/wp\/v2\/users\/1"}],"replies":[{"embeddable":true,"href":"https:\/\/cosiam.net\/index.php\/wp-json\/wp\/v2\/comments?post=5237"}],"version-history":[{"count":13,"href":"https:\/\/cosiam.net\/index.php\/wp-json\/wp\/v2\/pages\/5237\/revisions"}],"predecessor-version":[{"id":5257,"href":"https:\/\/cosiam.net\/index.php\/wp-json\/wp\/v2\/pages\/5237\/revisions\/5257"}],"wp:attachment":[{"href":"https:\/\/cosiam.net\/index.php\/wp-json\/wp\/v2\/media?parent=5237"}],"curies":[{"name":"wp","href":"https:\/\/api.w.org\/{rel}","templated":true}]}}