{"id":5279,"date":"2024-09-03T15:08:04","date_gmt":"2024-09-03T20:08:04","guid":{"rendered":"https:\/\/cosiam.net\/?page_id=5279"},"modified":"2024-09-09T15:57:56","modified_gmt":"2024-09-09T20:57:56","slug":"annual-meeting-cosiam-2024","status":"publish","type":"page","link":"https:\/\/cosiam.net\/index.php\/annual-meeting-cosiam-2024\/","title":{"rendered":"Annual Meeting CoSIAM 2024"},"content":{"rendered":"\t\t<div data-elementor-type=\"wp-page\" data-elementor-id=\"5279\" class=\"elementor elementor-5279\">\n\t\t\t\t\t\t<section class=\"elementor-section elementor-top-section elementor-element elementor-element-3305ec3 elementor-section-boxed elementor-section-height-default elementor-section-height-default\" data-id=\"3305ec3\" data-element_type=\"section\" data-e-type=\"section\" data-settings=\"{&quot;background_background&quot;:&quot;classic&quot;}\">\n\t\t\t\t\t\t\t<div class=\"elementor-background-overlay\"><\/div>\n\t\t\t\t\t\t\t<div class=\"elementor-container elementor-column-gap-default\">\n\t\t\t\t\t<div class=\"elementor-column elementor-col-50 elementor-top-column elementor-element elementor-element-97fb638 elementor-hidden-tablet elementor-hidden-mobile\" data-id=\"97fb638\" data-element_type=\"column\" data-e-type=\"column\">\n\t\t\t<div class=\"elementor-widget-wrap elementor-element-populated\">\n\t\t\t\t\t\t<div class=\"elementor-element elementor-element-93b61ec elementor-widget elementor-widget-image\" data-id=\"93b61ec\" data-element_type=\"widget\" data-e-type=\"widget\" data-widget_type=\"image.default\">\n\t\t\t\t<div class=\"elementor-widget-container\">\n\t\t\t\t\t\t\t\t\t\t\t\t\t\t\t<img fetchpriority=\"high\" decoding=\"async\" width=\"235\" height=\"226\" src=\"https:\/\/cosiam.net\/wp-content\/uploads\/2024\/09\/logoseventosAM24.png\" class=\"attachment-large size-large wp-image-5274\" alt=\"\" \/>\t\t\t\t\t\t\t\t\t\t\t\t\t\t\t<\/div>\n\t\t\t\t<\/div>\n\t\t\t\t\t<\/div>\n\t\t<\/div>\n\t\t\t\t<div class=\"elementor-column elementor-col-50 elementor-top-column elementor-element elementor-element-737426a\" data-id=\"737426a\" data-element_type=\"column\" data-e-type=\"column\">\n\t\t\t<div class=\"elementor-widget-wrap elementor-element-populated\">\n\t\t\t\t\t\t<div class=\"elementor-element elementor-element-c1b06a8 elementor-widget__width-auto animated-slow elementor-invisible elementor-widget elementor-widget-heading\" data-id=\"c1b06a8\" data-element_type=\"widget\" data-e-type=\"widget\" data-settings=\"{&quot;_animation&quot;:&quot;fadeInLeft&quot;,&quot;_animation_tablet&quot;:&quot;none&quot;}\" data-widget_type=\"heading.default\">\n\t\t\t\t<div class=\"elementor-widget-container\">\n\t\t\t\t\t<h2 class=\"elementor-heading-title elementor-size-default\">Annual Meeting CoSIAM<\/h2>\t\t\t\t<\/div>\n\t\t\t\t<\/div>\n\t\t\t\t<div class=\"elementor-element elementor-element-53e8e6c animated-slow elementor-invisible elementor-widget elementor-widget-podover_elementor_heading\" data-id=\"53e8e6c\" data-element_type=\"widget\" data-e-type=\"widget\" data-settings=\"{&quot;_animation&quot;:&quot;ova-move-up&quot;,&quot;_animation_tablet&quot;:&quot;none&quot;,&quot;_animation_delay&quot;:100}\" data-widget_type=\"podover_elementor_heading.default\">\n\t\t\t\t<div class=\"elementor-widget-container\">\n\t\t\t\t\t\t\t<div class=\"ova-title\">\n\n\t\t\t\n\t\t\t\t\t\t\t\t\t\t\t\t\t<h2 class=\"title\">\n\t\t\t\t\t\t\t2024\t\t\t\t\t\t<\/h2>\n\n\t\t\t\t\t\t\t\n\t\t\t\t\t\t\t<p class=\"description\"> 8 de noviembre de 2024\nUniversidad Javeriana de Cali, Cali (Colombia)\n <\/p>\n\t\t\t\n\t\t<\/div> \n\t\t\t\t\t\t<\/div>\n\t\t\t\t<\/div>\n\t\t\t\t<div class=\"elementor-element elementor-element-80af36d elementor-align-left elementor-tablet-align-left elementor-widget-tablet__width-auto animated-slow elementor-invisible elementor-widget elementor-widget-button\" data-id=\"80af36d\" data-element_type=\"widget\" data-e-type=\"widget\" data-settings=\"{&quot;_animation&quot;:&quot;ova-move-up&quot;,&quot;_animation_tablet&quot;:&quot;none&quot;,&quot;_animation_delay&quot;:200}\" data-widget_type=\"button.default\">\n\t\t\t\t<div class=\"elementor-widget-container\">\n\t\t\t\t\t\t\t\t\t<div class=\"elementor-button-wrapper\">\n\t\t\t\t\t<a class=\"elementor-button elementor-button-link elementor-size-sm\" href=\"https:\/\/forms.gle\/YFG8A9TPDpBqKBRc6\" target=\"_blank\">\n\t\t\t\t\t\t<span class=\"elementor-button-content-wrapper\">\n\t\t\t\t\t\t\t\t\t<span class=\"elementor-button-text\">Registro<\/span>\n\t\t\t\t\t<\/span>\n\t\t\t\t\t<\/a>\n\t\t\t\t<\/div>\n\t\t\t\t\t\t\t\t<\/div>\n\t\t\t\t<\/div>\n\t\t\t\t\t<\/div>\n\t\t<\/div>\n\t\t\t\t\t<\/div>\n\t\t<\/section>\n\t\t\t\t<section class=\"elementor-section elementor-top-section elementor-element elementor-element-0f9cfea elementor-section-boxed elementor-section-height-default elementor-section-height-default\" data-id=\"0f9cfea\" data-element_type=\"section\" data-e-type=\"section\">\n\t\t\t\t\t\t<div class=\"elementor-container elementor-column-gap-default\">\n\t\t\t\t\t<div class=\"elementor-column elementor-col-50 elementor-top-column elementor-element elementor-element-ca619d7\" data-id=\"ca619d7\" data-element_type=\"column\" data-e-type=\"column\">\n\t\t\t<div class=\"elementor-widget-wrap elementor-element-populated\">\n\t\t\t\t\t\t<div class=\"elementor-element elementor-element-0b5d337 elementor-widget elementor-widget-image\" data-id=\"0b5d337\" data-element_type=\"widget\" data-e-type=\"widget\" data-widget_type=\"image.default\">\n\t\t\t\t<div class=\"elementor-widget-container\">\n\t\t\t\t\t\t\t\t\t\t\t\t\t\t\t<img decoding=\"async\" width=\"775\" height=\"517\" src=\"https:\/\/cosiam.net\/wp-content\/uploads\/2024\/09\/LOGO-JAVERIANA.jpg\" class=\"attachment-large size-large wp-image-5275\" alt=\"\" srcset=\"https:\/\/cosiam.net\/wp-content\/uploads\/2024\/09\/LOGO-JAVERIANA.jpg 775w, https:\/\/cosiam.net\/wp-content\/uploads\/2024\/09\/LOGO-JAVERIANA-300x200.jpg 300w, https:\/\/cosiam.net\/wp-content\/uploads\/2024\/09\/LOGO-JAVERIANA-768x512.jpg 768w\" sizes=\"(max-width: 775px) 100vw, 775px\" \/>\t\t\t\t\t\t\t\t\t\t\t\t\t\t\t<\/div>\n\t\t\t\t<\/div>\n\t\t\t\t\t<\/div>\n\t\t<\/div>\n\t\t\t\t<div class=\"elementor-column elementor-col-50 elementor-top-column elementor-element elementor-element-07a1b51\" data-id=\"07a1b51\" data-element_type=\"column\" data-e-type=\"column\">\n\t\t\t<div class=\"elementor-widget-wrap elementor-element-populated\">\n\t\t\t\t\t\t<div class=\"elementor-element elementor-element-d2afb81 elementor-widget elementor-widget-podover_elementor_heading\" data-id=\"d2afb81\" data-element_type=\"widget\" data-e-type=\"widget\" data-widget_type=\"podover_elementor_heading.default\">\n\t\t\t\t<div class=\"elementor-widget-container\">\n\t\t\t\t\t\t\t<div class=\"ova-title\">\n\n\t\t\t\n\t\t\t\t\t\t\t\t\t\t\t\t\t<h2 class=\"title\">\n\t\t\t\t\t\t\tAgenda\t\t\t\t\t\t<\/h2>\n\n\t\t\t\t\t\t\t\n\t\t\t\n\t\t<\/div> \n\t\t\t\t\t\t<\/div>\n\t\t\t\t<\/div>\n\t\t\t\t<div class=\"elementor-element elementor-element-c37b794 elementor-widget elementor-widget-text-editor\" data-id=\"c37b794\" data-element_type=\"widget\" data-e-type=\"widget\" data-widget_type=\"text-editor.default\">\n\t\t\t\t<div class=\"elementor-widget-container\">\n\t\t\t\t\t\t\t\t\t<ul><li>18:30 pm. Conferencia.<\/li><li>19:15 pm. Presentaci\u00f3n del informe de gesti\u00f3n 2024 y plan de elecciones a\u00f1o 2025.<\/li><li>19:45 pm. Palabras de cierre.<\/li><\/ul>\t\t\t\t\t\t\t\t<\/div>\n\t\t\t\t<\/div>\n\t\t\t\t\t<\/div>\n\t\t<\/div>\n\t\t\t\t\t<\/div>\n\t\t<\/section>\n\t\t\t\t<section class=\"elementor-section elementor-top-section elementor-element elementor-element-26043c1 elementor-section-boxed elementor-section-height-default elementor-section-height-default\" data-id=\"26043c1\" data-element_type=\"section\" data-e-type=\"section\">\n\t\t\t\t\t\t<div class=\"elementor-container elementor-column-gap-default\">\n\t\t\t\t\t<div class=\"elementor-column elementor-col-100 elementor-top-column elementor-element elementor-element-91e85da\" data-id=\"91e85da\" data-element_type=\"column\" data-e-type=\"column\">\n\t\t\t<div class=\"elementor-widget-wrap elementor-element-populated\">\n\t\t\t\t\t\t<div class=\"elementor-element elementor-element-823cbcd elementor-widget elementor-widget-podover_elementor_heading\" data-id=\"823cbcd\" data-element_type=\"widget\" data-e-type=\"widget\" data-widget_type=\"podover_elementor_heading.default\">\n\t\t\t\t<div class=\"elementor-widget-container\">\n\t\t\t\t\t\t\t<div class=\"ova-title\">\n\n\t\t\t\n\t\t\t\t\t\t\t\t\t\t\t\t\t<h2 class=\"title\">\n\t\t\t\t\t\t\tConferencia\t\t\t\t\t\t<\/h2>\n\n\t\t\t\t\t\t\t\n\t\t\t\n\t\t<\/div> \n\t\t\t\t\t\t<\/div>\n\t\t\t\t<\/div>\n\t\t\t\t<div class=\"elementor-element elementor-element-bc5853c elementor-widget elementor-widget-text-editor\" data-id=\"bc5853c\" data-element_type=\"widget\" data-e-type=\"widget\" data-widget_type=\"text-editor.default\">\n\t\t\t\t<div class=\"elementor-widget-container\">\n\t\t\t\t\t\t\t\t\t<h1>Una invitaci\u00f3n al estudio de representaciones de quivers y aplicaciones<\/h1><p><strong>Resumen:<\/strong> Los problemas de clasificaci\u00f3n son centrales en matem\u00e1ticas. Cuando tenemos estructuras matem\u00e1ticas que queremos estudiar, recurrimos a alguna noci\u00f3n de equivalencia que nos ayude a diferenciar entre ellas, es por esto que es tan \u00fatil el estudio de semejanzas de tri\u00e1ngulos, homeomorfismos, isomorfismos algebraicos, homolog\u00eda, etc., solo para mencionar algunos ejemplos. Esto corresponde a mapear los objetos que queremos clasificar dentro de alguna categor\u00eda que podemos entender, nada diferente en esp\u00edritu al querer estudiar funciones anal\u00edticas entendiendo los polinomios.<\/p><p>Dentro de los problemas de clasificaci\u00f3n m\u00e1s sencillos de plantear con respuestas satisfactorias se encuentra el de clasificar representaciones finito-dimensionales de un quiver (grafo dirigido) finito. En esta charla estudiaremos propiedades de estos espacios clasificantes y daremos una mirada a recientes aplicaciones al estudio de redes neuronales y persistencia.<\/p>\t\t\t\t\t\t\t\t<\/div>\n\t\t\t\t<\/div>\n\t\t\t\t\t<\/div>\n\t\t<\/div>\n\t\t\t\t\t<\/div>\n\t\t<\/section>\n\t\t\t\t<section class=\"elementor-section elementor-top-section elementor-element elementor-element-8dc9c28 elementor-section-boxed elementor-section-height-default elementor-section-height-default\" data-id=\"8dc9c28\" data-element_type=\"section\" data-e-type=\"section\">\n\t\t\t\t\t\t<div class=\"elementor-container elementor-column-gap-default\">\n\t\t\t\t\t<div class=\"elementor-column elementor-col-50 elementor-top-column elementor-element elementor-element-7b598e3\" data-id=\"7b598e3\" data-element_type=\"column\" data-e-type=\"column\">\n\t\t\t<div class=\"elementor-widget-wrap elementor-element-populated\">\n\t\t\t\t\t\t<div class=\"elementor-element elementor-element-a89ab87 elementor-widget elementor-widget-podover_elementor_heading\" data-id=\"a89ab87\" data-element_type=\"widget\" data-e-type=\"widget\" data-widget_type=\"podover_elementor_heading.default\">\n\t\t\t\t<div class=\"elementor-widget-container\">\n\t\t\t\t\t\t\t<div class=\"ova-title\">\n\n\t\t\t\n\t\t\t\t\t\t\t\t\t\t\t\t\t<h2 class=\"title\">\n\t\t\t\t\t\t\tConferencista \t\t\t\t\t\t<\/h2>\n\n\t\t\t\t\t\t\t\n\t\t\t\n\t\t<\/div> \n\t\t\t\t\t\t<\/div>\n\t\t\t\t<\/div>\n\t\t\t\t<div class=\"elementor-element elementor-element-8d9d8ff elementor-widget elementor-widget-text-editor\" data-id=\"8d9d8ff\" data-element_type=\"widget\" data-e-type=\"widget\" data-widget_type=\"text-editor.default\">\n\t\t\t\t<div class=\"elementor-widget-container\">\n\t\t\t\t\t\t\t\t\t<h1><a href=\"https:\/\/sites.google.com\/site\/cristianmathinez\/home\" target=\"_blank\" rel=\"noopener\">Cristian Martinez<\/a><\/h1><p>Profesor Principal de la Escuela de Ingenier\u00eda, Ciencia y Tecnolog\u00eda de la Universidad del Rosario en Bogot\u00e1. Antes de eso, fui becario postdoctoral en la Universidad Estadual de Campinas (Unicamp) en el grupo de Teor\u00eda de Gauge y Geometr\u00eda Algebraica del Instituto de Matem\u00e1tica, Estad\u00edstica e Computaci\u00f3n Cient\u00edfica bajo la supervisi\u00f3n de Marcos Jardim. Antes de Brasil, ocup\u00e9 varios cargos: fui docente en la Universidad del Norte en Barranquilla, investigador postdoctoral en la Universidad de Los Andes en Bogot\u00e1 y profesor asistente visitante en la Universidad de California, Santa B\u00e1rbara, bajo la direcci\u00f3n de David R. Morrison. Me gradu\u00e9 de la Universidad de Utah en mayo de 2015 con un doctorado en Matem\u00e1ticas. Escrib\u00ed mi tesis sobre Geometr\u00eda Algebraica bajo la supervisi\u00f3n de Aaron Bertram.<\/p>\t\t\t\t\t\t\t\t<\/div>\n\t\t\t\t<\/div>\n\t\t\t\t\t<\/div>\n\t\t<\/div>\n\t\t\t\t<div class=\"elementor-column elementor-col-50 elementor-top-column elementor-element elementor-element-5d8c16d\" data-id=\"5d8c16d\" data-element_type=\"column\" data-e-type=\"column\">\n\t\t\t<div class=\"elementor-widget-wrap elementor-element-populated\">\n\t\t\t\t\t\t<div class=\"elementor-element elementor-element-968bd4d elementor-widget elementor-widget-image\" data-id=\"968bd4d\" data-element_type=\"widget\" data-e-type=\"widget\" data-widget_type=\"image.default\">\n\t\t\t\t<div class=\"elementor-widget-container\">\n\t\t\t\t\t\t\t\t\t\t\t\t\t\t\t<img decoding=\"async\" width=\"600\" height=\"600\" src=\"https:\/\/cosiam.net\/wp-content\/uploads\/2024\/09\/minisCristianMartinez.jpg\" class=\"attachment-large size-large wp-image-5363\" alt=\"\" srcset=\"https:\/\/cosiam.net\/wp-content\/uploads\/2024\/09\/minisCristianMartinez.jpg 600w, https:\/\/cosiam.net\/wp-content\/uploads\/2024\/09\/minisCristianMartinez-300x300.jpg 300w, https:\/\/cosiam.net\/wp-content\/uploads\/2024\/09\/minisCristianMartinez-150x150.jpg 150w\" sizes=\"(max-width: 600px) 100vw, 600px\" \/>\t\t\t\t\t\t\t\t\t\t\t\t\t\t\t<\/div>\n\t\t\t\t<\/div>\n\t\t\t\t\t<\/div>\n\t\t<\/div>\n\t\t\t\t\t<\/div>\n\t\t<\/section>\n\t\t\t\t<\/div>\n\t\t","protected":false},"excerpt":{"rendered":"<p>Annual Meeting CoSIAM 2024 8 de noviembre de 2024 Universidad Javeriana de Cali, Cali (Colombia) Registro Agenda 18:30 pm. Conferencia. 19:15 pm. Presentaci\u00f3n del informe de gesti\u00f3n 2024 y plan de elecciones a\u00f1o 2025. 19:45 pm. Palabras de cierre. Conferencia Una invitaci\u00f3n al estudio de representaciones de quivers y aplicaciones Resumen: Los problemas de clasificaci\u00f3n [&hellip;]<\/p>\n","protected":false},"author":1,"featured_media":0,"parent":0,"menu_order":0,"comment_status":"closed","ping_status":"closed","template":"elementor_header_footer","meta":{"give_campaign_id":0,"footnotes":""},"class_list":["post-5279","page","type-page","status-publish","hentry"],"campaignId":"","_links":{"self":[{"href":"https:\/\/cosiam.net\/index.php\/wp-json\/wp\/v2\/pages\/5279","targetHints":{"allow":["GET"]}}],"collection":[{"href":"https:\/\/cosiam.net\/index.php\/wp-json\/wp\/v2\/pages"}],"about":[{"href":"https:\/\/cosiam.net\/index.php\/wp-json\/wp\/v2\/types\/page"}],"author":[{"embeddable":true,"href":"https:\/\/cosiam.net\/index.php\/wp-json\/wp\/v2\/users\/1"}],"replies":[{"embeddable":true,"href":"https:\/\/cosiam.net\/index.php\/wp-json\/wp\/v2\/comments?post=5279"}],"version-history":[{"count":22,"href":"https:\/\/cosiam.net\/index.php\/wp-json\/wp\/v2\/pages\/5279\/revisions"}],"predecessor-version":[{"id":5381,"href":"https:\/\/cosiam.net\/index.php\/wp-json\/wp\/v2\/pages\/5279\/revisions\/5381"}],"wp:attachment":[{"href":"https:\/\/cosiam.net\/index.php\/wp-json\/wp\/v2\/media?parent=5279"}],"curies":[{"name":"wp","href":"https:\/\/api.w.org\/{rel}","templated":true}]}}