{"id":5286,"date":"2024-09-03T15:19:32","date_gmt":"2024-09-03T20:19:32","guid":{"rendered":"https:\/\/cosiam.net\/?page_id=5286"},"modified":"2024-09-04T07:32:27","modified_gmt":"2024-09-04T12:32:27","slug":"mmc-cosiam-2024","status":"publish","type":"page","link":"https:\/\/cosiam.net\/index.php\/mmc-cosiam-2024\/","title":{"rendered":"MMC CoSIAM 2024"},"content":{"rendered":"\t\t<div data-elementor-type=\"wp-page\" data-elementor-id=\"5286\" class=\"elementor elementor-5286\">\n\t\t\t\t\t\t<section class=\"elementor-section elementor-top-section elementor-element elementor-element-1e4733df elementor-section-boxed elementor-section-height-default elementor-section-height-default\" data-id=\"1e4733df\" data-element_type=\"section\" data-e-type=\"section\" data-settings=\"{&quot;background_background&quot;:&quot;classic&quot;}\">\n\t\t\t\t\t\t\t<div class=\"elementor-background-overlay\"><\/div>\n\t\t\t\t\t\t\t<div class=\"elementor-container elementor-column-gap-default\">\n\t\t\t\t\t<div class=\"elementor-column elementor-col-50 elementor-top-column elementor-element elementor-element-2e457741 elementor-hidden-tablet elementor-hidden-mobile\" data-id=\"2e457741\" data-element_type=\"column\" data-e-type=\"column\">\n\t\t\t<div class=\"elementor-widget-wrap elementor-element-populated\">\n\t\t\t\t\t\t<div class=\"elementor-element elementor-element-51525876 elementor-widget elementor-widget-image\" data-id=\"51525876\" data-element_type=\"widget\" data-e-type=\"widget\" data-widget_type=\"image.default\">\n\t\t\t\t<div class=\"elementor-widget-container\">\n\t\t\t\t\t\t\t\t\t\t\t\t\t\t\t<img fetchpriority=\"high\" decoding=\"async\" width=\"235\" height=\"226\" src=\"https:\/\/cosiam.net\/wp-content\/uploads\/2024\/09\/logoseventosMMC242.png\" class=\"attachment-large size-large wp-image-5330\" alt=\"\" \/>\t\t\t\t\t\t\t\t\t\t\t\t\t\t\t<\/div>\n\t\t\t\t<\/div>\n\t\t\t\t\t<\/div>\n\t\t<\/div>\n\t\t\t\t<div class=\"elementor-column elementor-col-50 elementor-top-column elementor-element elementor-element-db8cd57\" data-id=\"db8cd57\" data-element_type=\"column\" data-e-type=\"column\">\n\t\t\t<div class=\"elementor-widget-wrap elementor-element-populated\">\n\t\t\t\t\t\t<div class=\"elementor-element elementor-element-264e58f1 elementor-widget__width-auto animated-slow elementor-invisible elementor-widget elementor-widget-heading\" data-id=\"264e58f1\" data-element_type=\"widget\" data-e-type=\"widget\" data-settings=\"{&quot;_animation&quot;:&quot;fadeInLeft&quot;,&quot;_animation_tablet&quot;:&quot;none&quot;}\" data-widget_type=\"heading.default\">\n\t\t\t\t<div class=\"elementor-widget-container\">\n\t\t\t\t\t<h2 class=\"elementor-heading-title elementor-size-default\">MMC CoSIAM<\/h2>\t\t\t\t<\/div>\n\t\t\t\t<\/div>\n\t\t\t\t<div class=\"elementor-element elementor-element-2ebcc2a0 animated-slow elementor-invisible elementor-widget elementor-widget-podover_elementor_heading\" data-id=\"2ebcc2a0\" data-element_type=\"widget\" data-e-type=\"widget\" data-settings=\"{&quot;_animation&quot;:&quot;ova-move-up&quot;,&quot;_animation_tablet&quot;:&quot;none&quot;,&quot;_animation_delay&quot;:100}\" data-widget_type=\"podover_elementor_heading.default\">\n\t\t\t\t<div class=\"elementor-widget-container\">\n\t\t\t\t\t\t\t<div class=\"ova-title\">\n\n\t\t\t\n\t\t\t\t\t\t\t\t\t\t\t\t\t<h2 class=\"title\">\n\t\t\t\t\t\t\t2024\t\t\t\t\t\t<\/h2>\n\n\t\t\t\t\t\t\t\n\t\t\t\t\t\t\t<p class=\"description\"> PLANIFICACI\u00d3N URBANA\n <\/p>\n\t\t\t\n\t\t<\/div> \n\t\t\t\t\t\t<\/div>\n\t\t\t\t<\/div>\n\t\t\t\t<div class=\"elementor-element elementor-element-26228493 elementor-widget elementor-widget-text-editor\" data-id=\"26228493\" data-element_type=\"widget\" data-e-type=\"widget\" data-widget_type=\"text-editor.default\">\n\t\t\t\t<div class=\"elementor-widget-container\">\n\t\t\t\t\t\t\t\t\t<p><strong>25 Octubre:<\/strong> 8am &#8211; 6pm. <strong>Reto<\/strong><span class=\"Apple-converted-space\">\u00a0<\/span><\/p><p><strong>26 Octubre<\/strong>: 8am &#8211; 12pm . <strong>Revisi\u00f3n de jurados<\/strong><\/p>\t\t\t\t\t\t\t\t<\/div>\n\t\t\t\t<\/div>\n\t\t\t\t<div class=\"elementor-element elementor-element-4af4e72 elementor-widget elementor-widget-text-editor\" data-id=\"4af4e72\" data-element_type=\"widget\" data-e-type=\"widget\" data-widget_type=\"text-editor.default\">\n\t\t\t\t<div class=\"elementor-widget-container\">\n\t\t\t\t\t\t\t\t\t<p><strong>Lugar:<\/strong> Museo del Chic\u00f3, Bogot\u00e1 (Colombia)<\/p><p><strong>Modalidad:<\/strong> Presencial<\/p>\t\t\t\t\t\t\t\t<\/div>\n\t\t\t\t<\/div>\n\t\t\t\t<div class=\"elementor-element elementor-element-6e49dff elementor-widget elementor-widget-text-editor\" data-id=\"6e49dff\" data-element_type=\"widget\" data-e-type=\"widget\" data-widget_type=\"text-editor.default\">\n\t\t\t\t<div class=\"elementor-widget-container\">\n\t\t\t\t\t\t\t\t\t<p>\u00a1 Acepta y gana el reto !<\/p>\t\t\t\t\t\t\t\t<\/div>\n\t\t\t\t<\/div>\n\t\t\t\t<div class=\"elementor-element elementor-element-99e1178 elementor-widget elementor-widget-button\" data-id=\"99e1178\" data-element_type=\"widget\" data-e-type=\"widget\" data-widget_type=\"button.default\">\n\t\t\t\t<div class=\"elementor-widget-container\">\n\t\t\t\t\t\t\t\t\t<div class=\"elementor-button-wrapper\">\n\t\t\t\t\t<a class=\"elementor-button elementor-button-link elementor-size-md\" href=\"https:\/\/forms.gle\/QwTv95uitoTAek8QA\">\n\t\t\t\t\t\t<span class=\"elementor-button-content-wrapper\">\n\t\t\t\t\t\t\t\t\t<span class=\"elementor-button-text\">Formulario de inscripci\u00f3n al MMC CoSIAM 2024<\/span>\n\t\t\t\t\t<\/span>\n\t\t\t\t\t<\/a>\n\t\t\t\t<\/div>\n\t\t\t\t\t\t\t\t<\/div>\n\t\t\t\t<\/div>\n\t\t\t\t\t<\/div>\n\t\t<\/div>\n\t\t\t\t\t<\/div>\n\t\t<\/section>\n\t\t\t\t<section class=\"elementor-section elementor-top-section elementor-element elementor-element-298bab88 elementor-section-boxed elementor-section-height-default elementor-section-height-default\" data-id=\"298bab88\" data-element_type=\"section\" data-e-type=\"section\">\n\t\t\t\t\t\t<div class=\"elementor-container elementor-column-gap-default\">\n\t\t\t\t\t<div class=\"elementor-column elementor-col-50 elementor-top-column elementor-element elementor-element-4483473a\" data-id=\"4483473a\" data-element_type=\"column\" data-e-type=\"column\">\n\t\t\t<div class=\"elementor-widget-wrap elementor-element-populated\">\n\t\t\t\t\t\t<div class=\"elementor-element elementor-element-36a93fb0 elementor-widget elementor-widget-image\" data-id=\"36a93fb0\" data-element_type=\"widget\" data-e-type=\"widget\" data-widget_type=\"image.default\">\n\t\t\t\t<div class=\"elementor-widget-container\">\n\t\t\t\t\t\t\t\t\t\t\t\t\t\t\t<img decoding=\"async\" width=\"775\" height=\"517\" src=\"https:\/\/cosiam.net\/wp-content\/uploads\/2024\/09\/postMMC24.jpg\" class=\"attachment-large size-large wp-image-5292\" alt=\"\" srcset=\"https:\/\/cosiam.net\/wp-content\/uploads\/2024\/09\/postMMC24.jpg 775w, https:\/\/cosiam.net\/wp-content\/uploads\/2024\/09\/postMMC24-300x200.jpg 300w, https:\/\/cosiam.net\/wp-content\/uploads\/2024\/09\/postMMC24-768x512.jpg 768w\" sizes=\"(max-width: 775px) 100vw, 775px\" \/>\t\t\t\t\t\t\t\t\t\t\t\t\t\t\t<\/div>\n\t\t\t\t<\/div>\n\t\t\t\t\t<\/div>\n\t\t<\/div>\n\t\t\t\t<div class=\"elementor-column elementor-col-50 elementor-top-column elementor-element elementor-element-5dd21434\" data-id=\"5dd21434\" data-element_type=\"column\" data-e-type=\"column\">\n\t\t\t<div class=\"elementor-widget-wrap elementor-element-populated\">\n\t\t\t\t\t\t<div class=\"elementor-element elementor-element-573a7f20 elementor-widget elementor-widget-text-editor\" data-id=\"573a7f20\" data-element_type=\"widget\" data-e-type=\"widget\" data-widget_type=\"text-editor.default\">\n\t\t\t\t<div class=\"elementor-widget-container\">\n\t\t\t\t\t\t\t\t\t<p>El <strong>Math Modeling Challenge CoSIAM<\/strong> (MMC CoSIAM 2024) es un concurso de modelamiento matem\u00e1tico, tipo hackday, en el que equipos de estudiantes provenientes de distintas universidades de Colombia y algunas invitadas del exterior, proponen una soluci\u00f3n a un problema del sector empresarial, a trav\u00e9s de distintas herramientas de la matem\u00e1tica y de las ciencias de la computaci\u00f3n. Todo lo anterior bajo ciertas restricciones de tiempo y recursos.<\/p><p>El objetivo principal de este concurso es incentivar el trabajo multidisciplinar entre los miembros de cada equipo, dando paso a distintos esquemas de soluci\u00f3n a un problema proveniente de un contexto arbitrario. Las soluciones propuestas por cada equipo llevan el beneficio de ser concebidas desde distintos puntos de vista acad\u00e9mico, enriqueciendo a los participantes en habilidades como: el trabajo en equipo, el desarrollo de proyectos bajo un tiempo l\u00edmite de entrega. Adem\u00e1s, es excelente oportunidad para que cada estudiante ponga en valor todo el talento desarrollado durante su vida acad\u00e9mica, entre otros.<\/p>\t\t\t\t\t\t\t\t<\/div>\n\t\t\t\t<\/div>\n\t\t\t\t\t<\/div>\n\t\t<\/div>\n\t\t\t\t\t<\/div>\n\t\t<\/section>\n\t\t\t\t<section class=\"elementor-section elementor-top-section elementor-element elementor-element-12196a4d elementor-section-boxed elementor-section-height-default elementor-section-height-default\" data-id=\"12196a4d\" data-element_type=\"section\" data-e-type=\"section\">\n\t\t\t\t\t\t<div class=\"elementor-container elementor-column-gap-default\">\n\t\t\t\t\t<div class=\"elementor-column elementor-col-50 elementor-top-column elementor-element elementor-element-30f50742\" data-id=\"30f50742\" data-element_type=\"column\" data-e-type=\"column\">\n\t\t\t<div class=\"elementor-widget-wrap elementor-element-populated\">\n\t\t\t\t\t\t<div class=\"elementor-element elementor-element-64d7f90e elementor-widget elementor-widget-podover_elementor_heading\" data-id=\"64d7f90e\" data-element_type=\"widget\" data-e-type=\"widget\" data-widget_type=\"podover_elementor_heading.default\">\n\t\t\t\t<div class=\"elementor-widget-container\">\n\t\t\t\t\t\t\t<div class=\"ova-title\">\n\n\t\t\t\n\t\t\t\t\t\t\t\t\t\t\t\t\t<h2 class=\"title\">\n\t\t\t\t\t\t\tMetodolog\u00eda del MMC CoSIAM\t\t\t\t\t\t<\/h2>\n\n\t\t\t\t\t\t\t\n\t\t\t\n\t\t<\/div> \n\t\t\t\t\t\t<\/div>\n\t\t\t\t<\/div>\n\t\t\t\t<div class=\"elementor-element elementor-element-e23224a elementor-widget elementor-widget-text-editor\" data-id=\"e23224a\" data-element_type=\"widget\" data-e-type=\"widget\" data-widget_type=\"text-editor.default\">\n\t\t\t\t<div class=\"elementor-widget-container\">\n\t\t\t\t\t\t\t\t\t<p>El MMC CoSIAM convoca equipos formado por cuatro (4) estudiantes de pregrado y\/o posgrado. Cada estudiante debe estar adscrito a alg\u00fan programa acad\u00e9mico de una universidad perteneciente a uno de los Nodos CoSIAM.<\/p><p>Es deseable que los equipos est\u00e9n conformados por estudiantes de distintas programas acad\u00e9micos, con fin de potenciar el trabajo multidisciplinar en cada equipo.<\/p><p>El reto se desarrolla de forma presencial en una de las instituciones afiliadas a CoSIAM en donde las soluciones al problema propuestas por cada equipo deber\u00e1n ser enviadas a un repositorio virtual espec\u00edfico en un tiempo l\u00edmite de diez (10) horas. Posteriormente, las propuestas admitidas ser\u00e1n evaluadas por un jurado conformado por expertos acad\u00e9micos y profesionales del pa\u00eds quienes elegir\u00e1n el equipo ganador del concurso.<\/p>\t\t\t\t\t\t\t\t<\/div>\n\t\t\t\t<\/div>\n\t\t\t\t<div class=\"elementor-element elementor-element-2ebe099d elementor-widget elementor-widget-podover_elementor_heading\" data-id=\"2ebe099d\" data-element_type=\"widget\" data-e-type=\"widget\" data-widget_type=\"podover_elementor_heading.default\">\n\t\t\t\t<div class=\"elementor-widget-container\">\n\t\t\t\t\t\t\t<div class=\"ova-title\">\n\n\t\t\t\n\t\t\t\t\t\t\t\t\t\t\t\t\t<h2 class=\"title\">\n\t\t\t\t\t\t\tPremiaci\u00f3n del MMC CoSIAM\t\t\t\t\t\t<\/h2>\n\n\t\t\t\t\t\t\t\n\t\t\t\n\t\t<\/div> \n\t\t\t\t\t\t<\/div>\n\t\t\t\t<\/div>\n\t\t\t\t<div class=\"elementor-element elementor-element-75392c05 elementor-widget elementor-widget-text-editor\" data-id=\"75392c05\" data-element_type=\"widget\" data-e-type=\"widget\" data-widget_type=\"text-editor.default\">\n\t\t\t\t<div class=\"elementor-widget-container\">\n\t\t\t\t\t\t\t\t\t<p>Tras la decisi\u00f3n del jurado evaluador, los ganadores del MMC CoSIAM ser\u00e1n anunciados oficialmente con publicaci\u00f3n en la p\u00e1gina web de CoSIAM. Estos recibir\u00e1n el correspondiente certificado individual y los siguientes premios:<\/p><ul><li>Primer puesto: COP <span style=\"text-decoration: underline;\">$2.000.000<\/span>.<\/li><li>Segundo puesto: COP <span style=\"text-decoration: underline;\">$1.000.000<\/span> y afiliaci\u00f3n de los miembros del equipo a SIAM.<\/li><li>Tercer puesto: COP <span style=\"text-decoration: underline;\">$500.000<\/span>.<\/li><\/ul>\t\t\t\t\t\t\t\t<\/div>\n\t\t\t\t<\/div>\n\t\t\t\t\t<\/div>\n\t\t<\/div>\n\t\t\t\t<div class=\"elementor-column elementor-col-50 elementor-top-column elementor-element elementor-element-2e5dabb9\" data-id=\"2e5dabb9\" data-element_type=\"column\" data-e-type=\"column\">\n\t\t\t<div class=\"elementor-widget-wrap elementor-element-populated\">\n\t\t\t\t\t\t<div class=\"elementor-element elementor-element-51f3ddd4 elementor-widget elementor-widget-image\" data-id=\"51f3ddd4\" data-element_type=\"widget\" data-e-type=\"widget\" data-widget_type=\"image.default\">\n\t\t\t\t<div class=\"elementor-widget-container\">\n\t\t\t\t\t\t\t\t\t\t\t\t\t\t\t<img decoding=\"async\" width=\"570\" height=\"640\" src=\"https:\/\/cosiam.net\/wp-content\/uploads\/2023\/09\/IMAGE-BGmathchallenge.jpg\" class=\"attachment-large size-large wp-image-4169\" alt=\"\" srcset=\"https:\/\/cosiam.net\/wp-content\/uploads\/2023\/09\/IMAGE-BGmathchallenge.jpg 570w, https:\/\/cosiam.net\/wp-content\/uploads\/2023\/09\/IMAGE-BGmathchallenge-267x300.jpg 267w\" sizes=\"(max-width: 570px) 100vw, 570px\" \/>\t\t\t\t\t\t\t\t\t\t\t\t\t\t\t<\/div>\n\t\t\t\t<\/div>\n\t\t\t\t\t<\/div>\n\t\t<\/div>\n\t\t\t\t\t<\/div>\n\t\t<\/section>\n\t\t\t\t<section class=\"elementor-section elementor-top-section elementor-element elementor-element-677ccfac elementor-section-boxed elementor-section-height-default elementor-section-height-default\" data-id=\"677ccfac\" data-element_type=\"section\" data-e-type=\"section\" data-settings=\"{&quot;background_background&quot;:&quot;classic&quot;}\">\n\t\t\t\t\t\t<div class=\"elementor-container elementor-column-gap-default\">\n\t\t\t\t\t<div class=\"elementor-column elementor-col-100 elementor-top-column elementor-element elementor-element-19c21fa7\" data-id=\"19c21fa7\" data-element_type=\"column\" data-e-type=\"column\">\n\t\t\t<div class=\"elementor-widget-wrap elementor-element-populated\">\n\t\t\t\t\t\t<div class=\"elementor-element elementor-element-fab4b55 elementor-widget elementor-widget-podover_elementor_heading\" data-id=\"fab4b55\" data-element_type=\"widget\" data-e-type=\"widget\" data-widget_type=\"podover_elementor_heading.default\">\n\t\t\t\t<div class=\"elementor-widget-container\">\n\t\t\t\t\t\t\t<div class=\"ova-title\">\n\n\t\t\t\n\t\t\t\t\t\t\t\t\t\t\t\t\t<h2 class=\"title\">\n\t\t\t\t\t\t\tOtros Links\t\t\t\t\t\t<\/h2>\n\n\t\t\t\t\t\t\t\n\t\t\t\n\t\t<\/div> \n\t\t\t\t\t\t<\/div>\n\t\t\t\t<\/div>\n\t\t\t\t<div class=\"elementor-element elementor-element-713bb56d elementor-icon-list--layout-traditional elementor-list-item-link-full_width elementor-widget elementor-widget-icon-list\" data-id=\"713bb56d\" data-element_type=\"widget\" data-e-type=\"widget\" data-widget_type=\"icon-list.default\">\n\t\t\t\t<div class=\"elementor-widget-container\">\n\t\t\t\t\t\t\t<ul class=\"elementor-icon-list-items\">\n\t\t\t\t\t\t\t<li class=\"elementor-icon-list-item\">\n\t\t\t\t\t\t\t\t\t\t\t<a href=\"https:\/\/cosiam.net\/wp-content\/uploads\/2024\/09\/Reglamento-del-Math-Modeling-Challenge-CoSIAM-2024.pdf\" target=\"_blank\">\n\n\t\t\t\t\t\t\t\t\t\t\t\t<span class=\"elementor-icon-list-icon\">\n\t\t\t\t\t\t\t<i aria-hidden=\"true\" class=\"fas fa-check-circle\"><\/i>\t\t\t\t\t\t<\/span>\n\t\t\t\t\t\t\t\t\t\t<span class=\"elementor-icon-list-text\">Reglamento del MMC CoSIAM<\/span>\n\t\t\t\t\t\t\t\t\t\t\t<\/a>\n\t\t\t\t\t\t\t\t\t<\/li>\n\t\t\t\t\t\t\t\t<li class=\"elementor-icon-list-item\">\n\t\t\t\t\t\t\t\t\t\t\t<a href=\"https:\/\/cosiam.net\/wp-content\/uploads\/2024\/09\/Rubrica.pdf\" target=\"_blank\">\n\n\t\t\t\t\t\t\t\t\t\t\t\t<span class=\"elementor-icon-list-icon\">\n\t\t\t\t\t\t\t<i aria-hidden=\"true\" class=\"fas fa-check-circle\"><\/i>\t\t\t\t\t\t<\/span>\n\t\t\t\t\t\t\t\t\t\t<span class=\"elementor-icon-list-text\">R\u00fabrica del MMC CoSIAM<\/span>\n\t\t\t\t\t\t\t\t\t\t\t<\/a>\n\t\t\t\t\t\t\t\t\t<\/li>\n\t\t\t\t\t\t<\/ul>\n\t\t\t\t\t\t<\/div>\n\t\t\t\t<\/div>\n\t\t\t\t\t<\/div>\n\t\t<\/div>\n\t\t\t\t\t<\/div>\n\t\t<\/section>\n\t\t\t\t<\/div>\n\t\t","protected":false},"excerpt":{"rendered":"<p>MMC CoSIAM 2024 PLANIFICACI\u00d3N URBANA 25 Octubre: 8am &#8211; 6pm. Reto\u00a0 26 Octubre: 8am &#8211; 12pm . Revisi\u00f3n de jurados Lugar: Museo del Chic\u00f3, Bogot\u00e1 (Colombia) Modalidad: Presencial \u00a1 Acepta y gana el reto ! Formulario de inscripci\u00f3n al MMC CoSIAM 2024 El Math Modeling Challenge CoSIAM (MMC CoSIAM 2024) es un concurso de modelamiento [&hellip;]<\/p>\n","protected":false},"author":1,"featured_media":0,"parent":0,"menu_order":0,"comment_status":"closed","ping_status":"closed","template":"elementor_header_footer","meta":{"give_campaign_id":0,"footnotes":""},"class_list":["post-5286","page","type-page","status-publish","hentry"],"campaignId":"","_links":{"self":[{"href":"https:\/\/cosiam.net\/index.php\/wp-json\/wp\/v2\/pages\/5286","targetHints":{"allow":["GET"]}}],"collection":[{"href":"https:\/\/cosiam.net\/index.php\/wp-json\/wp\/v2\/pages"}],"about":[{"href":"https:\/\/cosiam.net\/index.php\/wp-json\/wp\/v2\/types\/page"}],"author":[{"embeddable":true,"href":"https:\/\/cosiam.net\/index.php\/wp-json\/wp\/v2\/users\/1"}],"replies":[{"embeddable":true,"href":"https:\/\/cosiam.net\/index.php\/wp-json\/wp\/v2\/comments?post=5286"}],"version-history":[{"count":43,"href":"https:\/\/cosiam.net\/index.php\/wp-json\/wp\/v2\/pages\/5286\/revisions"}],"predecessor-version":[{"id":5348,"href":"https:\/\/cosiam.net\/index.php\/wp-json\/wp\/v2\/pages\/5286\/revisions\/5348"}],"wp:attachment":[{"href":"https:\/\/cosiam.net\/index.php\/wp-json\/wp\/v2\/media?parent=5286"}],"curies":[{"name":"wp","href":"https:\/\/api.w.org\/{rel}","templated":true}]}}