{"id":5384,"date":"2025-04-21T13:26:35","date_gmt":"2025-04-21T18:26:35","guid":{"rendered":"https:\/\/cosiam.net\/?page_id=5384"},"modified":"2025-05-14T14:36:05","modified_gmt":"2025-05-14T19:36:05","slug":"workshop-and-international-seminar-on-complexity-sciences-2025","status":"publish","type":"page","link":"https:\/\/cosiam.net\/index.php\/workshop-and-international-seminar-on-complexity-sciences-2025\/","title":{"rendered":"Workshop and International Seminar on Complexity Sciences 2025"},"content":{"rendered":"\t\t<div data-elementor-type=\"wp-page\" data-elementor-id=\"5384\" class=\"elementor elementor-5384\">\n\t\t\t\t\t\t<section class=\"elementor-section elementor-top-section elementor-element elementor-element-61f1665c elementor-section-boxed elementor-section-height-default elementor-section-height-default\" data-id=\"61f1665c\" data-element_type=\"section\" data-e-type=\"section\" data-settings=\"{&quot;background_background&quot;:&quot;classic&quot;}\">\n\t\t\t\t\t\t\t<div class=\"elementor-background-overlay\"><\/div>\n\t\t\t\t\t\t\t<div class=\"elementor-container elementor-column-gap-default\">\n\t\t\t\t\t<div class=\"elementor-column elementor-col-50 elementor-top-column elementor-element elementor-element-26765bf elementor-hidden-tablet elementor-hidden-mobile\" data-id=\"26765bf\" data-element_type=\"column\" data-e-type=\"column\">\n\t\t\t<div class=\"elementor-widget-wrap elementor-element-populated\">\n\t\t\t\t\t\t<div class=\"elementor-element elementor-element-5175e124 elementor-widget elementor-widget-image\" data-id=\"5175e124\" data-element_type=\"widget\" data-e-type=\"widget\" data-widget_type=\"image.default\">\n\t\t\t\t<div class=\"elementor-widget-container\">\n\t\t\t\t\t\t\t\t\t\t\t\t\t\t\t<img fetchpriority=\"high\" decoding=\"async\" width=\"235\" height=\"226\" src=\"https:\/\/cosiam.net\/wp-content\/uploads\/2025\/04\/logoWISCS25.png\" class=\"attachment-large size-large wp-image-5396\" alt=\"\" \/>\t\t\t\t\t\t\t\t\t\t\t\t\t\t\t<\/div>\n\t\t\t\t<\/div>\n\t\t\t\t\t<\/div>\n\t\t<\/div>\n\t\t\t\t<div class=\"elementor-column elementor-col-50 elementor-top-column elementor-element elementor-element-77a3923d\" data-id=\"77a3923d\" data-element_type=\"column\" data-e-type=\"column\">\n\t\t\t<div class=\"elementor-widget-wrap elementor-element-populated\">\n\t\t\t\t\t\t<div class=\"elementor-element elementor-element-57452067 elementor-widget__width-auto animated-slow elementor-invisible elementor-widget elementor-widget-heading\" data-id=\"57452067\" data-element_type=\"widget\" data-e-type=\"widget\" data-settings=\"{&quot;_animation&quot;:&quot;fadeInLeft&quot;,&quot;_animation_tablet&quot;:&quot;none&quot;}\" data-widget_type=\"heading.default\">\n\t\t\t\t<div class=\"elementor-widget-container\">\n\t\t\t\t\t<h2 class=\"elementor-heading-title elementor-size-default\">Workshop and International Seminar on Complexity Sciences<\/h2>\t\t\t\t<\/div>\n\t\t\t\t<\/div>\n\t\t\t\t<div class=\"elementor-element elementor-element-277666c2 animated-slow elementor-invisible elementor-widget elementor-widget-podover_elementor_heading\" data-id=\"277666c2\" data-element_type=\"widget\" data-e-type=\"widget\" data-settings=\"{&quot;_animation&quot;:&quot;ova-move-up&quot;,&quot;_animation_tablet&quot;:&quot;none&quot;,&quot;_animation_delay&quot;:100}\" data-widget_type=\"podover_elementor_heading.default\">\n\t\t\t\t<div class=\"elementor-widget-container\">\n\t\t\t\t\t\t\t<div class=\"ova-title\">\n\n\t\t\t\n\t\t\t\t\t\t\t\t\t\t\t\t\t<h2 class=\"title\">\n\t\t\t\t\t\t\t2025\t\t\t\t\t\t<\/h2>\n\n\t\t\t\t\t\t\t\n\t\t\t\t\t\t\t<p class=\"description\"> Universidad de Antioquia, Santa Fe de Antioquia \/ \nModalidad: Presencial  \/ Fechas pendientes  <\/p>\n\t\t\t\n\t\t<\/div> \n\t\t\t\t\t\t<\/div>\n\t\t\t\t<\/div>\n\t\t\t\t\t<\/div>\n\t\t<\/div>\n\t\t\t\t\t<\/div>\n\t\t<\/section>\n\t\t\t\t<section class=\"elementor-section elementor-top-section elementor-element elementor-element-78fb10c4 elementor-section-boxed elementor-section-height-default elementor-section-height-default\" data-id=\"78fb10c4\" data-element_type=\"section\" data-e-type=\"section\">\n\t\t\t\t\t\t<div class=\"elementor-container elementor-column-gap-default\">\n\t\t\t\t\t<div class=\"elementor-column elementor-col-50 elementor-top-column elementor-element elementor-element-548ae957\" data-id=\"548ae957\" data-element_type=\"column\" data-e-type=\"column\">\n\t\t\t<div class=\"elementor-widget-wrap elementor-element-populated\">\n\t\t\t\t\t\t<div class=\"elementor-element elementor-element-7cacc42f elementor-widget elementor-widget-podover_elementor_heading\" data-id=\"7cacc42f\" data-element_type=\"widget\" data-e-type=\"widget\" data-widget_type=\"podover_elementor_heading.default\">\n\t\t\t\t<div class=\"elementor-widget-container\">\n\t\t\t\t\t\t\t<div class=\"ova-title\">\n\n\t\t\t\n\t\t\t\t\t\t\t\t\t\t\t\t\t<h2 class=\"title\">\n\t\t\t\t\t\t\tUniversidades auspiciadoras: \t\t\t\t\t\t<\/h2>\n\n\t\t\t\t\t\t\t\n\t\t\t\n\t\t<\/div> \n\t\t\t\t\t\t<\/div>\n\t\t\t\t<\/div>\n\t\t\t\t<div class=\"elementor-element elementor-element-760f3cf9 elementor-widget elementor-widget-image\" data-id=\"760f3cf9\" data-element_type=\"widget\" data-e-type=\"widget\" data-widget_type=\"image.default\">\n\t\t\t\t<div class=\"elementor-widget-container\">\n\t\t\t\t\t\t\t\t\t\t\t\t\t\t\t<img decoding=\"async\" width=\"775\" height=\"517\" src=\"https:\/\/cosiam.net\/wp-content\/uploads\/2025\/04\/postWISCS25.jpg\" class=\"attachment-large size-large wp-image-5398\" alt=\"\" srcset=\"https:\/\/cosiam.net\/wp-content\/uploads\/2025\/04\/postWISCS25.jpg 775w, https:\/\/cosiam.net\/wp-content\/uploads\/2025\/04\/postWISCS25-300x200.jpg 300w, https:\/\/cosiam.net\/wp-content\/uploads\/2025\/04\/postWISCS25-768x512.jpg 768w\" sizes=\"(max-width: 775px) 100vw, 775px\" \/>\t\t\t\t\t\t\t\t\t\t\t\t\t\t\t<\/div>\n\t\t\t\t<\/div>\n\t\t\t\t\t<\/div>\n\t\t<\/div>\n\t\t\t\t<div class=\"elementor-column elementor-col-50 elementor-top-column elementor-element elementor-element-1bed1c58\" data-id=\"1bed1c58\" data-element_type=\"column\" data-e-type=\"column\">\n\t\t\t<div class=\"elementor-widget-wrap elementor-element-populated\">\n\t\t\t\t\t\t<div class=\"elementor-element elementor-element-3c4ab938 elementor-widget elementor-widget-text-editor\" data-id=\"3c4ab938\" data-element_type=\"widget\" data-e-type=\"widget\" data-widget_type=\"text-editor.default\">\n\t\t\t\t<div class=\"elementor-widget-container\">\n\t\t\t\t\t\t\t\t\t<p><strong>El Workshop and International Seminar on Complexity Sciences<\/strong> (WISCS CoSIAM) es un evento acad\u00e9mico especializado, multi-institucional e interdisciplinar, orientado al fortalecimiento de la investigaci\u00f3n en Colombia desde la matem\u00e1tica aplicada. En este espacio, investigadores de alto nivel reciben retroalimentaci\u00f3n especializada sobre sus trabajos, en un entorno que promueve el an\u00e1lisis riguroso y el di\u00e1logo acad\u00e9mico.<\/p><p>En su edici\u00f3n 2025, el WISCS CoSIAM enfoca su atenci\u00f3n en la Din\u00e1mica de Sistemas, una l\u00ednea de investigaci\u00f3n donde las matem\u00e1ticas permiten explorar fen\u00f3menos complejos con aplicaciones emergentes en m\u00faltiples dominios. La motivaci\u00f3n principal es reunir a los principales investigadores, expertos y consultores del pa\u00eds en esta disciplina, para fortalecer una comunidad cient\u00edfica que ha ganado reconocimiento tanto en el \u00e1mbito acad\u00e9mico como en el sector productivo nacional e internacional.<\/p><p>Este seminario, al que solo se accede mediante invitaci\u00f3n directa, convoca a investigadores colombianos activos en esta l\u00ednea, para exponer y debatir sus avances, discutir los alcances y limitaciones de sus aproximaciones, promover la colaboraci\u00f3n cient\u00edfica y apoyar tanto las implementaciones en curso como aquellas que est\u00e1n en fase de dise\u00f1o.<\/p><p>M\u00e1s all\u00e1 de su dimensi\u00f3n acad\u00e9mica, este seminario tambi\u00e9n busca aportar elementos sustantivos para la formulaci\u00f3n de pol\u00edticas p\u00fablicas y la toma de decisiones estrat\u00e9gicas basadas en evidencia cient\u00edfica en Colombia.<\/p>\t\t\t\t\t\t\t\t<\/div>\n\t\t\t\t<\/div>\n\t\t\t\t\t<\/div>\n\t\t<\/div>\n\t\t\t\t\t<\/div>\n\t\t<\/section>\n\t\t\t\t<\/div>\n\t\t","protected":false},"excerpt":{"rendered":"<p>Workshop and International Seminar on Complexity Sciences 2025 Universidad de Antioquia, Santa Fe de Antioquia \/ Modalidad: Presencial \/ Fechas pendientes Universidades auspiciadoras: El Workshop and International Seminar on Complexity Sciences (WISCS CoSIAM) es un evento acad\u00e9mico especializado, multi-institucional e interdisciplinar, orientado al fortalecimiento de la investigaci\u00f3n en Colombia desde la matem\u00e1tica aplicada. En este [&hellip;]<\/p>\n","protected":false},"author":1,"featured_media":0,"parent":0,"menu_order":0,"comment_status":"closed","ping_status":"closed","template":"elementor_header_footer","meta":{"give_campaign_id":0,"footnotes":""},"class_list":["post-5384","page","type-page","status-publish","hentry"],"campaignId":"","_links":{"self":[{"href":"https:\/\/cosiam.net\/index.php\/wp-json\/wp\/v2\/pages\/5384","targetHints":{"allow":["GET"]}}],"collection":[{"href":"https:\/\/cosiam.net\/index.php\/wp-json\/wp\/v2\/pages"}],"about":[{"href":"https:\/\/cosiam.net\/index.php\/wp-json\/wp\/v2\/types\/page"}],"author":[{"embeddable":true,"href":"https:\/\/cosiam.net\/index.php\/wp-json\/wp\/v2\/users\/1"}],"replies":[{"embeddable":true,"href":"https:\/\/cosiam.net\/index.php\/wp-json\/wp\/v2\/comments?post=5384"}],"version-history":[{"count":23,"href":"https:\/\/cosiam.net\/index.php\/wp-json\/wp\/v2\/pages\/5384\/revisions"}],"predecessor-version":[{"id":5483,"href":"https:\/\/cosiam.net\/index.php\/wp-json\/wp\/v2\/pages\/5384\/revisions\/5483"}],"wp:attachment":[{"href":"https:\/\/cosiam.net\/index.php\/wp-json\/wp\/v2\/media?parent=5384"}],"curies":[{"name":"wp","href":"https:\/\/api.w.org\/{rel}","templated":true}]}}